{"id":113,"date":"2023-08-22T10:07:51","date_gmt":"2023-08-22T10:07:51","guid":{"rendered":"https:\/\/shop.trikatex.fi\/?page_id=113"},"modified":"2023-12-21T10:25:12","modified_gmt":"2023-12-21T10:25:12","slug":"valiseinat-mellanvaggar","status":"publish","type":"page","link":"https:\/\/shop.trikatex.fi\/sv\/valiseinat-mellanvaggar\/","title":{"rendered":"V\u00e4lisein\u00e4t &#8211; Mellanv\u00e4ggar"},"content":{"rendered":"<div class=\"fusion-fullwidth fullwidth-box fusion-builder-row-1 fusion-flex-container has-pattern-background has-mask-background nonhundred-percent-fullwidth non-hundred-percent-height-scrolling\" style=\"--awb-border-radius-top-left:0px;--awb-border-radius-top-right:0px;--awb-border-radius-bottom-right:0px;--awb-border-radius-bottom-left:0px;--awb-flex-wrap:wrap;\" ><div class=\"fusion-builder-row fusion-row fusion-flex-align-items-flex-start fusion-flex-content-wrap\" style=\"max-width:1248px;margin-left: calc(-4% \/ 2 );margin-right: calc(-4% \/ 2 );\"><div class=\"fusion-layout-column fusion_builder_column fusion-builder-column-0 fusion_builder_column_1_1 1_1 fusion-flex-column\" style=\"--awb-bg-size:cover;--awb-width-large:100%;--awb-margin-top-large:0px;--awb-spacing-right-large:1.92%;--awb-margin-bottom-large:20px;--awb-spacing-left-large:1.92%;--awb-width-medium:100%;--awb-order-medium:0;--awb-spacing-right-medium:1.92%;--awb-spacing-left-medium:1.92%;--awb-width-small:100%;--awb-order-small:0;--awb-spacing-right-small:1.92%;--awb-spacing-left-small:1.92%;\"><div class=\"fusion-column-wrapper fusion-column-has-shadow fusion-flex-justify-content-flex-start fusion-content-layout-column\"><div class=\"fusion-woo-product-grid fusion-product-archive fusion-woo-product-grid-1\"><ul class=\"products products-3\"><li class=\"product type-product post-1846 status-publish first instock product_cat-valiseinat has-post-thumbnail taxable shipping-taxable purchasable product-type-simple product-grid-view\">\n\t<div class=\"fusion-product-wrapper\">\n<a href=\"https:\/\/shop.trikatex.fi\/sv\/product\/100898-termovaliseina\/\" class=\"product-images\" aria-label=\"100898 Thermo mellanv\u00e4gg\">\n\n<div class=\"featured-image\">\n\t\t<img decoding=\"async\" width=\"500\" height=\"500\" src=\"https:\/\/shop.trikatex.fi\/wp-content\/uploads\/2024\/01\/valiseina.png\" class=\"attachment-woocommerce_thumbnail size-woocommerce_thumbnail wp-post-image\" alt=\"\" srcset=\"https:\/\/shop.trikatex.fi\/wp-content\/uploads\/2024\/01\/valiseina-12x12.png 12w, https:\/\/shop.trikatex.fi\/wp-content\/uploads\/2024\/01\/valiseina-66x66.png 66w, https:\/\/shop.trikatex.fi\/wp-content\/uploads\/2024\/01\/valiseina-150x150.png 150w, https:\/\/shop.trikatex.fi\/wp-content\/uploads\/2024\/01\/valiseina-200x200.png 200w, https:\/\/shop.trikatex.fi\/wp-content\/uploads\/2024\/01\/valiseina-300x300.png 300w, https:\/\/shop.trikatex.fi\/wp-content\/uploads\/2024\/01\/valiseina-400x400.png 400w, https:\/\/shop.trikatex.fi\/wp-content\/uploads\/2024\/01\/valiseina.png 500w\" sizes=\"(max-width: 500px) 100vw, 500px\" \/>\n\t\t\t\t\t\t<div class=\"cart-loading\"><i class=\"awb-icon-spinner\" aria-hidden=\"true\"><\/i><\/div>\n\t\t\t<\/div>\n<\/a>\n<div class=\"fusion-product-content\">\n\t<div class=\"product-details\">\n\t\t<div class=\"product-details-container\">\n<h3 class=\"product-title\">\n\t<a href=\"https:\/\/shop.trikatex.fi\/sv\/product\/100898-termovaliseina\/\">\n\t\t100898 Thermo mellanv\u00e4gg\t<\/a>\n<\/h3>\n<div class=\"fusion-price-rating\">\n\n\t<span class=\"price\"><span class=\"woocommerce-Price-amount amount\"><bdi>930.00&nbsp;<span class=\"woocommerce-Price-currencySymbol\">&euro;<\/span><\/bdi><\/span><\/span>\n\t\t<\/div>\n\t<\/div>\n<\/div>\n\n\n\t<div class=\"product-buttons\">\n\t\t<div class=\"fusion-content-sep sep-double sep-solid\"><\/div>\n\t\t<div class=\"product-buttons-container clearfix\">\n<a href=\"\/sv\/wp-json\/wp\/v2\/pages\/113?add-to-cart=1846\"  data-quantity=\"1\" class=\"button product_type_simple add_to_cart_button ajax_add_to_cart\" data-product_id=\"1846\" data-product_sku=\"\" aria-label=\"L\u00e4gg till i varukorgen: \u201d100898 Termo v\u00e4lisein\u00e4\u201d\" rel=\"nofollow\" data-no-translation=\"\" data-trp-gettext=\"\" data-no-translation-aria-label=\"\">L\u00e4gg till i varukorg<\/a>\n<a href=\"https:\/\/shop.trikatex.fi\/sv\/product\/100898-termovaliseina\/\" class=\"show_details_button\">\n\tDetails<\/a>\n\n\n\t<\/div>\n\t<\/div>\n\n\t<\/div> <\/div>\n<\/li>\n<li class=\"product type-product post-1862 status-publish instock product_cat-valiseinat has-post-thumbnail taxable shipping-taxable purchasable product-type-simple product-grid-view\">\n\t<div class=\"fusion-product-wrapper\">\n<a href=\"https:\/\/shop.trikatex.fi\/sv\/product\/60078-kuormatuki\/\" class=\"product-images\" aria-label=\"60078 Lastst\u00f6d\">\n\n<div class=\"featured-image\">\n\t\t<img decoding=\"async\" width=\"500\" height=\"113\" src=\"https:\/\/shop.trikatex.fi\/wp-content\/uploads\/2024\/01\/60078_c-500x113.jpg\" class=\"attachment-woocommerce_thumbnail size-woocommerce_thumbnail wp-post-image\" alt=\"\" srcset=\"https:\/\/shop.trikatex.fi\/wp-content\/uploads\/2024\/01\/60078_c-18x4.jpg 18w, https:\/\/shop.trikatex.fi\/wp-content\/uploads\/2024\/01\/60078_c-200x45.jpg 200w, https:\/\/shop.trikatex.fi\/wp-content\/uploads\/2024\/01\/60078_c-300x68.jpg 300w, https:\/\/shop.trikatex.fi\/wp-content\/uploads\/2024\/01\/60078_c-400x90.jpg 400w, https:\/\/shop.trikatex.fi\/wp-content\/uploads\/2024\/01\/60078_c-500x113.jpg 500w, https:\/\/shop.trikatex.fi\/wp-content\/uploads\/2024\/01\/60078_c-600x135.jpg 600w, https:\/\/shop.trikatex.fi\/wp-content\/uploads\/2024\/01\/60078_c-700x158.jpg 700w, https:\/\/shop.trikatex.fi\/wp-content\/uploads\/2024\/01\/60078_c-768x173.jpg 768w, https:\/\/shop.trikatex.fi\/wp-content\/uploads\/2024\/01\/60078_c-800x180.jpg 800w, https:\/\/shop.trikatex.fi\/wp-content\/uploads\/2024\/01\/60078_c.jpg 936w\" sizes=\"(max-width: 500px) 100vw, 500px\" \/>\n\t\t\t\t\t\t<div class=\"cart-loading\"><i class=\"awb-icon-spinner\" aria-hidden=\"true\"><\/i><\/div>\n\t\t\t<\/div>\n<\/a>\n<div class=\"fusion-product-content\">\n\t<div class=\"product-details\">\n\t\t<div class=\"product-details-container\">\n<h3 class=\"product-title\">\n\t<a href=\"https:\/\/shop.trikatex.fi\/sv\/product\/60078-kuormatuki\/\">\n\t\t60078 Lastst\u00f6d\t<\/a>\n<\/h3>\n<div class=\"fusion-price-rating\">\n\n\t<span class=\"price\"><span class=\"woocommerce-Price-amount amount\"><bdi>315.91&nbsp;<span class=\"woocommerce-Price-currencySymbol\">&euro;<\/span><\/bdi><\/span><\/span>\n\t\t<\/div>\n\t<\/div>\n<\/div>\n\n\n\t<div class=\"product-buttons\">\n\t\t<div class=\"fusion-content-sep sep-double sep-solid\"><\/div>\n\t\t<div class=\"product-buttons-container clearfix\">\n<a href=\"\/sv\/wp-json\/wp\/v2\/pages\/113?add-to-cart=1862\"  data-quantity=\"1\" class=\"button product_type_simple add_to_cart_button ajax_add_to_cart\" data-product_id=\"1862\" data-product_sku=\"\" aria-label=\"L\u00e4gg till i varukorgen: \u201d60078 Kuormatuki\u201d\" rel=\"nofollow\" data-no-translation=\"\" data-trp-gettext=\"\" data-no-translation-aria-label=\"\">L\u00e4gg till i varukorg<\/a>\n<a href=\"https:\/\/shop.trikatex.fi\/sv\/product\/60078-kuormatuki\/\" class=\"show_details_button\">\n\tDetails<\/a>\n\n\n\t<\/div>\n\t<\/div>\n\n\t<\/div> <\/div>\n<\/li>\n<\/ul><div class=\"fusion-woo-product-grid-pagination fusion-clearfix\"><\/div><\/div><\/div><\/div><\/div><\/div>","protected":false},"excerpt":{"rendered":"","protected":false},"author":1,"featured_media":0,"parent":0,"menu_order":0,"comment_status":"closed","ping_status":"closed","template":"","meta":{"footnotes":""},"class_list":["post-113","page","type-page","status-publish","hentry"],"aioseo_notices":[],"_links":{"self":[{"href":"https:\/\/shop.trikatex.fi\/sv\/wp-json\/wp\/v2\/pages\/113","targetHints":{"allow":["GET"]}}],"collection":[{"href":"https:\/\/shop.trikatex.fi\/sv\/wp-json\/wp\/v2\/pages"}],"about":[{"href":"https:\/\/shop.trikatex.fi\/sv\/wp-json\/wp\/v2\/types\/page"}],"author":[{"embeddable":true,"href":"https:\/\/shop.trikatex.fi\/sv\/wp-json\/wp\/v2\/users\/1"}],"replies":[{"embeddable":true,"href":"https:\/\/shop.trikatex.fi\/sv\/wp-json\/wp\/v2\/comments?post=113"}],"version-history":[{"count":12,"href":"https:\/\/shop.trikatex.fi\/sv\/wp-json\/wp\/v2\/pages\/113\/revisions"}],"predecessor-version":[{"id":724,"href":"https:\/\/shop.trikatex.fi\/sv\/wp-json\/wp\/v2\/pages\/113\/revisions\/724"}],"wp:attachment":[{"href":"https:\/\/shop.trikatex.fi\/sv\/wp-json\/wp\/v2\/media?parent=113"}],"curies":[{"name":"wp","href":"https:\/\/api.w.org\/{rel}","templated":true}]}}