{"id":124,"date":"2023-08-22T10:19:23","date_gmt":"2023-08-22T10:19:23","guid":{"rendered":"https:\/\/shop.trikatex.fi\/?page_id=124"},"modified":"2026-04-10T05:17:10","modified_gmt":"2026-04-10T05:17:10","slug":"ovet-ja-verhot-dorrar-och-draperier","status":"publish","type":"page","link":"https:\/\/shop.trikatex.fi\/sv\/ovet-ja-verhot-dorrar-och-draperier\/","title":{"rendered":"Ovet ja verhot &#8211; D\u00f6rrar och Draperier"},"content":{"rendered":"<p><div class=\"fusion-fullwidth fullwidth-box fusion-builder-row-1 fusion-flex-container has-pattern-background has-mask-background nonhundred-percent-fullwidth non-hundred-percent-height-scrolling\" style=\"--awb-border-radius-top-left:0px;--awb-border-radius-top-right:0px;--awb-border-radius-bottom-right:0px;--awb-border-radius-bottom-left:0px;--awb-flex-wrap:wrap;\" ><div class=\"fusion-builder-row fusion-row fusion-flex-align-items-flex-start fusion-flex-content-wrap\" style=\"max-width:calc( 1200px + 10px );margin-left: calc(-10px \/ 2 );margin-right: calc(-10px \/ 2 );\"><div class=\"fusion-layout-column fusion_builder_column fusion-builder-column-0 fusion_builder_column_1_3 1_3 fusion-flex-column\" style=\"--awb-bg-size:cover;--awb-width-large:33.333333333333%;--awb-margin-top-large:0px;--awb-spacing-right-large:5px;--awb-margin-bottom-large:20px;--awb-spacing-left-large:5px;--awb-width-medium:33.333333333333%;--awb-order-medium:0;--awb-spacing-right-medium:5px;--awb-spacing-left-medium:5px;--awb-width-small:100%;--awb-order-small:0;--awb-spacing-right-small:5px;--awb-spacing-left-small:5px;\"><div class=\"fusion-column-wrapper fusion-column-has-shadow fusion-flex-justify-content-flex-start fusion-content-layout-column\"><div class=\"fusion-image-carousel fusion-image-carousel-auto fusion-image-carousel-1\"><div class=\"awb-carousel awb-swiper awb-swiper-carousel\" data-autoplay=\"no\" data-columns=\"1\" data-itemmargin=\"10\" data-itemwidth=\"180\" data-touchscroll=\"no\" data-imagesize=\"auto\" style=\"--awb-columns:1;--awb-column-spacing:10px;--awb-caption-title-color:#ffffff;--awb-caption-title-transform:var(--awb-typography1-text-transform);--awb-caption-title-line-height:32px;--awb-caption-title-letter-spacing:0px;--awb-caption-text-color:#ffffff;--awb-caption-text-size:15px;--awb-caption-text-transform:var(--awb-typography2-text-transform);--awb-caption-text-line-height:18px;--awb-caption-text-letter-spacing:0px;--awb-caption-border-color:#ffffff;--awb-caption-overlay-color:#141617;--awb-caption-title-font-family:&quot;Inter&quot;;--awb-caption-title-font-style:normal;--awb-caption-title-font-weight:600;--awb-caption-text-font-family:&quot;Almarai&quot;;--awb-caption-text-font-style:normal;--awb-caption-text-font-weight:400;\"><div class=\"swiper-wrapper awb-image-carousel-wrapper fusion-flex-align-items-flex-start\"><div class=\"swiper-slide\"><div class=\"fusion-carousel-item-wrapper\"><div class=\"fusion-image-wrapper awb-imageframe-style awb-imageframe-style-dario\"><a href=\"\/sv\/shop\/sisiaverhot-innerdraperier\/\" target=\"_self\"><img decoding=\"async\" width=\"500\" height=\"500\" src=\"https:\/\/shop.trikatex.fi\/wp-content\/uploads\/2024\/01\/innerdraperier-2.jpg\" class=\"attachment-full size-full\" alt=\"\" srcset=\"https:\/\/shop.trikatex.fi\/wp-content\/uploads\/2024\/01\/innerdraperier-2-12x12.jpg 12w, https:\/\/shop.trikatex.fi\/wp-content\/uploads\/2024\/01\/innerdraperier-2-66x66.jpg 66w, https:\/\/shop.trikatex.fi\/wp-content\/uploads\/2024\/01\/innerdraperier-2-150x150.jpg 150w, https:\/\/shop.trikatex.fi\/wp-content\/uploads\/2024\/01\/innerdraperier-2-200x200.jpg 200w, https:\/\/shop.trikatex.fi\/wp-content\/uploads\/2024\/01\/innerdraperier-2-300x300.jpg 300w, https:\/\/shop.trikatex.fi\/wp-content\/uploads\/2024\/01\/innerdraperier-2-400x400.jpg 400w, https:\/\/shop.trikatex.fi\/wp-content\/uploads\/2024\/01\/innerdraperier-2.jpg 500w\" sizes=\"(max-width: 500px) 100vw, 500px\" \/><div class=\"awb-imageframe-caption-container\"><div class=\"awb-imageframe-caption\"><div class=\"awb-imageframe-caption-title\">Innerdraperier<\/div><\/div><\/div><\/a><\/div><\/div><\/div><\/div><\/div><\/div><\/div><\/div><div class=\"fusion-layout-column fusion_builder_column fusion-builder-column-1 fusion_builder_column_1_3 1_3 fusion-flex-column\" style=\"--awb-bg-size:cover;--awb-width-large:33.333333333333%;--awb-margin-top-large:0px;--awb-spacing-right-large:5px;--awb-margin-bottom-large:20px;--awb-spacing-left-large:5px;--awb-width-medium:33.333333333333%;--awb-order-medium:0;--awb-spacing-right-medium:5px;--awb-spacing-left-medium:5px;--awb-width-small:100%;--awb-order-small:0;--awb-spacing-right-small:5px;--awb-spacing-left-small:5px;\"><div class=\"fusion-column-wrapper fusion-column-has-shadow fusion-flex-justify-content-flex-start fusion-content-layout-column\"><div class=\"fusion-image-carousel fusion-image-carousel-auto fusion-image-carousel-2\"><div class=\"awb-carousel awb-swiper awb-swiper-carousel\" data-autoplay=\"no\" data-columns=\"1\" data-itemmargin=\"10\" data-itemwidth=\"180\" data-touchscroll=\"no\" data-imagesize=\"auto\" style=\"--awb-columns:1;--awb-column-spacing:10px;--awb-caption-title-color:#ffffff;--awb-caption-title-transform:var(--awb-typography1-text-transform);--awb-caption-title-line-height:32px;--awb-caption-title-letter-spacing:0px;--awb-caption-text-color:#ffffff;--awb-caption-text-size:15px;--awb-caption-text-transform:var(--awb-typography2-text-transform);--awb-caption-text-line-height:18px;--awb-caption-text-letter-spacing:0px;--awb-caption-border-color:#ffffff;--awb-caption-overlay-color:#141617;--awb-caption-title-font-family:&quot;Inter&quot;;--awb-caption-title-font-style:normal;--awb-caption-title-font-weight:600;--awb-caption-text-font-family:&quot;Almarai&quot;;--awb-caption-text-font-style:normal;--awb-caption-text-font-weight:400;\"><div class=\"swiper-wrapper awb-image-carousel-wrapper fusion-flex-align-items-flex-start\"><div class=\"swiper-slide\"><div class=\"fusion-carousel-item-wrapper\"><div class=\"fusion-image-wrapper awb-imageframe-style awb-imageframe-style-dario\"><a href=\"\/sv\/shop\/ulko-ovet-dorrar-till-utsidan\/\" target=\"_self\"><img decoding=\"async\" width=\"500\" height=\"500\" src=\"https:\/\/shop.trikatex.fi\/wp-content\/uploads\/2024\/01\/Ulko-ovet.jpg\" class=\"attachment-full size-full\" alt=\"\" srcset=\"https:\/\/shop.trikatex.fi\/wp-content\/uploads\/2024\/01\/Ulko-ovet-12x12.jpg 12w, https:\/\/shop.trikatex.fi\/wp-content\/uploads\/2024\/01\/Ulko-ovet-66x66.jpg 66w, https:\/\/shop.trikatex.fi\/wp-content\/uploads\/2024\/01\/Ulko-ovet-150x150.jpg 150w, https:\/\/shop.trikatex.fi\/wp-content\/uploads\/2024\/01\/Ulko-ovet-200x200.jpg 200w, https:\/\/shop.trikatex.fi\/wp-content\/uploads\/2024\/01\/Ulko-ovet-300x300.jpg 300w, https:\/\/shop.trikatex.fi\/wp-content\/uploads\/2024\/01\/Ulko-ovet-400x400.jpg 400w, https:\/\/shop.trikatex.fi\/wp-content\/uploads\/2024\/01\/Ulko-ovet.jpg 500w\" sizes=\"(max-width: 500px) 100vw, 500px\" \/><div class=\"awb-imageframe-caption-container\"><div class=\"awb-imageframe-caption\"><div class=\"awb-imageframe-caption-title\">D\u00f6rrar till utsidan<\/div><\/div><\/div><\/a><\/div><\/div><\/div><\/div><\/div><\/div><\/div><\/div><div class=\"fusion-layout-column fusion_builder_column fusion-builder-column-2 fusion_builder_column_1_3 1_3 fusion-flex-column\" style=\"--awb-bg-size:cover;--awb-width-large:33.333333333333%;--awb-margin-top-large:0px;--awb-spacing-right-large:5px;--awb-margin-bottom-large:20px;--awb-spacing-left-large:5px;--awb-width-medium:33.333333333333%;--awb-order-medium:0;--awb-spacing-right-medium:5px;--awb-spacing-left-medium:5px;--awb-width-small:100%;--awb-order-small:0;--awb-spacing-right-small:5px;--awb-spacing-left-small:5px;\"><div class=\"fusion-column-wrapper fusion-column-has-shadow fusion-flex-justify-content-flex-start fusion-content-layout-column\"><div class=\"fusion-image-carousel fusion-image-carousel-auto fusion-image-carousel-3\"><div class=\"awb-carousel awb-swiper awb-swiper-carousel\" data-autoplay=\"no\" data-columns=\"1\" data-itemmargin=\"10\" data-itemwidth=\"180\" data-touchscroll=\"no\" data-imagesize=\"auto\" style=\"--awb-columns:1;--awb-column-spacing:10px;--awb-caption-title-color:#ffffff;--awb-caption-title-transform:var(--awb-typography1-text-transform);--awb-caption-title-line-height:32px;--awb-caption-title-letter-spacing:0px;--awb-caption-text-color:#ffffff;--awb-caption-text-size:15px;--awb-caption-text-transform:var(--awb-typography2-text-transform);--awb-caption-text-line-height:18px;--awb-caption-text-letter-spacing:0px;--awb-caption-border-color:#ffffff;--awb-caption-overlay-color:#141617;--awb-caption-title-font-family:&quot;Inter&quot;;--awb-caption-title-font-style:normal;--awb-caption-title-font-weight:600;--awb-caption-text-font-family:&quot;Almarai&quot;;--awb-caption-text-font-style:normal;--awb-caption-text-font-weight:400;\"><div class=\"swiper-wrapper awb-image-carousel-wrapper fusion-flex-align-items-flex-start\"><div class=\"swiper-slide\"><div class=\"fusion-carousel-item-wrapper\"><div class=\"fusion-image-wrapper awb-imageframe-style awb-imageframe-style-dario\"><a href=\"\/sv\/shop\/aanetristysverhot-ljudisoleringsdraperier-2\/\" target=\"_self\"><img decoding=\"async\" width=\"500\" height=\"500\" src=\"https:\/\/shop.trikatex.fi\/wp-content\/uploads\/2024\/01\/akustiikkalevy.jpg\" class=\"attachment-full size-full\" alt=\"\" srcset=\"https:\/\/shop.trikatex.fi\/wp-content\/uploads\/2024\/01\/akustiikkalevy-12x12.jpg 12w, https:\/\/shop.trikatex.fi\/wp-content\/uploads\/2024\/01\/akustiikkalevy-66x66.jpg 66w, https:\/\/shop.trikatex.fi\/wp-content\/uploads\/2024\/01\/akustiikkalevy-150x150.jpg 150w, https:\/\/shop.trikatex.fi\/wp-content\/uploads\/2024\/01\/akustiikkalevy-200x200.jpg 200w, https:\/\/shop.trikatex.fi\/wp-content\/uploads\/2024\/01\/akustiikkalevy-300x300.jpg 300w, https:\/\/shop.trikatex.fi\/wp-content\/uploads\/2024\/01\/akustiikkalevy-400x400.jpg 400w, https:\/\/shop.trikatex.fi\/wp-content\/uploads\/2024\/01\/akustiikkalevy.jpg 500w\" sizes=\"(max-width: 500px) 100vw, 500px\" \/><div class=\"awb-imageframe-caption-container\"><div class=\"awb-imageframe-caption\"><div class=\"awb-imageframe-caption-title\">Ljudisoleringsdraperier<\/div><\/div><\/div><\/a><\/div><\/div><\/div><\/div><\/div><\/div><\/div><\/div><div class=\"fusion-layout-column fusion_builder_column fusion-builder-column-3 fusion_builder_column_1_3 1_3 fusion-flex-column\" style=\"--awb-bg-size:cover;--awb-width-large:33.333333333333%;--awb-margin-top-large:0px;--awb-spacing-right-large:5px;--awb-margin-bottom-large:20px;--awb-spacing-left-large:5px;--awb-width-medium:33.333333333333%;--awb-order-medium:0;--awb-spacing-right-medium:5px;--awb-spacing-left-medium:5px;--awb-width-small:100%;--awb-order-small:0;--awb-spacing-right-small:5px;--awb-spacing-left-small:5px;\"><div class=\"fusion-column-wrapper fusion-column-has-shadow fusion-flex-justify-content-flex-start fusion-content-layout-column\"><div class=\"fusion-image-carousel fusion-image-carousel-auto fusion-image-carousel-4\"><div class=\"awb-carousel awb-swiper awb-swiper-carousel\" data-autoplay=\"no\" data-columns=\"1\" data-itemmargin=\"10\" data-itemwidth=\"180\" data-touchscroll=\"no\" data-imagesize=\"auto\" style=\"--awb-columns:1;--awb-column-spacing:10px;--awb-caption-title-color:#ffffff;--awb-caption-title-transform:var(--awb-typography1-text-transform);--awb-caption-title-line-height:32px;--awb-caption-title-letter-spacing:0px;--awb-caption-text-color:#ffffff;--awb-caption-text-size:15px;--awb-caption-text-transform:var(--awb-typography2-text-transform);--awb-caption-text-line-height:18px;--awb-caption-text-letter-spacing:0px;--awb-caption-border-color:#ffffff;--awb-caption-overlay-color:#141617;--awb-caption-title-font-family:&quot;Inter&quot;;--awb-caption-title-font-style:normal;--awb-caption-title-font-weight:600;--awb-caption-text-font-family:&quot;Almarai&quot;;--awb-caption-text-font-style:normal;--awb-caption-text-font-weight:400;\"><div class=\"swiper-wrapper awb-image-carousel-wrapper fusion-flex-align-items-flex-start\"><div class=\"swiper-slide\"><div class=\"fusion-carousel-item-wrapper\"><div class=\"fusion-image-wrapper awb-imageframe-style awb-imageframe-style-dario\"><a href=\"\/sv\/shop\/hitsausverhot-svetsdraperier-2\/\" target=\"_self\"><img decoding=\"async\" width=\"500\" height=\"500\" src=\"https:\/\/shop.trikatex.fi\/wp-content\/uploads\/2024\/01\/Hitsausverhot.jpg\" class=\"attachment-full size-full\" alt=\"\" srcset=\"https:\/\/shop.trikatex.fi\/wp-content\/uploads\/2024\/01\/Hitsausverhot-12x12.jpg 12w, https:\/\/shop.trikatex.fi\/wp-content\/uploads\/2024\/01\/Hitsausverhot-66x66.jpg 66w, https:\/\/shop.trikatex.fi\/wp-content\/uploads\/2024\/01\/Hitsausverhot-150x150.jpg 150w, https:\/\/shop.trikatex.fi\/wp-content\/uploads\/2024\/01\/Hitsausverhot-200x200.jpg 200w, https:\/\/shop.trikatex.fi\/wp-content\/uploads\/2024\/01\/Hitsausverhot-300x300.jpg 300w, https:\/\/shop.trikatex.fi\/wp-content\/uploads\/2024\/01\/Hitsausverhot-400x400.jpg 400w, https:\/\/shop.trikatex.fi\/wp-content\/uploads\/2024\/01\/Hitsausverhot.jpg 500w\" sizes=\"(max-width: 500px) 100vw, 500px\" \/><div class=\"awb-imageframe-caption-container\"><div class=\"awb-imageframe-caption\"><div class=\"awb-imageframe-caption-title\">Svetsdraperier<\/div><\/div><\/div><\/a><\/div><\/div><\/div><\/div><\/div><\/div><\/div><\/div><div class=\"fusion-layout-column fusion_builder_column fusion-builder-column-4 fusion_builder_column_1_3 1_3 fusion-flex-column\" style=\"--awb-bg-size:cover;--awb-width-large:33.333333333333%;--awb-margin-top-large:0px;--awb-spacing-right-large:5px;--awb-margin-bottom-large:20px;--awb-spacing-left-large:5px;--awb-width-medium:33.333333333333%;--awb-order-medium:0;--awb-spacing-right-medium:5px;--awb-spacing-left-medium:5px;--awb-width-small:100%;--awb-order-small:0;--awb-spacing-right-small:5px;--awb-spacing-left-small:5px;\"><div class=\"fusion-column-wrapper fusion-column-has-shadow fusion-flex-justify-content-flex-start fusion-content-layout-column\"><div class=\"fusion-image-carousel fusion-image-carousel-auto fusion-image-carousel-5\"><div class=\"awb-carousel awb-swiper awb-swiper-carousel\" data-autoplay=\"no\" data-columns=\"1\" data-itemmargin=\"10\" data-itemwidth=\"180\" data-touchscroll=\"no\" data-imagesize=\"auto\" style=\"--awb-columns:1;--awb-column-spacing:10px;--awb-caption-title-color:#ffffff;--awb-caption-title-transform:var(--awb-typography1-text-transform);--awb-caption-title-line-height:32px;--awb-caption-title-letter-spacing:0px;--awb-caption-text-color:#ffffff;--awb-caption-text-size:15px;--awb-caption-text-transform:var(--awb-typography2-text-transform);--awb-caption-text-line-height:18px;--awb-caption-text-letter-spacing:0px;--awb-caption-border-color:#ffffff;--awb-caption-overlay-color:#141617;--awb-caption-title-font-family:&quot;Inter&quot;;--awb-caption-title-font-style:normal;--awb-caption-title-font-weight:600;--awb-caption-text-font-family:&quot;Almarai&quot;;--awb-caption-text-font-style:normal;--awb-caption-text-font-weight:400;\"><div class=\"swiper-wrapper awb-image-carousel-wrapper fusion-flex-align-items-flex-start\"><div class=\"swiper-slide\"><div class=\"fusion-carousel-item-wrapper\"><div class=\"fusion-image-wrapper awb-imageframe-style awb-imageframe-style-dario\"><a href=\"\/sv\/shop\/ovi-ja-verhotarvikkeet-dorr-och-draperitillbehor\/\" target=\"_self\"><img decoding=\"async\" width=\"500\" height=\"500\" src=\"https:\/\/shop.trikatex.fi\/wp-content\/uploads\/2024\/01\/ovet-ja-verhot-tarvikkeet.jpg\" class=\"attachment-full size-full\" alt=\"\" srcset=\"https:\/\/shop.trikatex.fi\/wp-content\/uploads\/2024\/01\/ovet-ja-verhot-tarvikkeet-12x12.jpg 12w, https:\/\/shop.trikatex.fi\/wp-content\/uploads\/2024\/01\/ovet-ja-verhot-tarvikkeet-66x66.jpg 66w, https:\/\/shop.trikatex.fi\/wp-content\/uploads\/2024\/01\/ovet-ja-verhot-tarvikkeet-150x150.jpg 150w, https:\/\/shop.trikatex.fi\/wp-content\/uploads\/2024\/01\/ovet-ja-verhot-tarvikkeet-200x200.jpg 200w, https:\/\/shop.trikatex.fi\/wp-content\/uploads\/2024\/01\/ovet-ja-verhot-tarvikkeet-300x300.jpg 300w, https:\/\/shop.trikatex.fi\/wp-content\/uploads\/2024\/01\/ovet-ja-verhot-tarvikkeet-400x400.jpg 400w, https:\/\/shop.trikatex.fi\/wp-content\/uploads\/2024\/01\/ovet-ja-verhot-tarvikkeet.jpg 500w\" sizes=\"(max-width: 500px) 100vw, 500px\" \/><div class=\"awb-imageframe-caption-container\"><div class=\"awb-imageframe-caption\"><div class=\"awb-imageframe-caption-title\">D\u00f6rr &amp; draperitillbeh\u00f6r<\/div><\/div><\/div><\/a><\/div><\/div><\/div><\/div><\/div><\/div><\/div><\/div><\/div><\/div><div class=\"fusion-fullwidth fullwidth-box fusion-builder-row-2 fusion-flex-container has-pattern-background has-mask-background nonhundred-percent-fullwidth non-hundred-percent-height-scrolling\" style=\"--awb-border-radius-top-left:0px;--awb-border-radius-top-right:0px;--awb-border-radius-bottom-right:0px;--awb-border-radius-bottom-left:0px;--awb-flex-wrap:wrap;\" ><div class=\"fusion-builder-row fusion-row fusion-flex-align-items-flex-start fusion-flex-content-wrap\" style=\"max-width:1248px;margin-left: calc(-4% \/ 2 );margin-right: calc(-4% \/ 2 );\"><div class=\"fusion-layout-column fusion_builder_column fusion-builder-column-5 fusion_builder_column_1_2 1_2 fusion-flex-column\" style=\"--awb-bg-size:cover;--awb-width-large:50%;--awb-margin-top-large:0px;--awb-spacing-right-large:3.84%;--awb-margin-bottom-large:20px;--awb-spacing-left-large:3.84%;--awb-width-medium:50%;--awb-order-medium:0;--awb-spacing-right-medium:3.84%;--awb-spacing-left-medium:3.84%;--awb-width-small:100%;--awb-order-small:0;--awb-spacing-right-small:1.92%;--awb-spacing-left-small:1.92%;\"><div class=\"fusion-column-wrapper fusion-column-has-shadow fusion-flex-justify-content-flex-start fusion-content-layout-column\"><div class=\"fusion-text fusion-text-1\" style=\"--awb-content-alignment:left;\"><p style=\"text-align: left;\">Hos Trikatex hittar du m\u00e5ngsidiga innerdraperier i slitstark PVC-duk, som l\u00e4mpar sig v\u00e4l f\u00f6r tv\u00e4tthallar, lager och som skiljev\u00e4gg i industrihallar.d<\/p>\n<p style=\"text-align: left;\">Draperierna tillverkas i standard-PVC eller brandklassad FR-duk och kan \u00e4ven f\u00f6rses med f\u00f6nster i transparent PVC f\u00f6r b\u00e4ttre sikt i arbetsutrymmen.<\/p>\n<p style=\"text-align: left;\">De anv\u00e4nds bland annat som tv\u00e4tthallsdraperier, svetsdraperier och bl\u00e4sterdraperier, men ocks\u00e5 som lamelldraperier i kylrum eller lager. PVC-duken \u00e4r UV-skyddad, m\u00f6gelskyddad och lackad, vilket g\u00f6r produkterna t\u00e5liga och relativt underh\u00e5llsfria.<\/p>\n<p style=\"text-align: left;\">F\u00f6r utomhusbruk tillverkar vi \u00e4ven presenningsd\u00f6rrar i kraftig 900 g\/m\u00b2 PVC-duk som klarar nordiska v\u00e4derf\u00f6rh\u00e5llanden. D\u00f6rrarna kan levereras med vindavlastningsn\u00e4t som minskar vindtrycket och samtidigt hj\u00e4lper till att ventilera byggnaden.<\/p>\n<p style=\"text-align: left;\">Alla l\u00f6sningar m\u00e5ttanpassas efter behov och levereras med n\u00f6dv\u00e4ndiga monteringstillbeh\u00f6r, som C-skenor och upph\u00e4ngningssystem.<\/p>\n<\/div><\/div><\/div><div class=\"fusion-layout-column fusion_builder_column fusion-builder-column-6 fusion_builder_column_1_2 1_2 fusion-flex-column\" style=\"--awb-bg-size:cover;--awb-width-large:50%;--awb-margin-top-large:0px;--awb-spacing-right-large:3.84%;--awb-margin-bottom-large:20px;--awb-spacing-left-large:3.84%;--awb-width-medium:50%;--awb-order-medium:0;--awb-spacing-right-medium:3.84%;--awb-spacing-left-medium:3.84%;--awb-width-small:100%;--awb-order-small:0;--awb-spacing-right-small:1.92%;--awb-spacing-left-small:1.92%;\"><div class=\"fusion-column-wrapper fusion-column-has-shadow fusion-flex-justify-content-flex-start fusion-content-layout-column\"><div class=\"fusion-text fusion-text-2\" style=\"--awb-content-alignment:left;\"><p><strong>Se \u00e4ven andra popul\u00e4ra produktkategorier:<\/strong><\/p>\n<p><a href=\"https:\/\/shop.trikatex.fi\/sv\/kuljetus-ja-maatalous-transport-och-jordbruk\/\">Presenningar f\u00f6r tunga fordon<\/a><\/p>\n<p><a href=\"https:\/\/shop.trikatex.fi\/sv\/erikoistuotteet-specialprodukter\/\">Presenningar f\u00f6r industriella behov<\/a><\/p>\n<\/div><\/div><\/div><\/div><\/div><\/p>","protected":false},"excerpt":{"rendered":"","protected":false},"author":1,"featured_media":0,"parent":0,"menu_order":0,"comment_status":"closed","ping_status":"closed","template":"","meta":{"footnotes":""},"class_list":["post-124","page","type-page","status-publish","hentry"],"aioseo_notices":[],"_links":{"self":[{"href":"https:\/\/shop.trikatex.fi\/sv\/wp-json\/wp\/v2\/pages\/124","targetHints":{"allow":["GET"]}}],"collection":[{"href":"https:\/\/shop.trikatex.fi\/sv\/wp-json\/wp\/v2\/pages"}],"about":[{"href":"https:\/\/shop.trikatex.fi\/sv\/wp-json\/wp\/v2\/types\/page"}],"author":[{"embeddable":true,"href":"https:\/\/shop.trikatex.fi\/sv\/wp-json\/wp\/v2\/users\/1"}],"replies":[{"embeddable":true,"href":"https:\/\/shop.trikatex.fi\/sv\/wp-json\/wp\/v2\/comments?post=124"}],"version-history":[{"count":39,"href":"https:\/\/shop.trikatex.fi\/sv\/wp-json\/wp\/v2\/pages\/124\/revisions"}],"predecessor-version":[{"id":2746,"href":"https:\/\/shop.trikatex.fi\/sv\/wp-json\/wp\/v2\/pages\/124\/revisions\/2746"}],"wp:attachment":[{"href":"https:\/\/shop.trikatex.fi\/sv\/wp-json\/wp\/v2\/media?parent=124"}],"curies":[{"name":"wp","href":"https:\/\/api.w.org\/{rel}","templated":true}]}}