{"id":139,"date":"2023-08-22T10:40:48","date_gmt":"2023-08-22T10:40:48","guid":{"rendered":"https:\/\/shop.trikatex.fi\/?page_id=139"},"modified":"2023-12-21T10:40:55","modified_gmt":"2023-12-21T10:40:55","slug":"sisiaverhot-innerdraperier","status":"publish","type":"page","link":"https:\/\/shop.trikatex.fi\/sv\/sisiaverhot-innerdraperier\/","title":{"rendered":"Sisi\u00e4verhot &#8211; Innerdraperier"},"content":{"rendered":"<div class=\"fusion-fullwidth fullwidth-box fusion-builder-row-1 fusion-flex-container has-pattern-background has-mask-background nonhundred-percent-fullwidth non-hundred-percent-height-scrolling\" style=\"--awb-border-radius-top-left:0px;--awb-border-radius-top-right:0px;--awb-border-radius-bottom-right:0px;--awb-border-radius-bottom-left:0px;--awb-flex-wrap:wrap;\" ><div class=\"fusion-builder-row fusion-row fusion-flex-align-items-flex-start fusion-flex-content-wrap\" style=\"max-width:1248px;margin-left: calc(-4% \/ 2 );margin-right: calc(-4% \/ 2 );\"><div class=\"fusion-layout-column fusion_builder_column fusion-builder-column-0 fusion_builder_column_1_1 1_1 fusion-flex-column\" style=\"--awb-bg-size:cover;--awb-width-large:100%;--awb-margin-top-large:0px;--awb-spacing-right-large:1.92%;--awb-margin-bottom-large:20px;--awb-spacing-left-large:1.92%;--awb-width-medium:100%;--awb-order-medium:0;--awb-spacing-right-medium:1.92%;--awb-spacing-left-medium:1.92%;--awb-width-small:100%;--awb-order-small:0;--awb-spacing-right-small:1.92%;--awb-spacing-left-small:1.92%;\"><div class=\"fusion-column-wrapper fusion-column-has-shadow fusion-flex-justify-content-flex-start fusion-content-layout-column\"><div class=\"fusion-woo-product-grid fusion-product-archive fusion-woo-product-grid-1\"><ul class=\"products products-3\"><li class=\"product type-product post-1013 status-publish first instock product_cat-aanetristysverhot product_cat-hitsausverhot product_cat-sisaverhot product_cat-tarvikkeet-ov-kiinitys has-post-thumbnail taxable shipping-taxable purchasable product-type-simple product-grid-view\">\n\t<div class=\"fusion-product-wrapper\">\n<a href=\"https:\/\/shop.trikatex.fi\/sv\/product\/11551520-ripustuskisko-oviverholle\/\" class=\"product-images\" aria-label=\"11551520 upph\u00e4ngningsskena f\u00f6r lamelld\u00f6rr\">\n\n<div class=\"featured-image\">\n\t\t<img decoding=\"async\" width=\"500\" height=\"375\" src=\"https:\/\/shop.trikatex.fi\/wp-content\/uploads\/2023\/11\/11_5510-5515_20-500x375.jpg\" class=\"attachment-woocommerce_thumbnail size-woocommerce_thumbnail wp-post-image\" alt=\"\" srcset=\"https:\/\/shop.trikatex.fi\/wp-content\/uploads\/2023\/11\/11_5510-5515_20-16x12.jpg 16w, https:\/\/shop.trikatex.fi\/wp-content\/uploads\/2023\/11\/11_5510-5515_20-200x150.jpg 200w, https:\/\/shop.trikatex.fi\/wp-content\/uploads\/2023\/11\/11_5510-5515_20-300x225.jpg 300w, https:\/\/shop.trikatex.fi\/wp-content\/uploads\/2023\/11\/11_5510-5515_20-400x300.jpg 400w, https:\/\/shop.trikatex.fi\/wp-content\/uploads\/2023\/11\/11_5510-5515_20-500x375.jpg 500w, https:\/\/shop.trikatex.fi\/wp-content\/uploads\/2023\/11\/11_5510-5515_20-600x450.jpg 600w, https:\/\/shop.trikatex.fi\/wp-content\/uploads\/2023\/11\/11_5510-5515_20-700x525.jpg 700w, https:\/\/shop.trikatex.fi\/wp-content\/uploads\/2023\/11\/11_5510-5515_20-768x576.jpg 768w, https:\/\/shop.trikatex.fi\/wp-content\/uploads\/2023\/11\/11_5510-5515_20-800x600.jpg 800w, https:\/\/shop.trikatex.fi\/wp-content\/uploads\/2023\/11\/11_5510-5515_20-1024x768.jpg 1024w, https:\/\/shop.trikatex.fi\/wp-content\/uploads\/2023\/11\/11_5510-5515_20.jpg 1200w\" sizes=\"(max-width: 500px) 100vw, 500px\" \/>\n\t\t\t\t\t\t<div class=\"cart-loading\"><i class=\"awb-icon-spinner\" aria-hidden=\"true\"><\/i><\/div>\n\t\t\t<\/div>\n<\/a>\n<div class=\"fusion-product-content\">\n\t<div class=\"product-details\">\n\t\t<div class=\"product-details-container\">\n<h3 class=\"product-title\">\n\t<a href=\"https:\/\/shop.trikatex.fi\/sv\/product\/11551520-ripustuskisko-oviverholle\/\">\n\t\t11551520 upph\u00e4ngningsskena f\u00f6r lamelld\u00f6rr\t<\/a>\n<\/h3>\n<div class=\"fusion-price-rating\">\n\n\t<span class=\"price\"><span class=\"woocommerce-Price-amount amount\"><bdi>47.46&nbsp;<span class=\"woocommerce-Price-currencySymbol\">&euro;<\/span><\/bdi><\/span><\/span>\n\t\t<\/div>\n\t<\/div>\n<\/div>\n\n\n\t<div class=\"product-buttons\">\n\t\t<div class=\"fusion-content-sep sep-double sep-solid\"><\/div>\n\t\t<div class=\"product-buttons-container clearfix\">\n<a href=\"\/sv\/wp-json\/wp\/v2\/pages\/139?add-to-cart=1013\"  data-quantity=\"1\" class=\"button product_type_simple add_to_cart_button ajax_add_to_cart\" data-product_id=\"1013\" data-product_sku=\"\" aria-label=\"L\u00e4gg till i varukorgen: \u201d11551520 PVC- suikaleen ripustuskisko\u201d\" rel=\"nofollow\" data-no-translation=\"\" data-trp-gettext=\"\" data-no-translation-aria-label=\"\">L\u00e4gg till i varukorg<\/a>\n<a href=\"https:\/\/shop.trikatex.fi\/sv\/product\/11551520-ripustuskisko-oviverholle\/\" class=\"show_details_button\">\n\tDetails<\/a>\n\n\n\t<\/div>\n\t<\/div>\n\n\t<\/div> <\/div>\n<\/li>\n<li class=\"product type-product post-1368 status-publish instock product_cat-hitsausverhot product_cat-sisaverhot has-post-thumbnail taxable shipping-taxable purchasable product-type-simple product-grid-view\">\n\t<div class=\"fusion-product-wrapper\">\n<a href=\"https:\/\/shop.trikatex.fi\/sv\/product\/11555051-pvc-lamelli-200mm-kirkas\/\" class=\"product-images\" aria-label=\"11555051 Pvc lamell 200mm ,klar\">\n\n<div class=\"featured-image\">\n\t\t<img decoding=\"async\" width=\"173\" height=\"141\" src=\"https:\/\/shop.trikatex.fi\/wp-content\/uploads\/2024\/01\/suikale.webp\" class=\"attachment-woocommerce_thumbnail size-woocommerce_thumbnail wp-post-image\" alt=\"\" srcset=\"https:\/\/shop.trikatex.fi\/wp-content\/uploads\/2024\/01\/suikale-15x12.webp 15w, https:\/\/shop.trikatex.fi\/wp-content\/uploads\/2024\/01\/suikale.webp 173w\" sizes=\"(max-width: 173px) 100vw, 173px\" \/>\n\t\t\t\t\t\t<div class=\"cart-loading\"><i class=\"awb-icon-spinner\" aria-hidden=\"true\"><\/i><\/div>\n\t\t\t<\/div>\n<\/a>\n<div class=\"fusion-product-content\">\n\t<div class=\"product-details\">\n\t\t<div class=\"product-details-container\">\n<h3 class=\"product-title\">\n\t<a href=\"https:\/\/shop.trikatex.fi\/sv\/product\/11555051-pvc-lamelli-200mm-kirkas\/\">\n\t\t11555051 Pvc lamell 200mm ,klar\t<\/a>\n<\/h3>\n<div class=\"fusion-price-rating\">\n\n\t<span class=\"price\"><span class=\"woocommerce-Price-amount amount\"><bdi>10.89&nbsp;<span class=\"woocommerce-Price-currencySymbol\">&euro;<\/span><\/bdi><\/span><\/span>\n\t\t<\/div>\n\t<\/div>\n<\/div>\n\n\n\t<div class=\"product-buttons\">\n\t\t<div class=\"fusion-content-sep sep-double sep-solid\"><\/div>\n\t\t<div class=\"product-buttons-container clearfix\">\n<a href=\"\/sv\/wp-json\/wp\/v2\/pages\/139?add-to-cart=1368\"  data-quantity=\"1\" class=\"button product_type_simple add_to_cart_button ajax_add_to_cart\" data-product_id=\"1368\" data-product_sku=\"\" aria-label=\"L\u00e4gg till i varukorgen: \u201d11555051 Pvc lamelli 200mm kirkas\u201d\" rel=\"nofollow\" data-no-translation=\"\" data-trp-gettext=\"\" data-no-translation-aria-label=\"\">L\u00e4gg till i varukorg<\/a>\n<a href=\"https:\/\/shop.trikatex.fi\/sv\/product\/11555051-pvc-lamelli-200mm-kirkas\/\" class=\"show_details_button\">\n\tDetails<\/a>\n\n\n\t<\/div>\n\t<\/div>\n\n\t<\/div> <\/div>\n<\/li>\n<li class=\"product type-product post-1364 status-publish last instock product_cat-hitsausverhot product_cat-sisaverhot has-post-thumbnail taxable shipping-taxable purchasable product-type-simple product-grid-view\">\n\t<div class=\"fusion-product-wrapper\">\n<a href=\"https:\/\/shop.trikatex.fi\/sv\/product\/ikkunamuovi-ren-480-bt-fr-h68\/\" class=\"product-images\" aria-label=\"F\u00f6nsterplast REN.480.BT.FR.H68\">\n\n<div class=\"featured-image\">\n\t\t<img decoding=\"async\" width=\"500\" height=\"369\" src=\"https:\/\/shop.trikatex.fi\/wp-content\/uploads\/2024\/01\/Ikkunamuovi-500x369.jpg\" class=\"attachment-woocommerce_thumbnail size-woocommerce_thumbnail wp-post-image\" alt=\"\" srcset=\"https:\/\/shop.trikatex.fi\/wp-content\/uploads\/2024\/01\/Ikkunamuovi-16x12.jpg 16w, https:\/\/shop.trikatex.fi\/wp-content\/uploads\/2024\/01\/Ikkunamuovi-200x147.jpg 200w, https:\/\/shop.trikatex.fi\/wp-content\/uploads\/2024\/01\/Ikkunamuovi-300x221.jpg 300w, https:\/\/shop.trikatex.fi\/wp-content\/uploads\/2024\/01\/Ikkunamuovi-400x295.jpg 400w, https:\/\/shop.trikatex.fi\/wp-content\/uploads\/2024\/01\/Ikkunamuovi-500x369.jpg 500w, https:\/\/shop.trikatex.fi\/wp-content\/uploads\/2024\/01\/Ikkunamuovi-600x442.jpg 600w, https:\/\/shop.trikatex.fi\/wp-content\/uploads\/2024\/01\/Ikkunamuovi-700x516.jpg 700w, https:\/\/shop.trikatex.fi\/wp-content\/uploads\/2024\/01\/Ikkunamuovi-768x566.jpg 768w, https:\/\/shop.trikatex.fi\/wp-content\/uploads\/2024\/01\/Ikkunamuovi-800x590.jpg 800w, https:\/\/shop.trikatex.fi\/wp-content\/uploads\/2024\/01\/Ikkunamuovi-1024x755.jpg 1024w, https:\/\/shop.trikatex.fi\/wp-content\/uploads\/2024\/01\/Ikkunamuovi-1200x885.jpg 1200w, https:\/\/shop.trikatex.fi\/wp-content\/uploads\/2024\/01\/Ikkunamuovi.jpg 1367w\" sizes=\"(max-width: 500px) 100vw, 500px\" \/>\n\t\t\t\t\t\t<div class=\"cart-loading\"><i class=\"awb-icon-spinner\" aria-hidden=\"true\"><\/i><\/div>\n\t\t\t<\/div>\n<\/a>\n<div class=\"fusion-product-content\">\n\t<div class=\"product-details\">\n\t\t<div class=\"product-details-container\">\n<h3 class=\"product-title\">\n\t<a href=\"https:\/\/shop.trikatex.fi\/sv\/product\/ikkunamuovi-ren-480-bt-fr-h68\/\">\n\t\tF\u00f6nsterplast REN.480.BT.FR.H68\t<\/a>\n<\/h3>\n<div class=\"fusion-price-rating\">\n\n\t<span class=\"price\"><span class=\"woocommerce-Price-amount amount\"><bdi>40.46&nbsp;<span class=\"woocommerce-Price-currencySymbol\">&euro;<\/span><\/bdi><\/span><\/span>\n\t\t<\/div>\n\t<\/div>\n<\/div>\n\n\n\t<div class=\"product-buttons\">\n\t\t<div class=\"fusion-content-sep sep-double sep-solid\"><\/div>\n\t\t<div class=\"product-buttons-container clearfix\">\n<a href=\"\/sv\/wp-json\/wp\/v2\/pages\/139?add-to-cart=1364\"  data-quantity=\"1\" class=\"button product_type_simple add_to_cart_button ajax_add_to_cart\" data-product_id=\"1364\" data-product_sku=\"\" aria-label=\"L\u00e4gg till i varukorgen: \u201dIkkunamuovi REN.480.BT.FR.H68\u201d\" rel=\"nofollow\" data-no-translation=\"\" data-trp-gettext=\"\" data-no-translation-aria-label=\"\">L\u00e4gg till i varukorg<\/a>\n<a href=\"https:\/\/shop.trikatex.fi\/sv\/product\/ikkunamuovi-ren-480-bt-fr-h68\/\" class=\"show_details_button\">\n\tDetails<\/a>\n\n\n\t<\/div>\n\t<\/div>\n\n\t<\/div> <\/div>\n<\/li>\n<li class=\"product type-product post-1851 status-publish first instock product_cat-sisaverhot product_cat-ulko-ovet has-post-thumbnail taxable shipping-taxable product-type-simple product-grid-view\">\n\t<div class=\"fusion-product-wrapper\">\n<a href=\"https:\/\/shop.trikatex.fi\/sv\/product\/rullautuva-verhomekanismi\/\" class=\"product-images\" aria-label=\"Mekanism till rulldraperi\">\n\n<div class=\"featured-image\">\n\t\t<img decoding=\"async\" width=\"500\" height=\"706\" src=\"https:\/\/shop.trikatex.fi\/wp-content\/uploads\/2024\/01\/20240109_074250-1-scaled-e1706682424319-500x706.jpg\" class=\"attachment-woocommerce_thumbnail size-woocommerce_thumbnail wp-post-image\" alt=\"\" srcset=\"https:\/\/shop.trikatex.fi\/wp-content\/uploads\/2024\/01\/20240109_074250-1-scaled-e1706682424319-8x12.jpg 8w, https:\/\/shop.trikatex.fi\/wp-content\/uploads\/2024\/01\/20240109_074250-1-scaled-e1706682424319-200x282.jpg 200w, https:\/\/shop.trikatex.fi\/wp-content\/uploads\/2024\/01\/20240109_074250-1-scaled-e1706682424319-212x300.jpg 212w, https:\/\/shop.trikatex.fi\/wp-content\/uploads\/2024\/01\/20240109_074250-1-scaled-e1706682424319-400x565.jpg 400w, https:\/\/shop.trikatex.fi\/wp-content\/uploads\/2024\/01\/20240109_074250-1-scaled-e1706682424319-500x706.jpg 500w, https:\/\/shop.trikatex.fi\/wp-content\/uploads\/2024\/01\/20240109_074250-1-scaled-e1706682424319-600x847.jpg 600w, https:\/\/shop.trikatex.fi\/wp-content\/uploads\/2024\/01\/20240109_074250-1-scaled-e1706682424319-700x988.jpg 700w, https:\/\/shop.trikatex.fi\/wp-content\/uploads\/2024\/01\/20240109_074250-1-scaled-e1706682424319-725x1024.jpg 725w, https:\/\/shop.trikatex.fi\/wp-content\/uploads\/2024\/01\/20240109_074250-1-scaled-e1706682424319-768x1084.jpg 768w, https:\/\/shop.trikatex.fi\/wp-content\/uploads\/2024\/01\/20240109_074250-1-scaled-e1706682424319-800x1130.jpg 800w, https:\/\/shop.trikatex.fi\/wp-content\/uploads\/2024\/01\/20240109_074250-1-scaled-e1706682424319-1088x1536.jpg 1088w, https:\/\/shop.trikatex.fi\/wp-content\/uploads\/2024\/01\/20240109_074250-1-scaled-e1706682424319-1200x1694.jpg 1200w, https:\/\/shop.trikatex.fi\/wp-content\/uploads\/2024\/01\/20240109_074250-1-scaled-e1706682424319-1450x2048.jpg 1450w, https:\/\/shop.trikatex.fi\/wp-content\/uploads\/2024\/01\/20240109_074250-1-scaled-e1706682424319.jpg 1813w\" sizes=\"(max-width: 500px) 100vw, 500px\" \/>\n\t\t\t\t\t\t<div class=\"cart-loading\"><i class=\"awb-icon-spinner\" aria-hidden=\"true\"><\/i><\/div>\n\t\t\t<\/div>\n<\/a>\n<div class=\"fusion-product-content\">\n\t<div class=\"product-details\">\n\t\t<div class=\"product-details-container\">\n<h3 class=\"product-title\">\n\t<a href=\"https:\/\/shop.trikatex.fi\/sv\/product\/rullautuva-verhomekanismi\/\">\n\t\tMekanism till rulldraperi\t<\/a>\n<\/h3>\n<div class=\"fusion-price-rating\">\n\n\t\t<\/div>\n\t<\/div>\n<\/div>\n\n\n\t<div class=\"product-buttons\">\n\t\t<div class=\"fusion-content-sep sep-double sep-solid\"><\/div>\n\t\t<div class=\"product-buttons-container clearfix\">\n\n<a href=\"https:\/\/shop.trikatex.fi\/sv\/product\/rullautuva-verhomekanismi\/\" class=\"show_details_button\" style=\"float:none;max-width:none;text-align:center;\">\n\tDetails<\/a>\n\n\n\t<\/div>\n\t<\/div>\n\n\t<\/div> <\/div>\n<\/li>\n<li class=\"product type-product post-1124 status-publish instock product_cat-sisaverhot has-post-thumbnail taxable shipping-taxable product-type-simple product-grid-view\">\n\t<div class=\"fusion-product-wrapper\">\n<a href=\"https:\/\/shop.trikatex.fi\/sv\/product\/sisaverhot\/\" class=\"product-images\" aria-label=\"Innerdraperier\">\n\n<div class=\"featured-image\">\n\t\t<img decoding=\"async\" width=\"500\" height=\"384\" src=\"https:\/\/shop.trikatex.fi\/wp-content\/uploads\/2024\/01\/innerdraperier-2-1-500x384.jpg\" class=\"attachment-woocommerce_thumbnail size-woocommerce_thumbnail wp-post-image\" alt=\"\" srcset=\"https:\/\/shop.trikatex.fi\/wp-content\/uploads\/2024\/01\/innerdraperier-2-1-16x12.jpg 16w, https:\/\/shop.trikatex.fi\/wp-content\/uploads\/2024\/01\/innerdraperier-2-1-200x153.jpg 200w, https:\/\/shop.trikatex.fi\/wp-content\/uploads\/2024\/01\/innerdraperier-2-1-300x230.jpg 300w, https:\/\/shop.trikatex.fi\/wp-content\/uploads\/2024\/01\/innerdraperier-2-1-400x307.jpg 400w, https:\/\/shop.trikatex.fi\/wp-content\/uploads\/2024\/01\/innerdraperier-2-1-500x384.jpg 500w, https:\/\/shop.trikatex.fi\/wp-content\/uploads\/2024\/01\/innerdraperier-2-1.jpg 537w\" sizes=\"(max-width: 500px) 100vw, 500px\" \/>\n\t\t\t\t\t\t<div class=\"cart-loading\"><i class=\"awb-icon-spinner\" aria-hidden=\"true\"><\/i><\/div>\n\t\t\t<\/div>\n<\/a>\n<div class=\"fusion-product-content\">\n\t<div class=\"product-details\">\n\t\t<div class=\"product-details-container\">\n<h3 class=\"product-title\">\n\t<a href=\"https:\/\/shop.trikatex.fi\/sv\/product\/sisaverhot\/\">\n\t\tInnerdraperier\t<\/a>\n<\/h3>\n<div class=\"fusion-price-rating\">\n\n\t\t<\/div>\n\t<\/div>\n<\/div>\n\n\n\t<div class=\"product-buttons\">\n\t\t<div class=\"fusion-content-sep sep-double sep-solid\"><\/div>\n\t\t<div class=\"product-buttons-container clearfix\">\n\n<a href=\"https:\/\/shop.trikatex.fi\/sv\/product\/sisaverhot\/\" class=\"show_details_button\" style=\"float:none;max-width:none;text-align:center;\">\n\tDetails<\/a>\n\n\n\t<\/div>\n\t<\/div>\n\n\t<\/div> <\/div>\n<\/li>\n<\/ul><div class=\"fusion-woo-product-grid-pagination fusion-clearfix\"><\/div><\/div><\/div><\/div><\/div><\/div>","protected":false},"excerpt":{"rendered":"","protected":false},"author":1,"featured_media":0,"parent":0,"menu_order":0,"comment_status":"closed","ping_status":"closed","template":"","meta":{"footnotes":""},"class_list":["post-139","page","type-page","status-publish","hentry"],"aioseo_notices":[],"_links":{"self":[{"href":"https:\/\/shop.trikatex.fi\/sv\/wp-json\/wp\/v2\/pages\/139","targetHints":{"allow":["GET"]}}],"collection":[{"href":"https:\/\/shop.trikatex.fi\/sv\/wp-json\/wp\/v2\/pages"}],"about":[{"href":"https:\/\/shop.trikatex.fi\/sv\/wp-json\/wp\/v2\/types\/page"}],"author":[{"embeddable":true,"href":"https:\/\/shop.trikatex.fi\/sv\/wp-json\/wp\/v2\/users\/1"}],"replies":[{"embeddable":true,"href":"https:\/\/shop.trikatex.fi\/sv\/wp-json\/wp\/v2\/comments?post=139"}],"version-history":[{"count":12,"href":"https:\/\/shop.trikatex.fi\/sv\/wp-json\/wp\/v2\/pages\/139\/revisions"}],"predecessor-version":[{"id":1549,"href":"https:\/\/shop.trikatex.fi\/sv\/wp-json\/wp\/v2\/pages\/139\/revisions\/1549"}],"wp:attachment":[{"href":"https:\/\/shop.trikatex.fi\/sv\/wp-json\/wp\/v2\/media?parent=139"}],"curies":[{"name":"wp","href":"https:\/\/api.w.org\/{rel}","templated":true}]}}