{"id":146,"date":"2023-08-22T10:44:42","date_gmt":"2023-08-22T10:44:42","guid":{"rendered":"https:\/\/shop.trikatex.fi\/?page_id=146"},"modified":"2023-12-21T11:06:37","modified_gmt":"2023-12-21T11:06:37","slug":"hitsausverhot-svetsdraperier-2","status":"publish","type":"page","link":"https:\/\/shop.trikatex.fi\/sv\/hitsausverhot-svetsdraperier-2\/","title":{"rendered":"Hitsausverhot &#8211; Svetsdraperier"},"content":{"rendered":"<div class=\"fusion-fullwidth fullwidth-box fusion-builder-row-1 fusion-flex-container has-pattern-background has-mask-background nonhundred-percent-fullwidth non-hundred-percent-height-scrolling\" style=\"--awb-border-radius-top-left:0px;--awb-border-radius-top-right:0px;--awb-border-radius-bottom-right:0px;--awb-border-radius-bottom-left:0px;--awb-flex-wrap:wrap;\" ><div class=\"fusion-builder-row fusion-row fusion-flex-align-items-flex-start fusion-flex-content-wrap\" style=\"max-width:1248px;margin-left: calc(-4% \/ 2 );margin-right: calc(-4% \/ 2 );\"><div class=\"fusion-layout-column fusion_builder_column fusion-builder-column-0 fusion_builder_column_1_1 1_1 fusion-flex-column\" style=\"--awb-bg-size:cover;--awb-width-large:100%;--awb-margin-top-large:0px;--awb-spacing-right-large:1.92%;--awb-margin-bottom-large:20px;--awb-spacing-left-large:1.92%;--awb-width-medium:100%;--awb-order-medium:0;--awb-spacing-right-medium:1.92%;--awb-spacing-left-medium:1.92%;--awb-width-small:100%;--awb-order-small:0;--awb-spacing-right-small:1.92%;--awb-spacing-left-small:1.92%;\"><div class=\"fusion-column-wrapper fusion-column-has-shadow fusion-flex-justify-content-flex-start fusion-content-layout-column\"><div class=\"fusion-woo-product-grid fusion-product-archive fusion-woo-product-grid-1\"><ul class=\"products products-3\"><li class=\"product type-product post-1528 status-publish first instock product_cat-hitsausverhot has-post-thumbnail taxable shipping-taxable purchasable product-type-simple product-grid-view\">\n\t<div class=\"fusion-product-wrapper\">\n<a href=\"https:\/\/shop.trikatex.fi\/sv\/product\/100971-hitsausverho-lapikuultavapun\/\" class=\"product-images\" aria-label=\"100971 Genomskinlig svetsdraperi\">\n\n<div class=\"featured-image\">\n\t\t<img decoding=\"async\" width=\"500\" height=\"375\" src=\"https:\/\/shop.trikatex.fi\/wp-content\/uploads\/2024\/01\/hitsauskalvo-500x375.jpg\" class=\"attachment-woocommerce_thumbnail size-woocommerce_thumbnail wp-post-image\" alt=\"\" srcset=\"https:\/\/shop.trikatex.fi\/wp-content\/uploads\/2024\/01\/hitsauskalvo-16x12.jpg 16w, https:\/\/shop.trikatex.fi\/wp-content\/uploads\/2024\/01\/hitsauskalvo-200x150.jpg 200w, https:\/\/shop.trikatex.fi\/wp-content\/uploads\/2024\/01\/hitsauskalvo-300x225.jpg 300w, https:\/\/shop.trikatex.fi\/wp-content\/uploads\/2024\/01\/hitsauskalvo-400x300.jpg 400w, https:\/\/shop.trikatex.fi\/wp-content\/uploads\/2024\/01\/hitsauskalvo-500x375.jpg 500w, https:\/\/shop.trikatex.fi\/wp-content\/uploads\/2024\/01\/hitsauskalvo-600x450.jpg 600w, https:\/\/shop.trikatex.fi\/wp-content\/uploads\/2024\/01\/hitsauskalvo-700x525.jpg 700w, https:\/\/shop.trikatex.fi\/wp-content\/uploads\/2024\/01\/hitsauskalvo-768x576.jpg 768w, https:\/\/shop.trikatex.fi\/wp-content\/uploads\/2024\/01\/hitsauskalvo.jpg 800w\" sizes=\"(max-width: 500px) 100vw, 500px\" \/>\n\t\t\t\t\t\t<div class=\"cart-loading\"><i class=\"awb-icon-spinner\" aria-hidden=\"true\"><\/i><\/div>\n\t\t\t<\/div>\n<\/a>\n<div class=\"fusion-product-content\">\n\t<div class=\"product-details\">\n\t\t<div class=\"product-details-container\">\n<h3 class=\"product-title\">\n\t<a href=\"https:\/\/shop.trikatex.fi\/sv\/product\/100971-hitsausverho-lapikuultavapun\/\">\n\t\t100971 Genomskinlig svetsdraperi\t<\/a>\n<\/h3>\n<div class=\"fusion-price-rating\">\n\n\t<span class=\"price\"><span class=\"woocommerce-Price-amount amount\"><bdi>16.50&nbsp;<span class=\"woocommerce-Price-currencySymbol\">&euro;<\/span><\/bdi><\/span><\/span>\n\t\t<\/div>\n\t<\/div>\n<\/div>\n\n\n\t<div class=\"product-buttons\">\n\t\t<div class=\"fusion-content-sep sep-double sep-solid\"><\/div>\n\t\t<div class=\"product-buttons-container clearfix\">\n<a href=\"\/sv\/wp-json\/wp\/v2\/pages\/146?add-to-cart=1528\"  data-quantity=\"1\" class=\"button product_type_simple add_to_cart_button ajax_add_to_cart\" data-product_id=\"1528\" data-product_sku=\"\" aria-label=\"L\u00e4gg till i varukorgen: \u201d100971 Hitsausverho l\u00e4pikuultava\u201d\" rel=\"nofollow\" data-no-translation=\"\" data-trp-gettext=\"\" data-no-translation-aria-label=\"\">L\u00e4gg till i varukorg<\/a>\n<a href=\"https:\/\/shop.trikatex.fi\/sv\/product\/100971-hitsausverho-lapikuultavapun\/\" class=\"show_details_button\">\n\tDetails<\/a>\n\n\n\t<\/div>\n\t<\/div>\n\n\t<\/div> <\/div>\n<\/li>\n<li class=\"product type-product post-1013 status-publish instock product_cat-aanetristysverhot product_cat-hitsausverhot product_cat-sisaverhot product_cat-tarvikkeet-ov-kiinitys has-post-thumbnail taxable shipping-taxable purchasable product-type-simple product-grid-view\">\n\t<div class=\"fusion-product-wrapper\">\n<a href=\"https:\/\/shop.trikatex.fi\/sv\/product\/11551520-ripustuskisko-oviverholle\/\" class=\"product-images\" aria-label=\"11551520 upph\u00e4ngningsskena f\u00f6r lamelld\u00f6rr\">\n\n<div class=\"featured-image\">\n\t\t<img decoding=\"async\" width=\"500\" height=\"375\" src=\"https:\/\/shop.trikatex.fi\/wp-content\/uploads\/2023\/11\/11_5510-5515_20-500x375.jpg\" class=\"attachment-woocommerce_thumbnail size-woocommerce_thumbnail wp-post-image\" alt=\"\" srcset=\"https:\/\/shop.trikatex.fi\/wp-content\/uploads\/2023\/11\/11_5510-5515_20-16x12.jpg 16w, https:\/\/shop.trikatex.fi\/wp-content\/uploads\/2023\/11\/11_5510-5515_20-200x150.jpg 200w, https:\/\/shop.trikatex.fi\/wp-content\/uploads\/2023\/11\/11_5510-5515_20-300x225.jpg 300w, https:\/\/shop.trikatex.fi\/wp-content\/uploads\/2023\/11\/11_5510-5515_20-400x300.jpg 400w, https:\/\/shop.trikatex.fi\/wp-content\/uploads\/2023\/11\/11_5510-5515_20-500x375.jpg 500w, https:\/\/shop.trikatex.fi\/wp-content\/uploads\/2023\/11\/11_5510-5515_20-600x450.jpg 600w, https:\/\/shop.trikatex.fi\/wp-content\/uploads\/2023\/11\/11_5510-5515_20-700x525.jpg 700w, https:\/\/shop.trikatex.fi\/wp-content\/uploads\/2023\/11\/11_5510-5515_20-768x576.jpg 768w, https:\/\/shop.trikatex.fi\/wp-content\/uploads\/2023\/11\/11_5510-5515_20-800x600.jpg 800w, https:\/\/shop.trikatex.fi\/wp-content\/uploads\/2023\/11\/11_5510-5515_20-1024x768.jpg 1024w, https:\/\/shop.trikatex.fi\/wp-content\/uploads\/2023\/11\/11_5510-5515_20.jpg 1200w\" sizes=\"(max-width: 500px) 100vw, 500px\" \/>\n\t\t\t\t\t\t<div class=\"cart-loading\"><i class=\"awb-icon-spinner\" aria-hidden=\"true\"><\/i><\/div>\n\t\t\t<\/div>\n<\/a>\n<div class=\"fusion-product-content\">\n\t<div class=\"product-details\">\n\t\t<div class=\"product-details-container\">\n<h3 class=\"product-title\">\n\t<a href=\"https:\/\/shop.trikatex.fi\/sv\/product\/11551520-ripustuskisko-oviverholle\/\">\n\t\t11551520 upph\u00e4ngningsskena f\u00f6r lamelld\u00f6rr\t<\/a>\n<\/h3>\n<div class=\"fusion-price-rating\">\n\n\t<span class=\"price\"><span class=\"woocommerce-Price-amount amount\"><bdi>37.82&nbsp;<span class=\"woocommerce-Price-currencySymbol\">&euro;<\/span><\/bdi><\/span><\/span>\n\t\t<\/div>\n\t<\/div>\n<\/div>\n\n\n\t<div class=\"product-buttons\">\n\t\t<div class=\"fusion-content-sep sep-double sep-solid\"><\/div>\n\t\t<div class=\"product-buttons-container clearfix\">\n<a href=\"\/sv\/wp-json\/wp\/v2\/pages\/146?add-to-cart=1013\"  data-quantity=\"1\" class=\"button product_type_simple add_to_cart_button ajax_add_to_cart\" data-product_id=\"1013\" data-product_sku=\"\" aria-label=\"L\u00e4gg till i varukorgen: \u201d11551520 PVC- suikaleen ripustuskisko\u201d\" rel=\"nofollow\" data-no-translation=\"\" data-trp-gettext=\"\" data-no-translation-aria-label=\"\">L\u00e4gg till i varukorg<\/a>\n<a href=\"https:\/\/shop.trikatex.fi\/sv\/product\/11551520-ripustuskisko-oviverholle\/\" class=\"show_details_button\">\n\tDetails<\/a>\n\n\n\t<\/div>\n\t<\/div>\n\n\t<\/div> <\/div>\n<\/li>\n<li class=\"product type-product post-1368 status-publish last instock product_cat-hitsausverhot product_cat-sisaverhot has-post-thumbnail taxable shipping-taxable purchasable product-type-simple product-grid-view\">\n\t<div class=\"fusion-product-wrapper\">\n<a href=\"https:\/\/shop.trikatex.fi\/sv\/product\/11555051-pvc-lamelli-200mm-kirkas\/\" class=\"product-images\" aria-label=\"11555051 Pvc lamell 200mm ,klar\">\n\n<div class=\"featured-image\">\n\t\t<img decoding=\"async\" width=\"173\" height=\"141\" src=\"https:\/\/shop.trikatex.fi\/wp-content\/uploads\/2024\/01\/suikale.webp\" class=\"attachment-woocommerce_thumbnail size-woocommerce_thumbnail wp-post-image\" alt=\"\" srcset=\"https:\/\/shop.trikatex.fi\/wp-content\/uploads\/2024\/01\/suikale-15x12.webp 15w, https:\/\/shop.trikatex.fi\/wp-content\/uploads\/2024\/01\/suikale.webp 173w\" sizes=\"(max-width: 173px) 100vw, 173px\" \/>\n\t\t\t\t\t\t<div class=\"cart-loading\"><i class=\"awb-icon-spinner\" aria-hidden=\"true\"><\/i><\/div>\n\t\t\t<\/div>\n<\/a>\n<div class=\"fusion-product-content\">\n\t<div class=\"product-details\">\n\t\t<div class=\"product-details-container\">\n<h3 class=\"product-title\">\n\t<a href=\"https:\/\/shop.trikatex.fi\/sv\/product\/11555051-pvc-lamelli-200mm-kirkas\/\">\n\t\t11555051 Pvc lamell 200mm ,klar\t<\/a>\n<\/h3>\n<div class=\"fusion-price-rating\">\n\n\t<span class=\"price\"><span class=\"woocommerce-Price-amount amount\"><bdi>8.68&nbsp;<span class=\"woocommerce-Price-currencySymbol\">&euro;<\/span><\/bdi><\/span><\/span>\n\t\t<\/div>\n\t<\/div>\n<\/div>\n\n\n\t<div class=\"product-buttons\">\n\t\t<div class=\"fusion-content-sep sep-double sep-solid\"><\/div>\n\t\t<div class=\"product-buttons-container clearfix\">\n<a href=\"\/sv\/wp-json\/wp\/v2\/pages\/146?add-to-cart=1368\"  data-quantity=\"1\" class=\"button product_type_simple add_to_cart_button ajax_add_to_cart\" data-product_id=\"1368\" data-product_sku=\"\" aria-label=\"L\u00e4gg till i varukorgen: \u201d11555051 Pvc lamelli 200mm kirkas\u201d\" rel=\"nofollow\" data-no-translation=\"\" data-trp-gettext=\"\" data-no-translation-aria-label=\"\">L\u00e4gg till i varukorg<\/a>\n<a href=\"https:\/\/shop.trikatex.fi\/sv\/product\/11555051-pvc-lamelli-200mm-kirkas\/\" class=\"show_details_button\">\n\tDetails<\/a>\n\n\n\t<\/div>\n\t<\/div>\n\n\t<\/div> <\/div>\n<\/li>\n<li class=\"product type-product post-1108 status-publish first instock product_cat-erikoistuotteet-kehykset product_cat-hitsausverhot has-post-thumbnail taxable shipping-taxable purchasable product-type-simple product-grid-view\">\n\t<div class=\"fusion-product-wrapper\">\n<a href=\"https:\/\/shop.trikatex.fi\/sv\/product\/svetsskarm-3-delad\/\" class=\"product-images\" aria-label=\"Svetssk\u00e4rm 3-delad\">\n\n<div class=\"featured-image crossfade-images\">\n\t<img decoding=\"async\" width=\"500\" height=\"333\" src=\"https:\/\/shop.trikatex.fi\/wp-content\/uploads\/2023\/11\/IMG_8118-500x333.jpg\" class=\"hover-image\" alt=\"\" srcset=\"https:\/\/shop.trikatex.fi\/wp-content\/uploads\/2023\/11\/IMG_8118-18x12.jpg 18w, https:\/\/shop.trikatex.fi\/wp-content\/uploads\/2023\/11\/IMG_8118-200x133.jpg 200w, https:\/\/shop.trikatex.fi\/wp-content\/uploads\/2023\/11\/IMG_8118-300x200.jpg 300w, https:\/\/shop.trikatex.fi\/wp-content\/uploads\/2023\/11\/IMG_8118-400x267.jpg 400w, https:\/\/shop.trikatex.fi\/wp-content\/uploads\/2023\/11\/IMG_8118-500x333.jpg 500w, https:\/\/shop.trikatex.fi\/wp-content\/uploads\/2023\/11\/IMG_8118-600x400.jpg 600w, https:\/\/shop.trikatex.fi\/wp-content\/uploads\/2023\/11\/IMG_8118-700x467.jpg 700w, https:\/\/shop.trikatex.fi\/wp-content\/uploads\/2023\/11\/IMG_8118-768x512.jpg 768w, https:\/\/shop.trikatex.fi\/wp-content\/uploads\/2023\/11\/IMG_8118-800x533.jpg 800w, https:\/\/shop.trikatex.fi\/wp-content\/uploads\/2023\/11\/IMG_8118-1024x682.jpg 1024w, https:\/\/shop.trikatex.fi\/wp-content\/uploads\/2023\/11\/IMG_8118-1200x800.jpg 1200w, https:\/\/shop.trikatex.fi\/wp-content\/uploads\/2023\/11\/IMG_8118-1536x1024.jpg 1536w\" sizes=\"(max-width: 500px) 100vw, 500px\" \/>\t<img decoding=\"async\" width=\"500\" height=\"500\" src=\"https:\/\/shop.trikatex.fi\/wp-content\/uploads\/2024\/01\/KEHYKSET.jpg\" class=\"attachment-woocommerce_thumbnail size-woocommerce_thumbnail wp-post-image\" alt=\"\" srcset=\"https:\/\/shop.trikatex.fi\/wp-content\/uploads\/2024\/01\/KEHYKSET-12x12.jpg 12w, https:\/\/shop.trikatex.fi\/wp-content\/uploads\/2024\/01\/KEHYKSET-66x66.jpg 66w, https:\/\/shop.trikatex.fi\/wp-content\/uploads\/2024\/01\/KEHYKSET-150x150.jpg 150w, https:\/\/shop.trikatex.fi\/wp-content\/uploads\/2024\/01\/KEHYKSET-200x200.jpg 200w, https:\/\/shop.trikatex.fi\/wp-content\/uploads\/2024\/01\/KEHYKSET-300x300.jpg 300w, https:\/\/shop.trikatex.fi\/wp-content\/uploads\/2024\/01\/KEHYKSET-400x400.jpg 400w, https:\/\/shop.trikatex.fi\/wp-content\/uploads\/2024\/01\/KEHYKSET.jpg 500w\" sizes=\"(max-width: 500px) 100vw, 500px\" \/>\n\t\t\t\t\t\t<div class=\"cart-loading\"><i class=\"awb-icon-spinner\" aria-hidden=\"true\"><\/i><\/div>\n\t\t\t<\/div>\n<\/a>\n<div class=\"fusion-product-content\">\n\t<div class=\"product-details\">\n\t\t<div class=\"product-details-container\">\n<h3 class=\"product-title\">\n\t<a href=\"https:\/\/shop.trikatex.fi\/sv\/product\/svetsskarm-3-delad\/\">\n\t\tSvetssk\u00e4rm 3-delad\t<\/a>\n<\/h3>\n<div class=\"fusion-price-rating\">\n\n\t<span class=\"price\"><span class=\"woocommerce-Price-amount amount\"><bdi>856.00&nbsp;<span class=\"woocommerce-Price-currencySymbol\">&euro;<\/span><\/bdi><\/span><\/span>\n\t\t<\/div>\n\t<\/div>\n<\/div>\n\n\n\t<div class=\"product-buttons\">\n\t\t<div class=\"fusion-content-sep sep-double sep-solid\"><\/div>\n\t\t<div class=\"product-buttons-container clearfix\">\n<a href=\"\/sv\/wp-json\/wp\/v2\/pages\/146?add-to-cart=1108\"  data-quantity=\"1\" class=\"button product_type_simple add_to_cart_button ajax_add_to_cart\" data-product_id=\"1108\" data-product_sku=\"\" aria-label=\"L\u00e4gg till i varukorgen: \u201dHitsaussermi 3-osainen\u201d\" rel=\"nofollow\" data-no-translation=\"\" data-trp-gettext=\"\" data-no-translation-aria-label=\"\">L\u00e4gg till i varukorg<\/a>\n<a href=\"https:\/\/shop.trikatex.fi\/sv\/product\/svetsskarm-3-delad\/\" class=\"show_details_button\">\n\tDetails<\/a>\n\n\n\t<\/div>\n\t<\/div>\n\n\t<\/div> <\/div>\n<\/li>\n<li class=\"product type-product post-2374 status-publish instock product_cat-erikoistuotteet-kehykset product_cat-hitsausverhot has-post-thumbnail taxable shipping-taxable product-type-simple product-grid-view\">\n\t<div class=\"fusion-product-wrapper\">\n<a href=\"https:\/\/shop.trikatex.fi\/sv\/product\/hitsaussermit-omien-mittojen-mukaan\/\" class=\"product-images\" aria-label=\"Svetssk\u00e4rmar enligt egna m\u00e5tt\">\n\n<div class=\"featured-image crossfade-images\">\n\t<img decoding=\"async\" width=\"500\" height=\"333\" src=\"https:\/\/shop.trikatex.fi\/wp-content\/uploads\/2023\/11\/IMG_8118-500x333.jpg\" class=\"hover-image\" alt=\"\" srcset=\"https:\/\/shop.trikatex.fi\/wp-content\/uploads\/2023\/11\/IMG_8118-18x12.jpg 18w, https:\/\/shop.trikatex.fi\/wp-content\/uploads\/2023\/11\/IMG_8118-200x133.jpg 200w, https:\/\/shop.trikatex.fi\/wp-content\/uploads\/2023\/11\/IMG_8118-300x200.jpg 300w, https:\/\/shop.trikatex.fi\/wp-content\/uploads\/2023\/11\/IMG_8118-400x267.jpg 400w, https:\/\/shop.trikatex.fi\/wp-content\/uploads\/2023\/11\/IMG_8118-500x333.jpg 500w, https:\/\/shop.trikatex.fi\/wp-content\/uploads\/2023\/11\/IMG_8118-600x400.jpg 600w, https:\/\/shop.trikatex.fi\/wp-content\/uploads\/2023\/11\/IMG_8118-700x467.jpg 700w, https:\/\/shop.trikatex.fi\/wp-content\/uploads\/2023\/11\/IMG_8118-768x512.jpg 768w, https:\/\/shop.trikatex.fi\/wp-content\/uploads\/2023\/11\/IMG_8118-800x533.jpg 800w, https:\/\/shop.trikatex.fi\/wp-content\/uploads\/2023\/11\/IMG_8118-1024x682.jpg 1024w, https:\/\/shop.trikatex.fi\/wp-content\/uploads\/2023\/11\/IMG_8118-1200x800.jpg 1200w, https:\/\/shop.trikatex.fi\/wp-content\/uploads\/2023\/11\/IMG_8118-1536x1024.jpg 1536w\" sizes=\"(max-width: 500px) 100vw, 500px\" \/>\t<img decoding=\"async\" width=\"500\" height=\"375\" src=\"https:\/\/shop.trikatex.fi\/wp-content\/uploads\/2024\/12\/20240402_062649-500x375.jpg\" class=\"attachment-woocommerce_thumbnail size-woocommerce_thumbnail wp-post-image\" alt=\"\" srcset=\"https:\/\/shop.trikatex.fi\/wp-content\/uploads\/2024\/12\/20240402_062649-16x12.jpg 16w, https:\/\/shop.trikatex.fi\/wp-content\/uploads\/2024\/12\/20240402_062649-200x150.jpg 200w, https:\/\/shop.trikatex.fi\/wp-content\/uploads\/2024\/12\/20240402_062649-300x225.jpg 300w, https:\/\/shop.trikatex.fi\/wp-content\/uploads\/2024\/12\/20240402_062649-400x300.jpg 400w, https:\/\/shop.trikatex.fi\/wp-content\/uploads\/2024\/12\/20240402_062649-500x375.jpg 500w, https:\/\/shop.trikatex.fi\/wp-content\/uploads\/2024\/12\/20240402_062649-600x450.jpg 600w, https:\/\/shop.trikatex.fi\/wp-content\/uploads\/2024\/12\/20240402_062649-700x525.jpg 700w, https:\/\/shop.trikatex.fi\/wp-content\/uploads\/2024\/12\/20240402_062649-768x576.jpg 768w, https:\/\/shop.trikatex.fi\/wp-content\/uploads\/2024\/12\/20240402_062649-800x600.jpg 800w, https:\/\/shop.trikatex.fi\/wp-content\/uploads\/2024\/12\/20240402_062649-1024x768.jpg 1024w, https:\/\/shop.trikatex.fi\/wp-content\/uploads\/2024\/12\/20240402_062649-1200x900.jpg 1200w, https:\/\/shop.trikatex.fi\/wp-content\/uploads\/2024\/12\/20240402_062649-1536x1152.jpg 1536w\" sizes=\"(max-width: 500px) 100vw, 500px\" \/>\n\t\t\t\t\t\t<div class=\"cart-loading\"><i class=\"awb-icon-spinner\" aria-hidden=\"true\"><\/i><\/div>\n\t\t\t<\/div>\n<\/a>\n<div class=\"fusion-product-content\">\n\t<div class=\"product-details\">\n\t\t<div class=\"product-details-container\">\n<h3 class=\"product-title\">\n\t<a href=\"https:\/\/shop.trikatex.fi\/sv\/product\/hitsaussermit-omien-mittojen-mukaan\/\">\n\t\tSvetssk\u00e4rmar enligt egna m\u00e5tt\t<\/a>\n<\/h3>\n<div class=\"fusion-price-rating\">\n\n\t\t<\/div>\n\t<\/div>\n<\/div>\n\n\n\t<div class=\"product-buttons\">\n\t\t<div class=\"fusion-content-sep sep-double sep-solid\"><\/div>\n\t\t<div class=\"product-buttons-container clearfix\">\n\n<a href=\"https:\/\/shop.trikatex.fi\/sv\/product\/hitsaussermit-omien-mittojen-mukaan\/\" class=\"show_details_button\" style=\"float:none;max-width:none;text-align:center;\">\n\tDetails<\/a>\n\n\n\t<\/div>\n\t<\/div>\n\n\t<\/div> <\/div>\n<\/li>\n<li class=\"product type-product post-1364 status-publish last instock product_cat-hitsausverhot product_cat-sisaverhot has-post-thumbnail taxable shipping-taxable purchasable product-type-simple product-grid-view\">\n\t<div class=\"fusion-product-wrapper\">\n<a href=\"https:\/\/shop.trikatex.fi\/sv\/product\/ikkunamuovi-ren-480-bt-fr-h68\/\" class=\"product-images\" aria-label=\"F\u00f6nsterplast REN.480.BT.FR.H68\">\n\n<div class=\"featured-image\">\n\t\t<img decoding=\"async\" width=\"500\" height=\"369\" src=\"https:\/\/shop.trikatex.fi\/wp-content\/uploads\/2024\/01\/Ikkunamuovi-500x369.jpg\" class=\"attachment-woocommerce_thumbnail size-woocommerce_thumbnail wp-post-image\" alt=\"\" srcset=\"https:\/\/shop.trikatex.fi\/wp-content\/uploads\/2024\/01\/Ikkunamuovi-16x12.jpg 16w, https:\/\/shop.trikatex.fi\/wp-content\/uploads\/2024\/01\/Ikkunamuovi-200x147.jpg 200w, https:\/\/shop.trikatex.fi\/wp-content\/uploads\/2024\/01\/Ikkunamuovi-300x221.jpg 300w, https:\/\/shop.trikatex.fi\/wp-content\/uploads\/2024\/01\/Ikkunamuovi-400x295.jpg 400w, https:\/\/shop.trikatex.fi\/wp-content\/uploads\/2024\/01\/Ikkunamuovi-500x369.jpg 500w, https:\/\/shop.trikatex.fi\/wp-content\/uploads\/2024\/01\/Ikkunamuovi-600x442.jpg 600w, https:\/\/shop.trikatex.fi\/wp-content\/uploads\/2024\/01\/Ikkunamuovi-700x516.jpg 700w, https:\/\/shop.trikatex.fi\/wp-content\/uploads\/2024\/01\/Ikkunamuovi-768x566.jpg 768w, https:\/\/shop.trikatex.fi\/wp-content\/uploads\/2024\/01\/Ikkunamuovi-800x590.jpg 800w, https:\/\/shop.trikatex.fi\/wp-content\/uploads\/2024\/01\/Ikkunamuovi-1024x755.jpg 1024w, https:\/\/shop.trikatex.fi\/wp-content\/uploads\/2024\/01\/Ikkunamuovi-1200x885.jpg 1200w, https:\/\/shop.trikatex.fi\/wp-content\/uploads\/2024\/01\/Ikkunamuovi.jpg 1367w\" sizes=\"(max-width: 500px) 100vw, 500px\" \/>\n\t\t\t\t\t\t<div class=\"cart-loading\"><i class=\"awb-icon-spinner\" aria-hidden=\"true\"><\/i><\/div>\n\t\t\t<\/div>\n<\/a>\n<div class=\"fusion-product-content\">\n\t<div class=\"product-details\">\n\t\t<div class=\"product-details-container\">\n<h3 class=\"product-title\">\n\t<a href=\"https:\/\/shop.trikatex.fi\/sv\/product\/ikkunamuovi-ren-480-bt-fr-h68\/\">\n\t\tF\u00f6nsterplast REN.480.BT.FR.H68\t<\/a>\n<\/h3>\n<div class=\"fusion-price-rating\">\n\n\t<span class=\"price\"><span class=\"woocommerce-Price-amount amount\"><bdi>32.24&nbsp;<span class=\"woocommerce-Price-currencySymbol\">&euro;<\/span><\/bdi><\/span><\/span>\n\t\t<\/div>\n\t<\/div>\n<\/div>\n\n\n\t<div class=\"product-buttons\">\n\t\t<div class=\"fusion-content-sep sep-double sep-solid\"><\/div>\n\t\t<div class=\"product-buttons-container clearfix\">\n<a href=\"\/sv\/wp-json\/wp\/v2\/pages\/146?add-to-cart=1364\"  data-quantity=\"1\" class=\"button product_type_simple add_to_cart_button ajax_add_to_cart\" data-product_id=\"1364\" data-product_sku=\"\" aria-label=\"L\u00e4gg till i varukorgen: \u201dIkkunamuovi REN.480.BT.FR.H68\u201d\" rel=\"nofollow\" data-no-translation=\"\" data-trp-gettext=\"\" data-no-translation-aria-label=\"\">L\u00e4gg till i varukorg<\/a>\n<a href=\"https:\/\/shop.trikatex.fi\/sv\/product\/ikkunamuovi-ren-480-bt-fr-h68\/\" class=\"show_details_button\">\n\tDetails<\/a>\n\n\n\t<\/div>\n\t<\/div>\n\n\t<\/div> <\/div>\n<\/li>\n<\/ul><div class=\"fusion-woo-product-grid-pagination fusion-clearfix\"><\/div><\/div><\/div><\/div><\/div><\/div>","protected":false},"excerpt":{"rendered":"","protected":false},"author":1,"featured_media":0,"parent":0,"menu_order":0,"comment_status":"closed","ping_status":"closed","template":"","meta":{"footnotes":""},"class_list":["post-146","page","type-page","status-publish","hentry"],"aioseo_notices":[],"_links":{"self":[{"href":"https:\/\/shop.trikatex.fi\/sv\/wp-json\/wp\/v2\/pages\/146","targetHints":{"allow":["GET"]}}],"collection":[{"href":"https:\/\/shop.trikatex.fi\/sv\/wp-json\/wp\/v2\/pages"}],"about":[{"href":"https:\/\/shop.trikatex.fi\/sv\/wp-json\/wp\/v2\/types\/page"}],"author":[{"embeddable":true,"href":"https:\/\/shop.trikatex.fi\/sv\/wp-json\/wp\/v2\/users\/1"}],"replies":[{"embeddable":true,"href":"https:\/\/shop.trikatex.fi\/sv\/wp-json\/wp\/v2\/comments?post=146"}],"version-history":[{"count":9,"href":"https:\/\/shop.trikatex.fi\/sv\/wp-json\/wp\/v2\/pages\/146\/revisions"}],"predecessor-version":[{"id":1557,"href":"https:\/\/shop.trikatex.fi\/sv\/wp-json\/wp\/v2\/pages\/146\/revisions\/1557"}],"wp:attachment":[{"href":"https:\/\/shop.trikatex.fi\/sv\/wp-json\/wp\/v2\/media?parent=146"}],"curies":[{"name":"wp","href":"https:\/\/api.w.org\/{rel}","templated":true}]}}