{"id":181,"date":"2023-08-22T11:07:29","date_gmt":"2023-08-22T11:07:29","guid":{"rendered":"https:\/\/shop.trikatex.fi\/?page_id=181"},"modified":"2026-04-10T05:33:54","modified_gmt":"2026-04-10T05:33:54","slug":"erikoistuotteet-specialprodukter","status":"publish","type":"page","link":"https:\/\/shop.trikatex.fi\/sv\/erikoistuotteet-specialprodukter\/","title":{"rendered":"Erikoistuotteet &#8211; Specialprodukter"},"content":{"rendered":"<p><div class=\"fusion-fullwidth fullwidth-box fusion-builder-row-1 fusion-flex-container has-pattern-background has-mask-background nonhundred-percent-fullwidth non-hundred-percent-height-scrolling\" style=\"--awb-border-radius-top-left:0px;--awb-border-radius-top-right:0px;--awb-border-radius-bottom-right:0px;--awb-border-radius-bottom-left:0px;--awb-flex-wrap:wrap;\" ><div class=\"fusion-builder-row fusion-row fusion-flex-align-items-flex-start fusion-flex-content-wrap\" style=\"max-width:calc( 1200px + 10px );margin-left: calc(-10px \/ 2 );margin-right: calc(-10px \/ 2 );\"><div class=\"fusion-layout-column fusion_builder_column fusion-builder-column-0 fusion_builder_column_1_3 1_3 fusion-flex-column\" style=\"--awb-bg-size:cover;--awb-width-large:33.333333333333%;--awb-margin-top-large:0px;--awb-spacing-right-large:5px;--awb-margin-bottom-large:20px;--awb-spacing-left-large:5px;--awb-width-medium:33.333333333333%;--awb-order-medium:0;--awb-spacing-right-medium:5px;--awb-spacing-left-medium:5px;--awb-width-small:100%;--awb-order-small:0;--awb-spacing-right-small:5px;--awb-spacing-left-small:5px;\"><div class=\"fusion-column-wrapper fusion-column-has-shadow fusion-flex-justify-content-flex-start fusion-content-layout-column\"><div class=\"fusion-image-carousel fusion-image-carousel-auto fusion-image-carousel-1\"><div class=\"awb-carousel awb-swiper awb-swiper-carousel\" data-autoplay=\"no\" data-columns=\"1\" data-itemmargin=\"10\" data-itemwidth=\"180\" data-touchscroll=\"no\" data-imagesize=\"auto\" style=\"--awb-columns:1;--awb-column-spacing:10px;--awb-caption-title-color:#ffffff;--awb-caption-title-transform:var(--awb-typography1-text-transform);--awb-caption-title-line-height:32px;--awb-caption-title-letter-spacing:0px;--awb-caption-text-color:#ffffff;--awb-caption-text-size:15px;--awb-caption-text-transform:var(--awb-typography2-text-transform);--awb-caption-text-line-height:18px;--awb-caption-text-letter-spacing:0px;--awb-caption-border-color:#ffffff;--awb-caption-overlay-color:#141617;--awb-caption-title-font-family:&quot;Inter&quot;;--awb-caption-title-font-style:normal;--awb-caption-title-font-weight:600;--awb-caption-text-font-family:&quot;Almarai&quot;;--awb-caption-text-font-style:normal;--awb-caption-text-font-weight:400;\"><div class=\"swiper-wrapper awb-image-carousel-wrapper fusion-flex-align-items-flex-start\"><div class=\"swiper-slide\"><div class=\"fusion-carousel-item-wrapper\"><div class=\"fusion-image-wrapper awb-imageframe-style awb-imageframe-style-dario\"><a href=\"\/sv\/shop\/suojahuput-skyddshuvor\/\" target=\"_self\"><img decoding=\"async\" width=\"500\" height=\"500\" src=\"https:\/\/shop.trikatex.fi\/wp-content\/uploads\/2024\/01\/Suojahuput.jpg\" class=\"attachment-full size-full\" alt=\"\" srcset=\"https:\/\/shop.trikatex.fi\/wp-content\/uploads\/2024\/01\/Suojahuput-12x12.jpg 12w, https:\/\/shop.trikatex.fi\/wp-content\/uploads\/2024\/01\/Suojahuput-66x66.jpg 66w, https:\/\/shop.trikatex.fi\/wp-content\/uploads\/2024\/01\/Suojahuput-150x150.jpg 150w, https:\/\/shop.trikatex.fi\/wp-content\/uploads\/2024\/01\/Suojahuput-200x200.jpg 200w, https:\/\/shop.trikatex.fi\/wp-content\/uploads\/2024\/01\/Suojahuput-300x300.jpg 300w, https:\/\/shop.trikatex.fi\/wp-content\/uploads\/2024\/01\/Suojahuput-400x400.jpg 400w, https:\/\/shop.trikatex.fi\/wp-content\/uploads\/2024\/01\/Suojahuput.jpg 500w\" sizes=\"(max-width: 500px) 100vw, 500px\" \/><div class=\"awb-imageframe-caption-container\"><div class=\"awb-imageframe-caption\"><div class=\"awb-imageframe-caption-title\">Skyddshuvor<\/div><\/div><\/div><\/a><\/div><\/div><\/div><\/div><\/div><\/div><\/div><\/div><div class=\"fusion-layout-column fusion_builder_column fusion-builder-column-1 fusion_builder_column_1_3 1_3 fusion-flex-column\" style=\"--awb-bg-size:cover;--awb-width-large:33.333333333333%;--awb-margin-top-large:0px;--awb-spacing-right-large:5px;--awb-margin-bottom-large:20px;--awb-spacing-left-large:5px;--awb-width-medium:33.333333333333%;--awb-order-medium:0;--awb-spacing-right-medium:5px;--awb-spacing-left-medium:5px;--awb-width-small:100%;--awb-order-small:0;--awb-spacing-right-small:5px;--awb-spacing-left-small:5px;\"><div class=\"fusion-column-wrapper fusion-column-has-shadow fusion-flex-justify-content-flex-start fusion-content-layout-column\"><div class=\"fusion-image-carousel fusion-image-carousel-auto fusion-image-carousel-2\"><div class=\"awb-carousel awb-swiper awb-swiper-carousel\" data-autoplay=\"no\" data-columns=\"1\" data-itemmargin=\"10\" data-itemwidth=\"180\" data-touchscroll=\"no\" data-imagesize=\"auto\" style=\"--awb-columns:1;--awb-column-spacing:10px;--awb-caption-title-color:#ffffff;--awb-caption-title-transform:var(--awb-typography1-text-transform);--awb-caption-title-line-height:32px;--awb-caption-title-letter-spacing:0px;--awb-caption-text-color:#ffffff;--awb-caption-text-size:15px;--awb-caption-text-transform:var(--awb-typography2-text-transform);--awb-caption-text-line-height:18px;--awb-caption-text-letter-spacing:0px;--awb-caption-border-color:#ffffff;--awb-caption-overlay-color:#141617;--awb-caption-title-font-family:&quot;Inter&quot;;--awb-caption-title-font-style:normal;--awb-caption-title-font-weight:600;--awb-caption-text-font-family:&quot;Almarai&quot;;--awb-caption-text-font-style:normal;--awb-caption-text-font-weight:400;\"><div class=\"swiper-wrapper awb-image-carousel-wrapper fusion-flex-align-items-flex-start\"><div class=\"swiper-slide\"><div class=\"fusion-carousel-item-wrapper\"><div class=\"fusion-image-wrapper awb-imageframe-style awb-imageframe-style-dario\"><a href=\"\/sv\/shop\/laivanlepuuttajat-fartygsfendrar\/\" target=\"_self\"><img decoding=\"async\" width=\"500\" height=\"500\" src=\"https:\/\/shop.trikatex.fi\/wp-content\/uploads\/2024\/01\/LAIVANLEPUUTTAJAT.jpg\" class=\"attachment-full size-full\" alt=\"\" srcset=\"https:\/\/shop.trikatex.fi\/wp-content\/uploads\/2024\/01\/LAIVANLEPUUTTAJAT-12x12.jpg 12w, https:\/\/shop.trikatex.fi\/wp-content\/uploads\/2024\/01\/LAIVANLEPUUTTAJAT-66x66.jpg 66w, https:\/\/shop.trikatex.fi\/wp-content\/uploads\/2024\/01\/LAIVANLEPUUTTAJAT-150x150.jpg 150w, https:\/\/shop.trikatex.fi\/wp-content\/uploads\/2024\/01\/LAIVANLEPUUTTAJAT-200x200.jpg 200w, https:\/\/shop.trikatex.fi\/wp-content\/uploads\/2024\/01\/LAIVANLEPUUTTAJAT-300x300.jpg 300w, https:\/\/shop.trikatex.fi\/wp-content\/uploads\/2024\/01\/LAIVANLEPUUTTAJAT-400x400.jpg 400w, https:\/\/shop.trikatex.fi\/wp-content\/uploads\/2024\/01\/LAIVANLEPUUTTAJAT.jpg 500w\" sizes=\"(max-width: 500px) 100vw, 500px\" \/><div class=\"awb-imageframe-caption-container\"><div class=\"awb-imageframe-caption\"><div class=\"awb-imageframe-caption-title\">Fartygsfendrar<\/div><\/div><\/div><\/a><\/div><\/div><\/div><\/div><\/div><\/div><\/div><\/div><div class=\"fusion-layout-column fusion_builder_column fusion-builder-column-2 fusion_builder_column_1_3 1_3 fusion-flex-column\" style=\"--awb-bg-size:cover;--awb-width-large:33.333333333333%;--awb-margin-top-large:0px;--awb-spacing-right-large:5px;--awb-margin-bottom-large:20px;--awb-spacing-left-large:5px;--awb-width-medium:33.333333333333%;--awb-order-medium:0;--awb-spacing-right-medium:5px;--awb-spacing-left-medium:5px;--awb-width-small:100%;--awb-order-small:0;--awb-spacing-right-small:5px;--awb-spacing-left-small:5px;\"><div class=\"fusion-column-wrapper fusion-column-has-shadow fusion-flex-justify-content-flex-start fusion-content-layout-column\"><div class=\"fusion-image-carousel fusion-image-carousel-auto fusion-image-carousel-3\"><div class=\"awb-carousel awb-swiper awb-swiper-carousel\" data-autoplay=\"no\" data-columns=\"1\" data-itemmargin=\"10\" data-itemwidth=\"180\" data-touchscroll=\"no\" data-imagesize=\"auto\" style=\"--awb-columns:1;--awb-column-spacing:10px;--awb-caption-title-color:#ffffff;--awb-caption-title-transform:var(--awb-typography1-text-transform);--awb-caption-title-line-height:32px;--awb-caption-title-letter-spacing:0px;--awb-caption-text-color:#ffffff;--awb-caption-text-size:15px;--awb-caption-text-transform:var(--awb-typography2-text-transform);--awb-caption-text-line-height:18px;--awb-caption-text-letter-spacing:0px;--awb-caption-border-color:#ffffff;--awb-caption-overlay-color:#141617;--awb-caption-title-font-family:&quot;Inter&quot;;--awb-caption-title-font-style:normal;--awb-caption-title-font-weight:600;--awb-caption-text-font-family:&quot;Almarai&quot;;--awb-caption-text-font-style:normal;--awb-caption-text-font-weight:400;\"><div class=\"swiper-wrapper awb-image-carousel-wrapper fusion-flex-align-items-flex-start\"><div class=\"swiper-slide\"><div class=\"fusion-carousel-item-wrapper\"><div class=\"fusion-image-wrapper awb-imageframe-style awb-imageframe-style-dario\"><a href=\"\/sv\/shop\/kaantopoijut-vandbojor\/\" target=\"_self\"><img decoding=\"async\" width=\"500\" height=\"500\" src=\"https:\/\/shop.trikatex.fi\/wp-content\/uploads\/2024\/01\/vandboijar.jpg\" class=\"attachment-full size-full\" alt=\"\" srcset=\"https:\/\/shop.trikatex.fi\/wp-content\/uploads\/2024\/01\/vandboijar-12x12.jpg 12w, https:\/\/shop.trikatex.fi\/wp-content\/uploads\/2024\/01\/vandboijar-66x66.jpg 66w, https:\/\/shop.trikatex.fi\/wp-content\/uploads\/2024\/01\/vandboijar-150x150.jpg 150w, https:\/\/shop.trikatex.fi\/wp-content\/uploads\/2024\/01\/vandboijar-200x200.jpg 200w, https:\/\/shop.trikatex.fi\/wp-content\/uploads\/2024\/01\/vandboijar-300x300.jpg 300w, https:\/\/shop.trikatex.fi\/wp-content\/uploads\/2024\/01\/vandboijar-400x400.jpg 400w, https:\/\/shop.trikatex.fi\/wp-content\/uploads\/2024\/01\/vandboijar.jpg 500w\" sizes=\"(max-width: 500px) 100vw, 500px\" \/><div class=\"awb-imageframe-caption-container\"><div class=\"awb-imageframe-caption\"><div class=\"awb-imageframe-caption-title\">V\u00e4ndbojar<\/div><\/div><\/div><\/a><\/div><\/div><\/div><\/div><\/div><\/div><\/div><\/div><div class=\"fusion-layout-column fusion_builder_column fusion-builder-column-3 fusion_builder_column_1_3 1_3 fusion-flex-column\" style=\"--awb-bg-size:cover;--awb-width-large:33.333333333333%;--awb-margin-top-large:0px;--awb-spacing-right-large:5px;--awb-margin-bottom-large:20px;--awb-spacing-left-large:5px;--awb-width-medium:33.333333333333%;--awb-order-medium:0;--awb-spacing-right-medium:5px;--awb-spacing-left-medium:5px;--awb-width-small:100%;--awb-order-small:0;--awb-spacing-right-small:5px;--awb-spacing-left-small:5px;\"><div class=\"fusion-column-wrapper fusion-column-has-shadow fusion-flex-justify-content-flex-start fusion-content-layout-column\"><div class=\"fusion-image-carousel fusion-image-carousel-auto fusion-image-carousel-4\"><div class=\"awb-carousel awb-swiper awb-swiper-carousel\" data-autoplay=\"no\" data-columns=\"1\" data-itemmargin=\"10\" data-itemwidth=\"180\" data-touchscroll=\"no\" data-imagesize=\"auto\" style=\"--awb-columns:1;--awb-column-spacing:10px;--awb-caption-title-color:#ffffff;--awb-caption-title-transform:var(--awb-typography1-text-transform);--awb-caption-title-line-height:32px;--awb-caption-title-letter-spacing:0px;--awb-caption-text-color:#ffffff;--awb-caption-text-size:15px;--awb-caption-text-transform:var(--awb-typography2-text-transform);--awb-caption-text-line-height:18px;--awb-caption-text-letter-spacing:0px;--awb-caption-border-color:#ffffff;--awb-caption-overlay-color:#141617;--awb-caption-title-font-family:&quot;Inter&quot;;--awb-caption-title-font-style:normal;--awb-caption-title-font-weight:600;--awb-caption-text-font-family:&quot;Almarai&quot;;--awb-caption-text-font-style:normal;--awb-caption-text-font-weight:400;\"><div class=\"swiper-wrapper awb-image-carousel-wrapper fusion-flex-align-items-flex-start\"><div class=\"swiper-slide\"><div class=\"fusion-carousel-item-wrapper\"><div class=\"fusion-image-wrapper awb-imageframe-style awb-imageframe-style-dario\"><a href=\"\/sv\/shop\/erikoistuottet-kehykset-specialprodukter-ramar\/\" target=\"_self\"><img decoding=\"async\" width=\"500\" height=\"500\" src=\"https:\/\/shop.trikatex.fi\/wp-content\/uploads\/2024\/01\/KEHYKSET.jpg\" class=\"attachment-full size-full\" alt=\"\" srcset=\"https:\/\/shop.trikatex.fi\/wp-content\/uploads\/2024\/01\/KEHYKSET-12x12.jpg 12w, https:\/\/shop.trikatex.fi\/wp-content\/uploads\/2024\/01\/KEHYKSET-66x66.jpg 66w, https:\/\/shop.trikatex.fi\/wp-content\/uploads\/2024\/01\/KEHYKSET-150x150.jpg 150w, https:\/\/shop.trikatex.fi\/wp-content\/uploads\/2024\/01\/KEHYKSET-200x200.jpg 200w, https:\/\/shop.trikatex.fi\/wp-content\/uploads\/2024\/01\/KEHYKSET-300x300.jpg 300w, https:\/\/shop.trikatex.fi\/wp-content\/uploads\/2024\/01\/KEHYKSET-400x400.jpg 400w, https:\/\/shop.trikatex.fi\/wp-content\/uploads\/2024\/01\/KEHYKSET.jpg 500w\" sizes=\"(max-width: 500px) 100vw, 500px\" \/><div class=\"awb-imageframe-caption-container\"><div class=\"awb-imageframe-caption\"><div class=\"awb-imageframe-caption-title\">Ramar<\/div><\/div><\/div><\/a><\/div><\/div><\/div><\/div><\/div><\/div><\/div><\/div><\/div><\/div><div class=\"fusion-fullwidth fullwidth-box fusion-builder-row-2 fusion-flex-container has-pattern-background has-mask-background nonhundred-percent-fullwidth non-hundred-percent-height-scrolling\" style=\"--awb-border-radius-top-left:0px;--awb-border-radius-top-right:0px;--awb-border-radius-bottom-right:0px;--awb-border-radius-bottom-left:0px;--awb-flex-wrap:wrap;\" ><div class=\"fusion-builder-row fusion-row fusion-flex-align-items-flex-start fusion-flex-content-wrap\" style=\"max-width:1248px;margin-left: calc(-4% \/ 2 );margin-right: calc(-4% \/ 2 );\"><div class=\"fusion-layout-column fusion_builder_column fusion-builder-column-4 fusion_builder_column_1_2 1_2 fusion-flex-column\" style=\"--awb-bg-size:cover;--awb-width-large:50%;--awb-margin-top-large:0px;--awb-spacing-right-large:3.84%;--awb-margin-bottom-large:20px;--awb-spacing-left-large:3.84%;--awb-width-medium:50%;--awb-order-medium:0;--awb-spacing-right-medium:3.84%;--awb-spacing-left-medium:3.84%;--awb-width-small:100%;--awb-order-small:0;--awb-spacing-right-small:1.92%;--awb-spacing-left-small:1.92%;\"><div class=\"fusion-column-wrapper fusion-column-has-shadow fusion-flex-justify-content-flex-start fusion-content-layout-column\"><div class=\"fusion-text fusion-text-1\" style=\"--awb-content-alignment:left;\"><p>Fr\u00e5n Trikatex kan du m\u00e5ttbest\u00e4lla presenningar och skyddsl\u00f6sningar f\u00f6r m\u00e5nga olika branscher. Vi tillverkar bland annat skyddshuvor och skyddsb\u00e4lgar som anv\u00e4nds f\u00f6r att skydda maskiner och produkter vid f\u00f6rvaring eller transport. Alla l\u00f6sningar tillverkas i slitstark PVC-duk som klarar kr\u00e4vande anv\u00e4ndning och varierande v\u00e4derf\u00f6rh\u00e5llanden.<\/p>\n<p>V\u00e5ra presenningar anv\u00e4nds \u00e4ven inom fiskeindustrin, till exempel f\u00f6r bass\u00e4nger och andra skyddsl\u00f6sningar, samt inom jordbruket f\u00f6r att skydda maskiner, byggnader och djurh\u00e5llning. Ut\u00f6ver detta kan vi tillverka skr\u00e4ddarsydda specialprodukter efter kundens behov \u2013 b\u00e5de som enstaka l\u00f6sningar och i serieproduktion f\u00f6r f\u00f6retag.<\/p>\n<\/div><\/div><\/div><div class=\"fusion-layout-column fusion_builder_column fusion-builder-column-5 fusion_builder_column_1_2 1_2 fusion-flex-column\" style=\"--awb-bg-size:cover;--awb-width-large:50%;--awb-margin-top-large:0px;--awb-spacing-right-large:3.84%;--awb-margin-bottom-large:20px;--awb-spacing-left-large:3.84%;--awb-width-medium:50%;--awb-order-medium:0;--awb-spacing-right-medium:3.84%;--awb-spacing-left-medium:3.84%;--awb-width-small:100%;--awb-order-small:0;--awb-spacing-right-small:1.92%;--awb-spacing-left-small:1.92%;\"><div class=\"fusion-column-wrapper fusion-column-has-shadow fusion-flex-justify-content-flex-start fusion-content-layout-column\"><div class=\"fusion-text fusion-text-2\" style=\"--awb-content-alignment:left;\"><p><strong>Se \u00e4ven andra popul\u00e4ra produktkategorier:<\/strong><\/p>\n<p><a href=\"https:\/\/shop.trikatex.fi\/sv\/ovet-ja-verhot-dorrar-och-draperier\/\">Presenningsd\u00f6rrar &amp; PVC-draperier<\/a><\/p>\n<p><a href=\"https:\/\/shop.trikatex.fi\/sv\/kuljetus-ja-maatalous-transport-och-jordbruk\/\">Presenningar f\u00f6r tunga fordon<\/a><\/p>\n<\/div><\/div><\/div><\/div><\/div><\/p>","protected":false},"excerpt":{"rendered":"","protected":false},"author":1,"featured_media":0,"parent":0,"menu_order":0,"comment_status":"closed","ping_status":"closed","template":"","meta":{"footnotes":""},"class_list":["post-181","page","type-page","status-publish","hentry"],"aioseo_notices":[],"_links":{"self":[{"href":"https:\/\/shop.trikatex.fi\/sv\/wp-json\/wp\/v2\/pages\/181","targetHints":{"allow":["GET"]}}],"collection":[{"href":"https:\/\/shop.trikatex.fi\/sv\/wp-json\/wp\/v2\/pages"}],"about":[{"href":"https:\/\/shop.trikatex.fi\/sv\/wp-json\/wp\/v2\/types\/page"}],"author":[{"embeddable":true,"href":"https:\/\/shop.trikatex.fi\/sv\/wp-json\/wp\/v2\/users\/1"}],"replies":[{"embeddable":true,"href":"https:\/\/shop.trikatex.fi\/sv\/wp-json\/wp\/v2\/comments?post=181"}],"version-history":[{"count":30,"href":"https:\/\/shop.trikatex.fi\/sv\/wp-json\/wp\/v2\/pages\/181\/revisions"}],"predecessor-version":[{"id":2749,"href":"https:\/\/shop.trikatex.fi\/sv\/wp-json\/wp\/v2\/pages\/181\/revisions\/2749"}],"wp:attachment":[{"href":"https:\/\/shop.trikatex.fi\/sv\/wp-json\/wp\/v2\/media?parent=181"}],"curies":[{"name":"wp","href":"https:\/\/api.w.org\/{rel}","templated":true}]}}