{"id":188,"date":"2023-08-22T11:13:07","date_gmt":"2023-08-22T11:13:07","guid":{"rendered":"https:\/\/shop.trikatex.fi\/?page_id=188"},"modified":"2023-11-08T09:16:27","modified_gmt":"2023-11-08T09:16:27","slug":"kaantopoijut-vandbojor","status":"publish","type":"page","link":"https:\/\/shop.trikatex.fi\/sv\/kaantopoijut-vandbojor\/","title":{"rendered":"K\u00e4\u00e4nt\u00f6poijut &#8211; V\u00e4ndbojor"},"content":{"rendered":"<div class=\"fusion-fullwidth fullwidth-box fusion-builder-row-1 fusion-flex-container has-pattern-background has-mask-background nonhundred-percent-fullwidth non-hundred-percent-height-scrolling\" style=\"--awb-border-radius-top-left:0px;--awb-border-radius-top-right:0px;--awb-border-radius-bottom-right:0px;--awb-border-radius-bottom-left:0px;--awb-flex-wrap:wrap;\" ><div class=\"fusion-builder-row fusion-row fusion-flex-align-items-flex-start fusion-flex-content-wrap\" style=\"max-width:1248px;margin-left: calc(-4% \/ 2 );margin-right: calc(-4% \/ 2 );\"><div class=\"fusion-layout-column fusion_builder_column fusion-builder-column-0 fusion_builder_column_1_1 1_1 fusion-flex-column\" style=\"--awb-bg-size:cover;--awb-width-large:100%;--awb-margin-top-large:0px;--awb-spacing-right-large:1.92%;--awb-margin-bottom-large:20px;--awb-spacing-left-large:1.92%;--awb-width-medium:100%;--awb-order-medium:0;--awb-spacing-right-medium:1.92%;--awb-spacing-left-medium:1.92%;--awb-width-small:100%;--awb-order-small:0;--awb-spacing-right-small:1.92%;--awb-spacing-left-small:1.92%;\"><div class=\"fusion-column-wrapper fusion-column-has-shadow fusion-flex-justify-content-flex-start fusion-content-layout-column\"><div class=\"fusion-woo-product-grid fusion-product-archive fusion-woo-product-grid-1\"><ul class=\"products products-3\"><li class=\"product type-product post-1207 status-publish first instock product_cat-erikoistuotteet-kaantopoijut has-post-thumbnail taxable shipping-taxable purchasable product-type-simple product-grid-view\">\n\t<div class=\"fusion-product-wrapper\">\n<a href=\"https:\/\/shop.trikatex.fi\/sv\/product\/03-474-7010-paine-tayttoventtiili-3-4\/\" class=\"product-images\" aria-label=\"03-374-7077 paineventtiili 3\/4&#8243; 0,07bar\">\n\n<div class=\"featured-image\">\n\t\t<img decoding=\"async\" width=\"230\" height=\"184\" src=\"https:\/\/shop.trikatex.fi\/wp-content\/uploads\/2023\/12\/relief-valve-plastic-abs-24.jpg\" class=\"attachment-woocommerce_thumbnail size-woocommerce_thumbnail wp-post-image\" alt=\"\" srcset=\"https:\/\/shop.trikatex.fi\/wp-content\/uploads\/2023\/12\/relief-valve-plastic-abs-24-15x12.jpg 15w, https:\/\/shop.trikatex.fi\/wp-content\/uploads\/2023\/12\/relief-valve-plastic-abs-24-177x142.jpg 177w, https:\/\/shop.trikatex.fi\/wp-content\/uploads\/2023\/12\/relief-valve-plastic-abs-24-200x160.jpg 200w, https:\/\/shop.trikatex.fi\/wp-content\/uploads\/2023\/12\/relief-valve-plastic-abs-24.jpg 230w\" sizes=\"(max-width: 230px) 100vw, 230px\" \/>\n\t\t\t\t\t\t<div class=\"cart-loading\"><i class=\"awb-icon-spinner\" aria-hidden=\"true\"><\/i><\/div>\n\t\t\t<\/div>\n<\/a>\n<div class=\"fusion-product-content\">\n\t<div class=\"product-details\">\n\t\t<div class=\"product-details-container\">\n<h3 class=\"product-title\">\n\t<a href=\"https:\/\/shop.trikatex.fi\/sv\/product\/03-474-7010-paine-tayttoventtiili-3-4\/\">\n\t\t03-374-7077 tryckventil 3\/4\" 0,07bar\t<\/a>\n<\/h3>\n<div class=\"fusion-price-rating\">\n\n\t<span class=\"price\"><span class=\"woocommerce-Price-amount amount\"><bdi>34.72&nbsp;<span class=\"woocommerce-Price-currencySymbol\">&euro;<\/span><\/bdi><\/span><\/span>\n\t\t<\/div>\n\t<\/div>\n<\/div>\n\n\n\t<div class=\"product-buttons\">\n\t\t<div class=\"fusion-content-sep sep-double sep-solid\"><\/div>\n\t\t<div class=\"product-buttons-container clearfix\">\n<a href=\"\/sv\/wp-json\/wp\/v2\/pages\/188?add-to-cart=1207\"  data-quantity=\"1\" class=\"button product_type_simple add_to_cart_button ajax_add_to_cart\" data-product_id=\"1207\" data-product_sku=\"\" aria-label=\"L\u00e4gg till i varukorgen: \u201d03-374-7077 paineventtiili 3\/4&quot; 0,07bar\u201d\" rel=\"nofollow\" data-no-translation=\"\" data-trp-gettext=\"\" data-no-translation-aria-label=\"\">L\u00e4gg till i varukorg<\/a>\n<a href=\"https:\/\/shop.trikatex.fi\/sv\/product\/03-474-7010-paine-tayttoventtiili-3-4\/\" class=\"show_details_button\">\n\tDetails<\/a>\n\n\n\t<\/div>\n\t<\/div>\n\n\t<\/div> <\/div>\n<\/li>\n<li class=\"product type-product post-1209 status-publish instock product_cat-erikoistuotteet-kaantopoijut has-post-thumbnail taxable shipping-taxable purchasable product-type-simple product-grid-view\">\n\t<div class=\"fusion-product-wrapper\">\n<a href=\"https:\/\/shop.trikatex.fi\/sv\/product\/03-474-7010-taytto-paineventtiili-3-4\/\" class=\"product-images\" aria-label=\"03-474-7010 t\u00e4ytt\u00f6\/paineventtiili 3\/4&#8243;\">\n\n<div class=\"featured-image\">\n\t\t<img decoding=\"async\" width=\"230\" height=\"184\" src=\"https:\/\/shop.trikatex.fi\/wp-content\/uploads\/2023\/12\/inflation-valve-pressure-valve-for-inflatables-plastic-abs-25.jpg\" class=\"attachment-woocommerce_thumbnail size-woocommerce_thumbnail wp-post-image\" alt=\"\" srcset=\"https:\/\/shop.trikatex.fi\/wp-content\/uploads\/2023\/12\/inflation-valve-pressure-valve-for-inflatables-plastic-abs-25-15x12.jpg 15w, https:\/\/shop.trikatex.fi\/wp-content\/uploads\/2023\/12\/inflation-valve-pressure-valve-for-inflatables-plastic-abs-25-177x142.jpg 177w, https:\/\/shop.trikatex.fi\/wp-content\/uploads\/2023\/12\/inflation-valve-pressure-valve-for-inflatables-plastic-abs-25-200x160.jpg 200w, https:\/\/shop.trikatex.fi\/wp-content\/uploads\/2023\/12\/inflation-valve-pressure-valve-for-inflatables-plastic-abs-25.jpg 230w\" sizes=\"(max-width: 230px) 100vw, 230px\" \/>\n\t\t\t\t\t\t<div class=\"cart-loading\"><i class=\"awb-icon-spinner\" aria-hidden=\"true\"><\/i><\/div>\n\t\t\t<\/div>\n<\/a>\n<div class=\"fusion-product-content\">\n\t<div class=\"product-details\">\n\t\t<div class=\"product-details-container\">\n<h3 class=\"product-title\">\n\t<a href=\"https:\/\/shop.trikatex.fi\/sv\/product\/03-474-7010-taytto-paineventtiili-3-4\/\">\n\t\t03-474-7010 tryck\/p\u00e5fyllningsventil 3\/4\"\t<\/a>\n<\/h3>\n<div class=\"fusion-price-rating\">\n\n\t<span class=\"price\"><span class=\"woocommerce-Price-amount amount\"><bdi>34.72&nbsp;<span class=\"woocommerce-Price-currencySymbol\">&euro;<\/span><\/bdi><\/span><\/span>\n\t\t<\/div>\n\t<\/div>\n<\/div>\n\n\n\t<div class=\"product-buttons\">\n\t\t<div class=\"fusion-content-sep sep-double sep-solid\"><\/div>\n\t\t<div class=\"product-buttons-container clearfix\">\n<a href=\"\/sv\/wp-json\/wp\/v2\/pages\/188?add-to-cart=1209\"  data-quantity=\"1\" class=\"button product_type_simple add_to_cart_button ajax_add_to_cart\" data-product_id=\"1209\" data-product_sku=\"\" aria-label=\"L\u00e4gg till i varukorgen: \u201d03-474-7010 t\u00e4ytt\u00f6\/paineventtiili 3\/4&quot;\u201d\" rel=\"nofollow\" data-no-translation=\"\" data-trp-gettext=\"\" data-no-translation-aria-label=\"\">L\u00e4gg till i varukorg<\/a>\n<a href=\"https:\/\/shop.trikatex.fi\/sv\/product\/03-474-7010-taytto-paineventtiili-3-4\/\" class=\"show_details_button\">\n\tDetails<\/a>\n\n\n\t<\/div>\n\t<\/div>\n\n\t<\/div> <\/div>\n<\/li>\n<li class=\"product type-product post-1211 status-publish last instock product_cat-erikoistuotteet-kaantopoijut has-post-thumbnail taxable shipping-taxable purchasable product-type-simple product-grid-view\">\n\t<div class=\"fusion-product-wrapper\">\n<a href=\"https:\/\/shop.trikatex.fi\/sv\/product\/03-601-3112-pvc-kierreosa-3-4\/\" class=\"product-images\" aria-label=\"03-601-3112 pvc kierreosa 3\/4&#8243;\">\n\n<div class=\"featured-image\">\n\t\t<img decoding=\"async\" width=\"230\" height=\"184\" src=\"https:\/\/shop.trikatex.fi\/wp-content\/uploads\/2023\/12\/threaded-flange-hf-weldable-plastic-pvc-26.jpg\" class=\"attachment-woocommerce_thumbnail size-woocommerce_thumbnail wp-post-image\" alt=\"\" srcset=\"https:\/\/shop.trikatex.fi\/wp-content\/uploads\/2023\/12\/threaded-flange-hf-weldable-plastic-pvc-26-15x12.jpg 15w, https:\/\/shop.trikatex.fi\/wp-content\/uploads\/2023\/12\/threaded-flange-hf-weldable-plastic-pvc-26-177x142.jpg 177w, https:\/\/shop.trikatex.fi\/wp-content\/uploads\/2023\/12\/threaded-flange-hf-weldable-plastic-pvc-26-200x160.jpg 200w, https:\/\/shop.trikatex.fi\/wp-content\/uploads\/2023\/12\/threaded-flange-hf-weldable-plastic-pvc-26.jpg 230w\" sizes=\"(max-width: 230px) 100vw, 230px\" \/>\n\t\t\t\t\t\t<div class=\"cart-loading\"><i class=\"awb-icon-spinner\" aria-hidden=\"true\"><\/i><\/div>\n\t\t\t<\/div>\n<\/a>\n<div class=\"fusion-product-content\">\n\t<div class=\"product-details\">\n\t\t<div class=\"product-details-container\">\n<h3 class=\"product-title\">\n\t<a href=\"https:\/\/shop.trikatex.fi\/sv\/product\/03-601-3112-pvc-kierreosa-3-4\/\">\n\t\t03-601-3112 pvc g\u00e4ngfl\u00e4ns 3\/4\"\t<\/a>\n<\/h3>\n<div class=\"fusion-price-rating\">\n\n\t<span class=\"price\"><span class=\"woocommerce-Price-amount amount\"><bdi>62.00&nbsp;<span class=\"woocommerce-Price-currencySymbol\">&euro;<\/span><\/bdi><\/span><\/span>\n\t\t<\/div>\n\t<\/div>\n<\/div>\n\n\n\t<div class=\"product-buttons\">\n\t\t<div class=\"fusion-content-sep sep-double sep-solid\"><\/div>\n\t\t<div class=\"product-buttons-container clearfix\">\n<a href=\"\/sv\/wp-json\/wp\/v2\/pages\/188?add-to-cart=1211\"  data-quantity=\"1\" class=\"button product_type_simple add_to_cart_button ajax_add_to_cart\" data-product_id=\"1211\" data-product_sku=\"\" aria-label=\"L\u00e4gg till i varukorgen: \u201d03-601-3112 pvc kierreosa 3\/4&quot;\u201d\" rel=\"nofollow\" data-no-translation=\"\" data-trp-gettext=\"\" data-no-translation-aria-label=\"\">L\u00e4gg till i varukorg<\/a>\n<a href=\"https:\/\/shop.trikatex.fi\/sv\/product\/03-601-3112-pvc-kierreosa-3-4\/\" class=\"show_details_button\">\n\tDetails<\/a>\n\n\n\t<\/div>\n\t<\/div>\n\n\t<\/div> <\/div>\n<\/li>\n<li class=\"product type-product post-1307 status-publish first instock product_cat-erikoistuotteet-kaantopoijut has-post-thumbnail taxable shipping-taxable product-type-simple product-grid-view\">\n\t<div class=\"fusion-product-wrapper\">\n<a href=\"https:\/\/shop.trikatex.fi\/sv\/product\/poiju\/\" class=\"product-images\" aria-label=\"V\u00e4ndboj\">\n\n<div class=\"featured-image\">\n\t\t<img decoding=\"async\" width=\"500\" height=\"296\" src=\"https:\/\/shop.trikatex.fi\/wp-content\/uploads\/2023\/12\/20230503_090744-scaled-e1706532880400-500x296.jpg\" class=\"attachment-woocommerce_thumbnail size-woocommerce_thumbnail wp-post-image\" alt=\"\" srcset=\"https:\/\/shop.trikatex.fi\/wp-content\/uploads\/2023\/12\/20230503_090744-scaled-e1706532880400-18x12.jpg 18w, https:\/\/shop.trikatex.fi\/wp-content\/uploads\/2023\/12\/20230503_090744-scaled-e1706532880400-200x118.jpg 200w, https:\/\/shop.trikatex.fi\/wp-content\/uploads\/2023\/12\/20230503_090744-scaled-e1706532880400-300x178.jpg 300w, https:\/\/shop.trikatex.fi\/wp-content\/uploads\/2023\/12\/20230503_090744-scaled-e1706532880400-400x237.jpg 400w, https:\/\/shop.trikatex.fi\/wp-content\/uploads\/2023\/12\/20230503_090744-scaled-e1706532880400-500x296.jpg 500w, https:\/\/shop.trikatex.fi\/wp-content\/uploads\/2023\/12\/20230503_090744-scaled-e1706532880400-600x355.jpg 600w, https:\/\/shop.trikatex.fi\/wp-content\/uploads\/2023\/12\/20230503_090744-scaled-e1706532880400-700x414.jpg 700w, https:\/\/shop.trikatex.fi\/wp-content\/uploads\/2023\/12\/20230503_090744-scaled-e1706532880400-768x455.jpg 768w, https:\/\/shop.trikatex.fi\/wp-content\/uploads\/2023\/12\/20230503_090744-scaled-e1706532880400-800x474.jpg 800w, https:\/\/shop.trikatex.fi\/wp-content\/uploads\/2023\/12\/20230503_090744-scaled-e1706532880400-1024x606.jpg 1024w, https:\/\/shop.trikatex.fi\/wp-content\/uploads\/2023\/12\/20230503_090744-scaled-e1706532880400-1200x711.jpg 1200w, https:\/\/shop.trikatex.fi\/wp-content\/uploads\/2023\/12\/20230503_090744-scaled-e1706532880400-1536x909.jpg 1536w, https:\/\/shop.trikatex.fi\/wp-content\/uploads\/2023\/12\/20230503_090744-scaled-e1706532880400.jpg 1770w\" sizes=\"(max-width: 500px) 100vw, 500px\" \/>\n\t\t\t\t\t\t<div class=\"cart-loading\"><i class=\"awb-icon-spinner\" aria-hidden=\"true\"><\/i><\/div>\n\t\t\t<\/div>\n<\/a>\n<div class=\"fusion-product-content\">\n\t<div class=\"product-details\">\n\t\t<div class=\"product-details-container\">\n<h3 class=\"product-title\">\n\t<a href=\"https:\/\/shop.trikatex.fi\/sv\/product\/poiju\/\">\n\t\tV\u00e4ndboj\t<\/a>\n<\/h3>\n<div class=\"fusion-price-rating\">\n\n\t\t<\/div>\n\t<\/div>\n<\/div>\n\n\n\t<div class=\"product-buttons\">\n\t\t<div class=\"fusion-content-sep sep-double sep-solid\"><\/div>\n\t\t<div class=\"product-buttons-container clearfix\">\n\n<a href=\"https:\/\/shop.trikatex.fi\/sv\/product\/poiju\/\" class=\"show_details_button\" style=\"float:none;max-width:none;text-align:center;\">\n\tDetails<\/a>\n\n\n\t<\/div>\n\t<\/div>\n\n\t<\/div> <\/div>\n<\/li>\n<\/ul><div class=\"fusion-woo-product-grid-pagination fusion-clearfix\"><\/div><\/div><\/div><\/div><\/div><\/div>","protected":false},"excerpt":{"rendered":"","protected":false},"author":1,"featured_media":0,"parent":0,"menu_order":0,"comment_status":"closed","ping_status":"closed","template":"","meta":{"footnotes":""},"class_list":["post-188","page","type-page","status-publish","hentry"],"aioseo_notices":[],"_links":{"self":[{"href":"https:\/\/shop.trikatex.fi\/sv\/wp-json\/wp\/v2\/pages\/188","targetHints":{"allow":["GET"]}}],"collection":[{"href":"https:\/\/shop.trikatex.fi\/sv\/wp-json\/wp\/v2\/pages"}],"about":[{"href":"https:\/\/shop.trikatex.fi\/sv\/wp-json\/wp\/v2\/types\/page"}],"author":[{"embeddable":true,"href":"https:\/\/shop.trikatex.fi\/sv\/wp-json\/wp\/v2\/users\/1"}],"replies":[{"embeddable":true,"href":"https:\/\/shop.trikatex.fi\/sv\/wp-json\/wp\/v2\/comments?post=188"}],"version-history":[{"count":5,"href":"https:\/\/shop.trikatex.fi\/sv\/wp-json\/wp\/v2\/pages\/188\/revisions"}],"predecessor-version":[{"id":762,"href":"https:\/\/shop.trikatex.fi\/sv\/wp-json\/wp\/v2\/pages\/188\/revisions\/762"}],"wp:attachment":[{"href":"https:\/\/shop.trikatex.fi\/sv\/wp-json\/wp\/v2\/media?parent=188"}],"curies":[{"name":"wp","href":"https:\/\/api.w.org\/{rel}","templated":true}]}}