{"id":22,"date":"2023-08-10T07:24:39","date_gmt":"2023-08-10T07:24:39","guid":{"rendered":"https:\/\/shop.trikatex.fi\/?page_id=22"},"modified":"2026-04-10T05:26:59","modified_gmt":"2026-04-10T05:26:59","slug":"kuljetus-ja-maatalous-transport-och-jordbruk","status":"publish","type":"page","link":"https:\/\/shop.trikatex.fi\/sv\/kuljetus-ja-maatalous-transport-och-jordbruk\/","title":{"rendered":"Kuljetus ja maatalous &#8211; Transport och jordbruk"},"content":{"rendered":"<p><div class=\"fusion-fullwidth fullwidth-box fusion-builder-row-1 fusion-flex-container has-pattern-background has-mask-background nonhundred-percent-fullwidth non-hundred-percent-height-scrolling\" style=\"--awb-border-radius-top-left:0px;--awb-border-radius-top-right:0px;--awb-border-radius-bottom-right:0px;--awb-border-radius-bottom-left:0px;--awb-flex-wrap:wrap;\" ><div class=\"fusion-builder-row fusion-row fusion-flex-align-items-flex-start fusion-flex-content-wrap\" style=\"max-width:calc( 1200px + 10px );margin-left: calc(-10px \/ 2 );margin-right: calc(-10px \/ 2 );\"><div class=\"fusion-layout-column fusion_builder_column fusion-builder-column-0 fusion_builder_column_1_3 1_3 fusion-flex-column\" style=\"--awb-bg-size:cover;--awb-width-large:33.333333333333%;--awb-margin-top-large:0px;--awb-spacing-right-large:5px;--awb-margin-bottom-large:20px;--awb-spacing-left-large:5px;--awb-width-medium:33.333333333333%;--awb-order-medium:0;--awb-spacing-right-medium:5px;--awb-spacing-left-medium:5px;--awb-width-small:100%;--awb-order-small:0;--awb-spacing-right-small:5px;--awb-spacing-left-small:5px;\"><div class=\"fusion-column-wrapper fusion-column-has-shadow fusion-flex-justify-content-flex-start fusion-content-layout-column\"><div class=\"fusion-image-carousel fusion-image-carousel-auto fusion-image-carousel-1\"><div class=\"awb-carousel awb-swiper awb-swiper-carousel\" data-autoplay=\"no\" data-columns=\"1\" data-itemmargin=\"10\" data-itemwidth=\"180\" data-touchscroll=\"no\" data-imagesize=\"auto\" style=\"--awb-columns:1;--awb-column-spacing:10px;--awb-caption-title-color:#ffffff;--awb-caption-title-transform:var(--awb-typography1-text-transform);--awb-caption-title-line-height:32px;--awb-caption-title-letter-spacing:0px;--awb-caption-text-color:#ffffff;--awb-caption-text-size:15px;--awb-caption-text-transform:var(--awb-typography2-text-transform);--awb-caption-text-line-height:18px;--awb-caption-text-letter-spacing:0px;--awb-caption-border-color:#ffffff;--awb-caption-overlay-color:#141617;--awb-caption-title-font-family:&quot;Inter&quot;;--awb-caption-title-font-style:normal;--awb-caption-title-font-weight:600;--awb-caption-text-font-family:&quot;Almarai&quot;;--awb-caption-text-font-style:normal;--awb-caption-text-font-weight:400;\"><div class=\"swiper-wrapper awb-image-carousel-wrapper fusion-flex-align-items-flex-start\"><div class=\"swiper-slide\"><div class=\"fusion-carousel-item-wrapper\"><div class=\"fusion-image-wrapper awb-imageframe-style awb-imageframe-style-dario\"><a href=\"\/sv\/shop\/kuormapeittet-flakpresseningar\/\" target=\"_self\"><img decoding=\"async\" width=\"500\" height=\"500\" src=\"https:\/\/shop.trikatex.fi\/wp-content\/uploads\/2024\/01\/Kuormapeiteet.jpg\" class=\"attachment-full size-full\" alt=\"\" srcset=\"https:\/\/shop.trikatex.fi\/wp-content\/uploads\/2024\/01\/Kuormapeiteet-12x12.jpg 12w, https:\/\/shop.trikatex.fi\/wp-content\/uploads\/2024\/01\/Kuormapeiteet-66x66.jpg 66w, https:\/\/shop.trikatex.fi\/wp-content\/uploads\/2024\/01\/Kuormapeiteet-150x150.jpg 150w, https:\/\/shop.trikatex.fi\/wp-content\/uploads\/2024\/01\/Kuormapeiteet-200x200.jpg 200w, https:\/\/shop.trikatex.fi\/wp-content\/uploads\/2024\/01\/Kuormapeiteet-300x300.jpg 300w, https:\/\/shop.trikatex.fi\/wp-content\/uploads\/2024\/01\/Kuormapeiteet-400x400.jpg 400w, https:\/\/shop.trikatex.fi\/wp-content\/uploads\/2024\/01\/Kuormapeiteet.jpg 500w\" sizes=\"(max-width: 500px) 100vw, 500px\" \/><div class=\"awb-imageframe-caption-container\"><div class=\"awb-imageframe-caption\"><div class=\"awb-imageframe-caption-title\">Flakpresseningar<\/div><\/div><\/div><\/a><\/div><\/div><\/div><\/div><\/div><\/div><\/div><\/div><div class=\"fusion-layout-column fusion_builder_column fusion-builder-column-1 fusion_builder_column_1_3 1_3 fusion-flex-column\" style=\"--awb-bg-size:cover;--awb-width-large:33.333333333333%;--awb-margin-top-large:0px;--awb-spacing-right-large:5px;--awb-margin-bottom-large:20px;--awb-spacing-left-large:5px;--awb-width-medium:33.333333333333%;--awb-order-medium:0;--awb-spacing-right-medium:5px;--awb-spacing-left-medium:5px;--awb-width-small:100%;--awb-order-small:0;--awb-spacing-right-small:5px;--awb-spacing-left-small:5px;\"><div class=\"fusion-column-wrapper fusion-column-has-shadow fusion-flex-justify-content-flex-start fusion-content-layout-column\"><div class=\"fusion-image-carousel fusion-image-carousel-auto fusion-image-carousel-2\"><div class=\"awb-carousel awb-swiper awb-swiper-carousel\" data-autoplay=\"no\" data-columns=\"1\" data-itemmargin=\"10\" data-itemwidth=\"180\" data-touchscroll=\"no\" data-imagesize=\"auto\" style=\"--awb-columns:1;--awb-column-spacing:10px;--awb-caption-title-color:#ffffff;--awb-caption-title-transform:var(--awb-typography1-text-transform);--awb-caption-title-line-height:32px;--awb-caption-title-letter-spacing:0px;--awb-caption-text-color:#ffffff;--awb-caption-text-size:15px;--awb-caption-text-transform:var(--awb-typography2-text-transform);--awb-caption-text-line-height:18px;--awb-caption-text-letter-spacing:0px;--awb-caption-border-color:#ffffff;--awb-caption-overlay-color:#141617;--awb-caption-title-font-family:&quot;Inter&quot;;--awb-caption-title-font-style:normal;--awb-caption-title-font-weight:600;--awb-caption-text-font-family:&quot;Almarai&quot;;--awb-caption-text-font-style:normal;--awb-caption-text-font-weight:400;\"><div class=\"swiper-wrapper awb-image-carousel-wrapper fusion-flex-align-items-flex-start\"><div class=\"swiper-slide\"><div class=\"fusion-carousel-item-wrapper\"><div class=\"fusion-image-wrapper awb-imageframe-style awb-imageframe-style-dario\"><a href=\"\/sv\/shop\/kapellisivut-kapellsidor\/\" target=\"_self\"><img decoding=\"async\" width=\"500\" height=\"500\" src=\"https:\/\/shop.trikatex.fi\/wp-content\/uploads\/2024\/01\/kapellisivut.jpg\" class=\"attachment-full size-full\" alt=\"\" srcset=\"https:\/\/shop.trikatex.fi\/wp-content\/uploads\/2024\/01\/kapellisivut-12x12.jpg 12w, https:\/\/shop.trikatex.fi\/wp-content\/uploads\/2024\/01\/kapellisivut-66x66.jpg 66w, https:\/\/shop.trikatex.fi\/wp-content\/uploads\/2024\/01\/kapellisivut-150x150.jpg 150w, https:\/\/shop.trikatex.fi\/wp-content\/uploads\/2024\/01\/kapellisivut-200x200.jpg 200w, https:\/\/shop.trikatex.fi\/wp-content\/uploads\/2024\/01\/kapellisivut-300x300.jpg 300w, https:\/\/shop.trikatex.fi\/wp-content\/uploads\/2024\/01\/kapellisivut-400x400.jpg 400w, https:\/\/shop.trikatex.fi\/wp-content\/uploads\/2024\/01\/kapellisivut.jpg 500w\" sizes=\"(max-width: 500px) 100vw, 500px\" \/><div class=\"awb-imageframe-caption-container\"><div class=\"awb-imageframe-caption\"><div class=\"awb-imageframe-caption-title\">Kapellsidor<\/div><\/div><\/div><\/a><\/div><\/div><\/div><\/div><\/div><\/div><\/div><\/div><div class=\"fusion-layout-column fusion_builder_column fusion-builder-column-2 fusion_builder_column_1_3 1_3 fusion-flex-column\" style=\"--awb-bg-size:cover;--awb-width-large:33.333333333333%;--awb-margin-top-large:0px;--awb-spacing-right-large:5px;--awb-margin-bottom-large:20px;--awb-spacing-left-large:5px;--awb-width-medium:33.333333333333%;--awb-order-medium:0;--awb-spacing-right-medium:5px;--awb-spacing-left-medium:5px;--awb-width-small:100%;--awb-order-small:0;--awb-spacing-right-small:5px;--awb-spacing-left-small:5px;\"><div class=\"fusion-column-wrapper fusion-column-has-shadow fusion-flex-justify-content-flex-start fusion-content-layout-column\"><div class=\"fusion-image-carousel fusion-image-carousel-auto fusion-image-carousel-3\"><div class=\"awb-carousel awb-swiper awb-swiper-carousel\" data-autoplay=\"no\" data-columns=\"1\" data-itemmargin=\"10\" data-itemwidth=\"180\" data-touchscroll=\"no\" data-imagesize=\"auto\" style=\"--awb-columns:1;--awb-column-spacing:10px;--awb-caption-title-color:#ffffff;--awb-caption-title-transform:var(--awb-typography1-text-transform);--awb-caption-title-line-height:32px;--awb-caption-title-letter-spacing:0px;--awb-caption-text-color:#ffffff;--awb-caption-text-size:15px;--awb-caption-text-transform:var(--awb-typography2-text-transform);--awb-caption-text-line-height:18px;--awb-caption-text-letter-spacing:0px;--awb-caption-border-color:#ffffff;--awb-caption-overlay-color:#141617;--awb-caption-title-font-family:&quot;Inter&quot;;--awb-caption-title-font-style:normal;--awb-caption-title-font-weight:600;--awb-caption-text-font-family:&quot;Almarai&quot;;--awb-caption-text-font-style:normal;--awb-caption-text-font-weight:400;\"><div class=\"swiper-wrapper awb-image-carousel-wrapper fusion-flex-align-items-flex-start\"><div class=\"swiper-slide\"><div class=\"fusion-carousel-item-wrapper\"><div class=\"fusion-image-wrapper awb-imageframe-style awb-imageframe-style-dario\"><a href=\"\/sv\/shop\/taklosningar\/\" target=\"_self\"><img decoding=\"async\" width=\"500\" height=\"500\" src=\"https:\/\/shop.trikatex.fi\/wp-content\/uploads\/2024\/01\/Kattoratkaisut.jpg\" class=\"attachment-full size-full\" alt=\"\" srcset=\"https:\/\/shop.trikatex.fi\/wp-content\/uploads\/2024\/01\/Kattoratkaisut-12x12.jpg 12w, https:\/\/shop.trikatex.fi\/wp-content\/uploads\/2024\/01\/Kattoratkaisut-66x66.jpg 66w, https:\/\/shop.trikatex.fi\/wp-content\/uploads\/2024\/01\/Kattoratkaisut-150x150.jpg 150w, https:\/\/shop.trikatex.fi\/wp-content\/uploads\/2024\/01\/Kattoratkaisut-200x200.jpg 200w, https:\/\/shop.trikatex.fi\/wp-content\/uploads\/2024\/01\/Kattoratkaisut-300x300.jpg 300w, https:\/\/shop.trikatex.fi\/wp-content\/uploads\/2024\/01\/Kattoratkaisut-400x400.jpg 400w, https:\/\/shop.trikatex.fi\/wp-content\/uploads\/2024\/01\/Kattoratkaisut.jpg 500w\" sizes=\"(max-width: 500px) 100vw, 500px\" \/><div class=\"awb-imageframe-caption-container\"><div class=\"awb-imageframe-caption\"><div class=\"awb-imageframe-caption-title\">Takl\u00f6sningar<\/div><\/div><\/div><\/a><\/div><\/div><\/div><\/div><\/div><\/div><\/div><\/div><div class=\"fusion-layout-column fusion_builder_column fusion-builder-column-3 fusion_builder_column_1_3 1_3 fusion-flex-column\" style=\"--awb-bg-size:cover;--awb-width-large:33.333333333333%;--awb-margin-top-large:0px;--awb-spacing-right-large:5px;--awb-margin-bottom-large:20px;--awb-spacing-left-large:5px;--awb-width-medium:33.333333333333%;--awb-order-medium:0;--awb-spacing-right-medium:5px;--awb-spacing-left-medium:5px;--awb-width-small:100%;--awb-order-small:0;--awb-spacing-right-small:5px;--awb-spacing-left-small:5px;\"><div class=\"fusion-column-wrapper fusion-column-has-shadow fusion-flex-justify-content-flex-start fusion-content-layout-column\"><div class=\"fusion-image-carousel fusion-image-carousel-auto fusion-image-carousel-4\"><div class=\"awb-carousel awb-swiper awb-swiper-carousel\" data-autoplay=\"no\" data-columns=\"1\" data-itemmargin=\"10\" data-itemwidth=\"180\" data-touchscroll=\"no\" data-imagesize=\"auto\" style=\"--awb-columns:1;--awb-column-spacing:10px;--awb-caption-title-color:#ffffff;--awb-caption-title-transform:var(--awb-typography1-text-transform);--awb-caption-title-line-height:32px;--awb-caption-title-letter-spacing:0px;--awb-caption-text-color:#ffffff;--awb-caption-text-size:15px;--awb-caption-text-transform:var(--awb-typography2-text-transform);--awb-caption-text-line-height:18px;--awb-caption-text-letter-spacing:0px;--awb-caption-border-color:#ffffff;--awb-caption-overlay-color:#141617;--awb-caption-title-font-family:&quot;Inter&quot;;--awb-caption-title-font-style:normal;--awb-caption-title-font-weight:600;--awb-caption-text-font-family:&quot;Almarai&quot;;--awb-caption-text-font-style:normal;--awb-caption-text-font-weight:400;\"><div class=\"swiper-wrapper awb-image-carousel-wrapper fusion-flex-align-items-flex-start\"><div class=\"swiper-slide\"><div class=\"fusion-carousel-item-wrapper\"><div class=\"fusion-image-wrapper awb-imageframe-style awb-imageframe-style-dario\"><a href=\"\/sv\/shop\/valiseinat-mellanvaggar\/\" target=\"_self\"><img decoding=\"async\" width=\"500\" height=\"500\" src=\"https:\/\/shop.trikatex.fi\/wp-content\/uploads\/2024\/01\/valiseina.png\" class=\"attachment-full size-full\" alt=\"\" srcset=\"https:\/\/shop.trikatex.fi\/wp-content\/uploads\/2024\/01\/valiseina-12x12.png 12w, https:\/\/shop.trikatex.fi\/wp-content\/uploads\/2024\/01\/valiseina-66x66.png 66w, https:\/\/shop.trikatex.fi\/wp-content\/uploads\/2024\/01\/valiseina-150x150.png 150w, https:\/\/shop.trikatex.fi\/wp-content\/uploads\/2024\/01\/valiseina-200x200.png 200w, https:\/\/shop.trikatex.fi\/wp-content\/uploads\/2024\/01\/valiseina-300x300.png 300w, https:\/\/shop.trikatex.fi\/wp-content\/uploads\/2024\/01\/valiseina-400x400.png 400w, https:\/\/shop.trikatex.fi\/wp-content\/uploads\/2024\/01\/valiseina.png 500w\" sizes=\"(max-width: 500px) 100vw, 500px\" \/><div class=\"awb-imageframe-caption-container\"><div class=\"awb-imageframe-caption\"><div class=\"awb-imageframe-caption-title\">Mellanv\u00e4ggar<\/div><\/div><\/div><\/a><\/div><\/div><\/div><\/div><\/div><\/div><\/div><\/div><div class=\"fusion-layout-column fusion_builder_column fusion-builder-column-4 fusion_builder_column_1_3 1_3 fusion-flex-column\" style=\"--awb-bg-size:cover;--awb-width-large:33.333333333333%;--awb-margin-top-large:0px;--awb-spacing-right-large:5px;--awb-margin-bottom-large:20px;--awb-spacing-left-large:5px;--awb-width-medium:33.333333333333%;--awb-order-medium:0;--awb-spacing-right-medium:5px;--awb-spacing-left-medium:5px;--awb-width-small:100%;--awb-order-small:0;--awb-spacing-right-small:5px;--awb-spacing-left-small:5px;\"><div class=\"fusion-column-wrapper fusion-column-has-shadow fusion-flex-justify-content-flex-start fusion-content-layout-column\"><div class=\"fusion-image-carousel fusion-image-carousel-auto fusion-image-carousel-5\"><div class=\"awb-carousel awb-swiper awb-swiper-carousel\" data-autoplay=\"no\" data-columns=\"1\" data-itemmargin=\"10\" data-itemwidth=\"180\" data-touchscroll=\"no\" data-imagesize=\"auto\" style=\"--awb-columns:1;--awb-column-spacing:10px;--awb-caption-title-color:#ffffff;--awb-caption-title-transform:var(--awb-typography1-text-transform);--awb-caption-title-line-height:32px;--awb-caption-title-letter-spacing:0px;--awb-caption-text-color:#ffffff;--awb-caption-text-size:15px;--awb-caption-text-transform:var(--awb-typography2-text-transform);--awb-caption-text-line-height:18px;--awb-caption-text-letter-spacing:0px;--awb-caption-border-color:#ffffff;--awb-caption-overlay-color:#141617;--awb-caption-title-font-family:&quot;Inter&quot;;--awb-caption-title-font-style:normal;--awb-caption-title-font-weight:600;--awb-caption-text-font-family:&quot;Almarai&quot;;--awb-caption-text-font-style:normal;--awb-caption-text-font-weight:400;\"><div class=\"swiper-wrapper awb-image-carousel-wrapper fusion-flex-align-items-flex-start\"><div class=\"swiper-slide\"><div class=\"fusion-carousel-item-wrapper\"><div class=\"fusion-image-wrapper awb-imageframe-style awb-imageframe-style-dario\"><a href=\"\/sv\/shop\/kuljetus-ja-maataloustarvikkeet-transport-och-jordbruktransport-och-jordbrukstillbehor\/\" target=\"_self\"><img decoding=\"async\" width=\"500\" height=\"500\" src=\"https:\/\/shop.trikatex.fi\/wp-content\/uploads\/2024\/01\/Kuljetus-maataloustarvikkeet.jpg\" class=\"attachment-full size-full\" alt=\"\" srcset=\"https:\/\/shop.trikatex.fi\/wp-content\/uploads\/2024\/01\/Kuljetus-maataloustarvikkeet-12x12.jpg 12w, https:\/\/shop.trikatex.fi\/wp-content\/uploads\/2024\/01\/Kuljetus-maataloustarvikkeet-66x66.jpg 66w, https:\/\/shop.trikatex.fi\/wp-content\/uploads\/2024\/01\/Kuljetus-maataloustarvikkeet-150x150.jpg 150w, https:\/\/shop.trikatex.fi\/wp-content\/uploads\/2024\/01\/Kuljetus-maataloustarvikkeet-200x200.jpg 200w, https:\/\/shop.trikatex.fi\/wp-content\/uploads\/2024\/01\/Kuljetus-maataloustarvikkeet-300x300.jpg 300w, https:\/\/shop.trikatex.fi\/wp-content\/uploads\/2024\/01\/Kuljetus-maataloustarvikkeet-400x400.jpg 400w, https:\/\/shop.trikatex.fi\/wp-content\/uploads\/2024\/01\/Kuljetus-maataloustarvikkeet.jpg 500w\" sizes=\"(max-width: 500px) 100vw, 500px\" \/><div class=\"awb-imageframe-caption-container\"><div class=\"awb-imageframe-caption\"><div class=\"awb-imageframe-caption-title\">Transport &amp; jordbrukstillbeh\u00f6r<\/div><\/div><\/div><\/a><\/div><\/div><\/div><\/div><\/div><\/div><\/div><\/div><\/div><\/div><div class=\"fusion-fullwidth fullwidth-box fusion-builder-row-2 fusion-flex-container has-pattern-background has-mask-background nonhundred-percent-fullwidth non-hundred-percent-height-scrolling\" style=\"--awb-border-radius-top-left:0px;--awb-border-radius-top-right:0px;--awb-border-radius-bottom-right:0px;--awb-border-radius-bottom-left:0px;--awb-flex-wrap:wrap;\" ><div class=\"fusion-builder-row fusion-row fusion-flex-align-items-flex-start fusion-flex-content-wrap\" style=\"max-width:1248px;margin-left: calc(-4% \/ 2 );margin-right: calc(-4% \/ 2 );\"><div class=\"fusion-layout-column fusion_builder_column fusion-builder-column-5 fusion_builder_column_1_2 1_2 fusion-flex-column\" style=\"--awb-bg-size:cover;--awb-width-large:50%;--awb-margin-top-large:0px;--awb-spacing-right-large:3.84%;--awb-margin-bottom-large:20px;--awb-spacing-left-large:3.84%;--awb-width-medium:50%;--awb-order-medium:0;--awb-spacing-right-medium:3.84%;--awb-spacing-left-medium:3.84%;--awb-width-small:100%;--awb-order-small:0;--awb-spacing-right-small:1.92%;--awb-spacing-left-small:1.92%;\"><div class=\"fusion-column-wrapper fusion-column-has-shadow fusion-flex-justify-content-flex-start fusion-content-layout-column\"><div class=\"fusion-text fusion-text-1\" style=\"--awb-content-alignment:left;\"><p>Best\u00e4ll m\u00e5ttanpassade presenningar och kapell till lastbilar, trailers, jordbruksmaskiner och andra tunga fordon direkt fr\u00e5n oss p\u00e5 Trikatex.<\/p>\n<p>Kapellsidor tillverkas vanligtvis i kraftig 900 g\/m\u00b2 PVC-duk som \u00e4r UV-skyddad, m\u00f6gelskyddad och lackad f\u00f6r l\u00e5ng livsl\u00e4ngd och minimalt underh\u00e5ll. Presenningarna kan levereras med eller utan monteringstillbeh\u00f6r och kan \u00e4ven monteras enligt \u00f6verenskommelse. Vi erbjuder ocks\u00e5 reklamm\u00e5lning och printade kapellsidor enligt kundens logotyp och design.<\/p>\n<p>I sortimentet finns flera l\u00f6sningar f\u00f6r transport och entreprenad, till exempel gardinsidor (curtainside), rullkapell och combikapell, skjutbara sidor och lyftkapellsidor. Vi tillverkar \u00e4ven kapelltak i 680 g\/m\u00b2 PVC-duk, olika typer av presenningar och n\u00e4tpresenningar samt speciall\u00f6sningar som asfaltkapell och containerskydd.<\/p>\n<p>Nyhet: I sortimentet finns \u00e4ven s\u00e4kerhetstak f\u00f6r tunga fordon, som hj\u00e4lper till att h\u00e5lla lastbilstak fria fr\u00e5n sn\u00f6 och is under vinterhalv\u00e5ret.<\/p>\n<\/div><\/div><\/div><div class=\"fusion-layout-column fusion_builder_column fusion-builder-column-6 fusion_builder_column_1_2 1_2 fusion-flex-column\" style=\"--awb-bg-size:cover;--awb-width-large:50%;--awb-margin-top-large:0px;--awb-spacing-right-large:3.84%;--awb-margin-bottom-large:20px;--awb-spacing-left-large:3.84%;--awb-width-medium:50%;--awb-order-medium:0;--awb-spacing-right-medium:3.84%;--awb-spacing-left-medium:3.84%;--awb-width-small:100%;--awb-order-small:0;--awb-spacing-right-small:1.92%;--awb-spacing-left-small:1.92%;\"><div class=\"fusion-column-wrapper fusion-column-has-shadow fusion-flex-justify-content-flex-start fusion-content-layout-column\"><div class=\"fusion-text fusion-text-2\" style=\"--awb-content-alignment:left;\"><p><strong>Se \u00e4ven andra popul\u00e4ra produktkategorier:<\/strong><\/p>\n<p><a href=\"https:\/\/shop.trikatex.fi\/sv\/ovet-ja-verhot-dorrar-och-draperier\/\">Presenningsd\u00f6rrar &amp; PVC-draperier<\/a><\/p>\n<p><a href=\"https:\/\/shop.trikatex.fi\/sv\/erikoistuotteet-specialprodukter\/\">Presenningar f\u00f6r industriella behov<\/a><\/p>\n<\/div><\/div><\/div><\/div><\/div><\/p>","protected":false},"excerpt":{"rendered":"","protected":false},"author":1,"featured_media":0,"parent":0,"menu_order":0,"comment_status":"closed","ping_status":"closed","template":"","meta":{"footnotes":""},"class_list":["post-22","page","type-page","status-publish","hentry"],"aioseo_notices":[],"_links":{"self":[{"href":"https:\/\/shop.trikatex.fi\/sv\/wp-json\/wp\/v2\/pages\/22","targetHints":{"allow":["GET"]}}],"collection":[{"href":"https:\/\/shop.trikatex.fi\/sv\/wp-json\/wp\/v2\/pages"}],"about":[{"href":"https:\/\/shop.trikatex.fi\/sv\/wp-json\/wp\/v2\/types\/page"}],"author":[{"embeddable":true,"href":"https:\/\/shop.trikatex.fi\/sv\/wp-json\/wp\/v2\/users\/1"}],"replies":[{"embeddable":true,"href":"https:\/\/shop.trikatex.fi\/sv\/wp-json\/wp\/v2\/comments?post=22"}],"version-history":[{"count":40,"href":"https:\/\/shop.trikatex.fi\/sv\/wp-json\/wp\/v2\/pages\/22\/revisions"}],"predecessor-version":[{"id":2748,"href":"https:\/\/shop.trikatex.fi\/sv\/wp-json\/wp\/v2\/pages\/22\/revisions\/2748"}],"wp:attachment":[{"href":"https:\/\/shop.trikatex.fi\/sv\/wp-json\/wp\/v2\/media?parent=22"}],"curies":[{"name":"wp","href":"https:\/\/api.w.org\/{rel}","templated":true}]}}