{"id":1008,"date":"2023-11-23T07:58:26","date_gmt":"2023-11-23T07:58:26","guid":{"rendered":"https:\/\/shop.trikatex.fi\/?post_type=product&#038;p=1008"},"modified":"2024-01-31T08:05:23","modified_gmt":"2024-01-31T08:05:23","slug":"64302011487-pvc-korjausteippi","status":"publish","type":"product","link":"https:\/\/shop.trikatex.fi\/sv\/product\/64302011487-pvc-korjausteippi\/","title":{"rendered":"64302011487 reparationstejp, f\u00f6rpackning"},"content":{"rendered":"<p>-f\u00f6rpackningen inneh\u00e5ller 14x140 cm + 14x20 cm<\/p>\n<p>-f\u00e5s i 8 olika f\u00e4rger<\/p>","protected":false},"excerpt":{"rendered":"<p>PVC-tejp reparerar snabbt och effektivt<\/p>\n<p>PVC-tejp reparerar snabbt och effektivt. L\u00e4mpar sig f\u00f6r lappning av alla typer av pvc- och tygdukar, tex. sl\u00e4pvagns- och lastbilspresenningar, gummib\u00e5tar, simbass\u00e4nger och presenningshallar.<\/p>\n<p>Mycket effektivt lim<\/p>","protected":false},"featured_media":2038,"template":"","meta":[],"product_brand":[],"product_cat":[78,38,33],"product_tag":[],"class_list":{"0":"post-1008","1":"product","2":"type-product","3":"status-publish","4":"has-post-thumbnail","6":"product_cat-oheistarvikkeet-korjaussarjat-liima-ja-puhdistusaineet","7":"product_cat-tarvikkeet-km-korjaussarjat-liima-puhdistusaineet","8":"product_cat-tarvikkeet-ov-korjaussarjat-liima-puhdistusaineet","9":"product_shipping_class-s-paket","11":"first","12":"instock","13":"taxable","14":"shipping-taxable","15":"purchasable","16":"product-type-variable"},"aioseo_notices":[],"_links":{"self":[{"href":"https:\/\/shop.trikatex.fi\/sv\/wp-json\/wp\/v2\/product\/1008","targetHints":{"allow":["GET"]}}],"collection":[{"href":"https:\/\/shop.trikatex.fi\/sv\/wp-json\/wp\/v2\/product"}],"about":[{"href":"https:\/\/shop.trikatex.fi\/sv\/wp-json\/wp\/v2\/types\/product"}],"wp:featuredmedia":[{"embeddable":true,"href":"https:\/\/shop.trikatex.fi\/sv\/wp-json\/wp\/v2\/media\/2038"}],"wp:attachment":[{"href":"https:\/\/shop.trikatex.fi\/sv\/wp-json\/wp\/v2\/media?parent=1008"}],"wp:term":[{"taxonomy":"product_brand","embeddable":true,"href":"https:\/\/shop.trikatex.fi\/sv\/wp-json\/wp\/v2\/product_brand?post=1008"},{"taxonomy":"product_cat","embeddable":true,"href":"https:\/\/shop.trikatex.fi\/sv\/wp-json\/wp\/v2\/product_cat?post=1008"},{"taxonomy":"product_tag","embeddable":true,"href":"https:\/\/shop.trikatex.fi\/sv\/wp-json\/wp\/v2\/product_tag?post=1008"}],"curies":[{"name":"wp","href":"https:\/\/api.w.org\/{rel}","templated":true}]}}