{"id":1013,"date":"2023-11-23T09:16:19","date_gmt":"2023-11-23T09:16:19","guid":{"rendered":"https:\/\/shop.trikatex.fi\/?post_type=product&#038;p=1013"},"modified":"2024-01-31T10:10:34","modified_gmt":"2024-01-31T10:10:34","slug":"11551520-ripustuskisko-oviverholle","status":"publish","type":"product","link":"https:\/\/shop.trikatex.fi\/sv\/product\/11551520-ripustuskisko-oviverholle\/","title":{"rendered":"11551520 upph\u00e4ngningsskena f\u00f6r lamelld\u00f6rr"},"content":{"rendered":"<p>-upph\u00e4ngningsskena till tak eller v\u00e4gg<\/p>\n<p>-bredd 1230 mm<\/p>","protected":false},"excerpt":{"rendered":"<p>RST upph\u00e4ngningsskena f\u00f6r lamelld\u00f6rr<\/p>\n<p>Passande produkter: f\u00e4stj\u00e4rn11552020  \/pvc lameller 11555051<\/p>\n<p>-1st i f\u00f6rpackning<\/p>","protected":false},"featured_media":2191,"template":"","meta":[],"product_brand":[],"product_cat":[73,74,71,29],"product_tag":[],"class_list":{"0":"post-1013","1":"product","2":"type-product","3":"status-publish","4":"has-post-thumbnail","6":"product_cat-aanetristysverhot","7":"product_cat-hitsausverhot","8":"product_cat-sisaverhot","9":"product_cat-tarvikkeet-ov-kiinitys","10":"product_shipping_class-m-paket","12":"first","13":"instock","14":"taxable","15":"shipping-taxable","16":"purchasable","17":"product-type-simple"},"aioseo_notices":[],"_links":{"self":[{"href":"https:\/\/shop.trikatex.fi\/sv\/wp-json\/wp\/v2\/product\/1013","targetHints":{"allow":["GET"]}}],"collection":[{"href":"https:\/\/shop.trikatex.fi\/sv\/wp-json\/wp\/v2\/product"}],"about":[{"href":"https:\/\/shop.trikatex.fi\/sv\/wp-json\/wp\/v2\/types\/product"}],"wp:featuredmedia":[{"embeddable":true,"href":"https:\/\/shop.trikatex.fi\/sv\/wp-json\/wp\/v2\/media\/2191"}],"wp:attachment":[{"href":"https:\/\/shop.trikatex.fi\/sv\/wp-json\/wp\/v2\/media?parent=1013"}],"wp:term":[{"taxonomy":"product_brand","embeddable":true,"href":"https:\/\/shop.trikatex.fi\/sv\/wp-json\/wp\/v2\/product_brand?post=1013"},{"taxonomy":"product_cat","embeddable":true,"href":"https:\/\/shop.trikatex.fi\/sv\/wp-json\/wp\/v2\/product_cat?post=1013"},{"taxonomy":"product_tag","embeddable":true,"href":"https:\/\/shop.trikatex.fi\/sv\/wp-json\/wp\/v2\/product_tag?post=1013"}],"curies":[{"name":"wp","href":"https:\/\/api.w.org\/{rel}","templated":true}]}}