{"id":1124,"date":"2023-11-26T18:40:35","date_gmt":"2023-11-26T18:40:35","guid":{"rendered":"https:\/\/shop.trikatex.fi\/?post_type=product&#038;p=1124"},"modified":"2024-01-31T10:06:04","modified_gmt":"2024-01-31T10:06:04","slug":"sisaverhot","status":"publish","type":"product","link":"https:\/\/shop.trikatex.fi\/sv\/product\/sisaverhot\/","title":{"rendered":"Innerdraperier"},"content":{"rendered":"<p>-kan f\u00e5s b\u00e5de med f\u00f6nster och som brandklassade<\/p>\n<p>-600-900 g\/m2<\/p>\n<p>&nbsp;<\/p>","protected":false},"excerpt":{"rendered":"<p>M\u00e5ttbest\u00e4llda skiljev\u00e4ggar, tv\u00e4tthallsdraperier,ljudisoleringsdraperier<\/p>\n<p>Fr\u00e5ga offert: trikatex@trikatex.fi<\/p>","protected":false},"featured_media":2030,"template":"","meta":[],"product_brand":[],"product_cat":[71],"product_tag":[],"class_list":{"0":"post-1124","1":"product","2":"type-product","3":"status-publish","4":"has-post-thumbnail","6":"product_cat-sisaverhot","8":"first","9":"instock","10":"taxable","11":"shipping-taxable","12":"product-type-simple"},"aioseo_notices":[],"_links":{"self":[{"href":"https:\/\/shop.trikatex.fi\/sv\/wp-json\/wp\/v2\/product\/1124","targetHints":{"allow":["GET"]}}],"collection":[{"href":"https:\/\/shop.trikatex.fi\/sv\/wp-json\/wp\/v2\/product"}],"about":[{"href":"https:\/\/shop.trikatex.fi\/sv\/wp-json\/wp\/v2\/types\/product"}],"wp:featuredmedia":[{"embeddable":true,"href":"https:\/\/shop.trikatex.fi\/sv\/wp-json\/wp\/v2\/media\/2030"}],"wp:attachment":[{"href":"https:\/\/shop.trikatex.fi\/sv\/wp-json\/wp\/v2\/media?parent=1124"}],"wp:term":[{"taxonomy":"product_brand","embeddable":true,"href":"https:\/\/shop.trikatex.fi\/sv\/wp-json\/wp\/v2\/product_brand?post=1124"},{"taxonomy":"product_cat","embeddable":true,"href":"https:\/\/shop.trikatex.fi\/sv\/wp-json\/wp\/v2\/product_cat?post=1124"},{"taxonomy":"product_tag","embeddable":true,"href":"https:\/\/shop.trikatex.fi\/sv\/wp-json\/wp\/v2\/product_tag?post=1124"}],"curies":[{"name":"wp","href":"https:\/\/api.w.org\/{rel}","templated":true}]}}