{"id":1130,"date":"2023-11-27T07:26:53","date_gmt":"2023-11-27T07:26:53","guid":{"rendered":"https:\/\/shop.trikatex.fi\/?post_type=product&#038;p=1130"},"modified":"2024-01-31T10:03:44","modified_gmt":"2024-01-31T10:03:44","slug":"11552020-kiinityspala","status":"publish","type":"product","link":"https:\/\/shop.trikatex.fi\/sv\/product\/11552020-kiinityspala\/","title":{"rendered":"11552020 monteringsj\u00e4rn f\u00f6r PVC- lamell"},"content":{"rendered":"<p>-l\u00e4ngd 200 mm<\/p>\n<p>-fasts\u00e4ttes i pvc- remsans \u00f6vre kant<\/p>\n<p><img decoding=\"async\" class=\"alignnone size-medium wp-image-2190\" src=\"https:\/\/shop.trikatex.fi\/wp-content\/uploads\/2023\/11\/20240131_115632-scaled-e1706695412906-173x300.jpg\" alt=\"\" width=\"173\" height=\"300\" \/><\/p>","protected":false},"excerpt":{"rendered":"<p>Monteringsj\u00e4rn f\u00f6r PVC- lamell<\/p>\n<p>RST<\/p>\n<p>-1st i f\u00f6rpackning<\/p>","protected":false},"featured_media":2188,"template":"","meta":[],"product_brand":[],"product_cat":[29],"product_tag":[],"class_list":{"0":"post-1130","1":"product","2":"type-product","3":"status-publish","4":"has-post-thumbnail","6":"product_cat-tarvikkeet-ov-kiinitys","7":"product_shipping_class-m-paket","9":"first","10":"instock","11":"taxable","12":"shipping-taxable","13":"purchasable","14":"product-type-simple"},"aioseo_notices":[],"_links":{"self":[{"href":"https:\/\/shop.trikatex.fi\/sv\/wp-json\/wp\/v2\/product\/1130","targetHints":{"allow":["GET"]}}],"collection":[{"href":"https:\/\/shop.trikatex.fi\/sv\/wp-json\/wp\/v2\/product"}],"about":[{"href":"https:\/\/shop.trikatex.fi\/sv\/wp-json\/wp\/v2\/types\/product"}],"wp:featuredmedia":[{"embeddable":true,"href":"https:\/\/shop.trikatex.fi\/sv\/wp-json\/wp\/v2\/media\/2188"}],"wp:attachment":[{"href":"https:\/\/shop.trikatex.fi\/sv\/wp-json\/wp\/v2\/media?parent=1130"}],"wp:term":[{"taxonomy":"product_brand","embeddable":true,"href":"https:\/\/shop.trikatex.fi\/sv\/wp-json\/wp\/v2\/product_brand?post=1130"},{"taxonomy":"product_cat","embeddable":true,"href":"https:\/\/shop.trikatex.fi\/sv\/wp-json\/wp\/v2\/product_cat?post=1130"},{"taxonomy":"product_tag","embeddable":true,"href":"https:\/\/shop.trikatex.fi\/sv\/wp-json\/wp\/v2\/product_tag?post=1130"}],"curies":[{"name":"wp","href":"https:\/\/api.w.org\/{rel}","templated":true}]}}