{"id":1177,"date":"2023-11-29T11:29:12","date_gmt":"2023-11-29T11:29:12","guid":{"rendered":"https:\/\/shop.trikatex.fi\/?post_type=product&#038;p=1177"},"modified":"2024-01-31T09:50:40","modified_gmt":"2024-01-31T09:50:40","slug":"7374-kiink355-vetokumi","status":"publish","type":"product","link":"https:\/\/shop.trikatex.fi\/sv\/product\/7374-kiink355-vetokumi\/","title":{"rendered":"7374-KIINK355 draggummi"},"content":{"rendered":"<p>-l\u00e4ngd 370 mm<\/p>","protected":false},"excerpt":{"rendered":"<p>Draggummi f\u00f6r att f\u00e4sta t\u00e4ckpresenningar p\u00e5 tex sl\u00e4pvagnar, bilk\u00e4rror,  pallar, sandl\u00e5dor etc.<\/p>\n<p>10 st i f\u00f6rpackning<\/p>","protected":false},"featured_media":2186,"template":"","meta":[],"product_brand":[],"product_cat":[76,34,29],"product_tag":[],"class_list":{"0":"post-1177","1":"product","2":"type-product","3":"status-publish","4":"has-post-thumbnail","6":"product_cat-oheistarvikkeet-kiinnitys","7":"product_cat-tarvikkeet-km-kiinnitys","8":"product_cat-tarvikkeet-ov-kiinitys","9":"product_shipping_class-s-paket","11":"first","12":"instock","13":"taxable","14":"shipping-taxable","15":"purchasable","16":"product-type-simple"},"aioseo_notices":[],"_links":{"self":[{"href":"https:\/\/shop.trikatex.fi\/sv\/wp-json\/wp\/v2\/product\/1177","targetHints":{"allow":["GET"]}}],"collection":[{"href":"https:\/\/shop.trikatex.fi\/sv\/wp-json\/wp\/v2\/product"}],"about":[{"href":"https:\/\/shop.trikatex.fi\/sv\/wp-json\/wp\/v2\/types\/product"}],"wp:featuredmedia":[{"embeddable":true,"href":"https:\/\/shop.trikatex.fi\/sv\/wp-json\/wp\/v2\/media\/2186"}],"wp:attachment":[{"href":"https:\/\/shop.trikatex.fi\/sv\/wp-json\/wp\/v2\/media?parent=1177"}],"wp:term":[{"taxonomy":"product_brand","embeddable":true,"href":"https:\/\/shop.trikatex.fi\/sv\/wp-json\/wp\/v2\/product_brand?post=1177"},{"taxonomy":"product_cat","embeddable":true,"href":"https:\/\/shop.trikatex.fi\/sv\/wp-json\/wp\/v2\/product_cat?post=1177"},{"taxonomy":"product_tag","embeddable":true,"href":"https:\/\/shop.trikatex.fi\/sv\/wp-json\/wp\/v2\/product_tag?post=1177"}],"curies":[{"name":"wp","href":"https:\/\/api.w.org\/{rel}","templated":true}]}}