{"id":1228,"date":"2023-12-05T08:16:47","date_gmt":"2023-12-05T08:16:47","guid":{"rendered":"https:\/\/shop.trikatex.fi\/?post_type=product&#038;p=1228"},"modified":"2024-01-31T08:07:13","modified_gmt":"2024-01-31T08:07:13","slug":"1002190-kiinityskoukku-rst","status":"publish","type":"product","link":"https:\/\/shop.trikatex.fi\/sv\/product\/1002190-kiinityskoukku-rst\/","title":{"rendered":"1002190 Fasts\u00e4ttningskrok till d\u00f6rrdraperier"},"content":{"rendered":"<p>-l\u00e4ngd 135 mm<\/p>\n<p>-bredd 25 mm<\/p>\n<p>-m\u00e5tt mellan h\u00e5len (CC) 70 mm<\/p>\n<p>-h\u00e5lets diameter 10 mm<\/p>\n<p>-passande produkt 30mm rundr\u00f6r<\/p>","protected":false},"excerpt":{"rendered":"<p>Fasts\u00e4ttningskrok RST till tex. PVC d\u00f6rrdraperier<\/p>\n<p>2st i f\u00f6rpackning<\/p>","protected":false},"featured_media":2152,"template":"","meta":[],"product_brand":[],"product_cat":[29],"product_tag":[],"class_list":{"0":"post-1228","1":"product","2":"type-product","3":"status-publish","4":"has-post-thumbnail","6":"product_cat-tarvikkeet-ov-kiinitys","7":"product_shipping_class-s-paket","9":"first","10":"instock","11":"taxable","12":"shipping-taxable","13":"purchasable","14":"product-type-simple"},"aioseo_notices":[],"_links":{"self":[{"href":"https:\/\/shop.trikatex.fi\/sv\/wp-json\/wp\/v2\/product\/1228","targetHints":{"allow":["GET"]}}],"collection":[{"href":"https:\/\/shop.trikatex.fi\/sv\/wp-json\/wp\/v2\/product"}],"about":[{"href":"https:\/\/shop.trikatex.fi\/sv\/wp-json\/wp\/v2\/types\/product"}],"wp:featuredmedia":[{"embeddable":true,"href":"https:\/\/shop.trikatex.fi\/sv\/wp-json\/wp\/v2\/media\/2152"}],"wp:attachment":[{"href":"https:\/\/shop.trikatex.fi\/sv\/wp-json\/wp\/v2\/media?parent=1228"}],"wp:term":[{"taxonomy":"product_brand","embeddable":true,"href":"https:\/\/shop.trikatex.fi\/sv\/wp-json\/wp\/v2\/product_brand?post=1228"},{"taxonomy":"product_cat","embeddable":true,"href":"https:\/\/shop.trikatex.fi\/sv\/wp-json\/wp\/v2\/product_cat?post=1228"},{"taxonomy":"product_tag","embeddable":true,"href":"https:\/\/shop.trikatex.fi\/sv\/wp-json\/wp\/v2\/product_tag?post=1228"}],"curies":[{"name":"wp","href":"https:\/\/api.w.org\/{rel}","templated":true}]}}