{"id":1232,"date":"2023-12-05T08:16:15","date_gmt":"2023-12-05T08:16:15","guid":{"rendered":"https:\/\/shop.trikatex.fi\/?post_type=product&#038;p=1232"},"modified":"2024-01-31T08:17:13","modified_gmt":"2024-01-31T08:17:13","slug":"30123-pyorasto-vp-2-100-aisi-316-l-helaform","status":"publish","type":"product","link":"https:\/\/shop.trikatex.fi\/sv\/product\/30123-pyorasto-vp-2-100-aisi-316-l-helaform\/","title":{"rendered":"30123 Glidrulle VP\/2-100, AISI 316L Helaform"},"content":{"rendered":"<p>-AISI 316 L tv\u00e5hjulig h\u00e4ngrulle f\u00f6r industridraperier i 100-serien.<\/p>\n<p>&nbsp;<\/p>\n<p>&nbsp;<\/p>","protected":false},"excerpt":{"rendered":"<p>Passande produkter: s-krok 30124\/c-skena 30112(RST)<\/p>\n<p>-1st i f\u00f6rpackning<\/p>","protected":false},"featured_media":2167,"template":"","meta":[],"product_brand":[],"product_cat":[30],"product_tag":[],"class_list":{"0":"post-1232","1":"product","2":"type-product","3":"status-publish","4":"has-post-thumbnail","6":"product_cat-tarvikkeet-ov-liukurullat","7":"product_shipping_class-s-paket","9":"first","10":"instock","11":"taxable","12":"shipping-taxable","13":"purchasable","14":"product-type-simple"},"aioseo_notices":[],"_links":{"self":[{"href":"https:\/\/shop.trikatex.fi\/sv\/wp-json\/wp\/v2\/product\/1232","targetHints":{"allow":["GET"]}}],"collection":[{"href":"https:\/\/shop.trikatex.fi\/sv\/wp-json\/wp\/v2\/product"}],"about":[{"href":"https:\/\/shop.trikatex.fi\/sv\/wp-json\/wp\/v2\/types\/product"}],"wp:featuredmedia":[{"embeddable":true,"href":"https:\/\/shop.trikatex.fi\/sv\/wp-json\/wp\/v2\/media\/2167"}],"wp:attachment":[{"href":"https:\/\/shop.trikatex.fi\/sv\/wp-json\/wp\/v2\/media?parent=1232"}],"wp:term":[{"taxonomy":"product_brand","embeddable":true,"href":"https:\/\/shop.trikatex.fi\/sv\/wp-json\/wp\/v2\/product_brand?post=1232"},{"taxonomy":"product_cat","embeddable":true,"href":"https:\/\/shop.trikatex.fi\/sv\/wp-json\/wp\/v2\/product_cat?post=1232"},{"taxonomy":"product_tag","embeddable":true,"href":"https:\/\/shop.trikatex.fi\/sv\/wp-json\/wp\/v2\/product_tag?post=1232"}],"curies":[{"name":"wp","href":"https:\/\/api.w.org\/{rel}","templated":true}]}}