{"id":1237,"date":"2023-12-05T08:39:33","date_gmt":"2023-12-05T08:39:33","guid":{"rendered":"https:\/\/shop.trikatex.fi\/?post_type=product&#038;p=1237"},"modified":"2024-01-31T06:47:38","modified_gmt":"2024-01-31T06:47:38","slug":"30112-kisko-k100-6m-aisi-316l","status":"publish","type":"product","link":"https:\/\/shop.trikatex.fi\/sv\/product\/30112-kisko-k100-6m-aisi-316l\/","title":{"rendered":"30112 Skena K100-6m, AISI 316L"},"content":{"rendered":"<p>-syrefast AISI 316 L c-skena f\u00f6r 100-seriens skjutd\u00f6rrsbeslag<\/p>\n<p>-l\u00e4ngd 6m<\/p>","protected":false},"excerpt":{"rendered":"<p>Passande produkter: c-kisko py\u00f6r\u00e4st\u00f6 30123\/30134 AISI 316<\/p>\n<p>-1st i f\u00f6rpackning<\/p>","protected":false},"featured_media":2150,"template":"","meta":[],"product_brand":[],"product_cat":[29],"product_tag":[],"class_list":{"0":"post-1237","1":"product","2":"type-product","3":"status-publish","4":"has-post-thumbnail","6":"product_cat-tarvikkeet-ov-kiinitys","7":"product_shipping_class-m-paket","9":"first","10":"instock","11":"taxable","12":"shipping-taxable","13":"purchasable","14":"product-type-simple"},"aioseo_notices":[],"_links":{"self":[{"href":"https:\/\/shop.trikatex.fi\/sv\/wp-json\/wp\/v2\/product\/1237","targetHints":{"allow":["GET"]}}],"collection":[{"href":"https:\/\/shop.trikatex.fi\/sv\/wp-json\/wp\/v2\/product"}],"about":[{"href":"https:\/\/shop.trikatex.fi\/sv\/wp-json\/wp\/v2\/types\/product"}],"wp:featuredmedia":[{"embeddable":true,"href":"https:\/\/shop.trikatex.fi\/sv\/wp-json\/wp\/v2\/media\/2150"}],"wp:attachment":[{"href":"https:\/\/shop.trikatex.fi\/sv\/wp-json\/wp\/v2\/media?parent=1237"}],"wp:term":[{"taxonomy":"product_brand","embeddable":true,"href":"https:\/\/shop.trikatex.fi\/sv\/wp-json\/wp\/v2\/product_brand?post=1237"},{"taxonomy":"product_cat","embeddable":true,"href":"https:\/\/shop.trikatex.fi\/sv\/wp-json\/wp\/v2\/product_cat?post=1237"},{"taxonomy":"product_tag","embeddable":true,"href":"https:\/\/shop.trikatex.fi\/sv\/wp-json\/wp\/v2\/product_tag?post=1237"}],"curies":[{"name":"wp","href":"https:\/\/api.w.org\/{rel}","templated":true}]}}