{"id":1241,"date":"2023-12-05T08:55:14","date_gmt":"2023-12-05T08:55:14","guid":{"rendered":"https:\/\/shop.trikatex.fi\/?post_type=product&#038;p=1241"},"modified":"2024-01-31T06:45:09","modified_gmt":"2024-01-31T06:45:09","slug":"33083-kattokannatin-kks-104-ap-alapuoli","status":"publish","type":"product","link":"https:\/\/shop.trikatex.fi\/sv\/product\/33083-kattokannatin-kks-104-ap-alapuoli\/","title":{"rendered":"33083 Takf\u00e4ste KKS-104\/AP,Nedre del"},"content":{"rendered":"","protected":false},"excerpt":{"rendered":"<p>Skenkonsol f\u00f6r takinf\u00e4stning f\u00f6r 100-seriens transportbanor. Denna skenkonsol f\u00f6r takinf\u00e4stning anv\u00e4nds tillsammans med \u00f6verdel 33082.<\/p>\n<p>-1st i f\u00f6rpackning<\/p>\n<p>&nbsp;<\/p>","protected":false},"featured_media":2149,"template":"","meta":[],"product_brand":[],"product_cat":[29],"product_tag":[],"class_list":{"0":"post-1241","1":"product","2":"type-product","3":"status-publish","4":"has-post-thumbnail","6":"product_cat-tarvikkeet-ov-kiinitys","7":"product_shipping_class-s-paket","9":"first","10":"instock","11":"taxable","12":"shipping-taxable","13":"purchasable","14":"product-type-simple"},"aioseo_notices":[],"_links":{"self":[{"href":"https:\/\/shop.trikatex.fi\/sv\/wp-json\/wp\/v2\/product\/1241","targetHints":{"allow":["GET"]}}],"collection":[{"href":"https:\/\/shop.trikatex.fi\/sv\/wp-json\/wp\/v2\/product"}],"about":[{"href":"https:\/\/shop.trikatex.fi\/sv\/wp-json\/wp\/v2\/types\/product"}],"wp:featuredmedia":[{"embeddable":true,"href":"https:\/\/shop.trikatex.fi\/sv\/wp-json\/wp\/v2\/media\/2149"}],"wp:attachment":[{"href":"https:\/\/shop.trikatex.fi\/sv\/wp-json\/wp\/v2\/media?parent=1241"}],"wp:term":[{"taxonomy":"product_brand","embeddable":true,"href":"https:\/\/shop.trikatex.fi\/sv\/wp-json\/wp\/v2\/product_brand?post=1241"},{"taxonomy":"product_cat","embeddable":true,"href":"https:\/\/shop.trikatex.fi\/sv\/wp-json\/wp\/v2\/product_cat?post=1241"},{"taxonomy":"product_tag","embeddable":true,"href":"https:\/\/shop.trikatex.fi\/sv\/wp-json\/wp\/v2\/product_tag?post=1241"}],"curies":[{"name":"wp","href":"https:\/\/api.w.org\/{rel}","templated":true}]}}