{"id":1243,"date":"2023-12-05T09:09:43","date_gmt":"2023-12-05T09:09:43","guid":{"rendered":"https:\/\/shop.trikatex.fi\/?post_type=product&#038;p=1243"},"modified":"2024-01-31T08:02:43","modified_gmt":"2024-01-31T08:02:43","slug":"100651-remmin-kiinityssilmukka","status":"publish","type":"product","link":"https:\/\/shop.trikatex.fi\/sv\/product\/100651-remmin-kiinityssilmukka\/","title":{"rendered":"100651 F\u00e4st\u00f6gla RST till d\u00f6rrdraperier"},"content":{"rendered":"<p>-l\u00e4ngd 130 mm<\/p>\n<p>-bredd 40 mm<\/p>\n<p>-m\u00e5tt mellan h\u00e5len 100 mm<\/p>\n<p>-h\u00e5lets diameter 5 mm<\/p>\n<p>&nbsp;<\/p>\n<p>&nbsp;<\/p>","protected":false},"excerpt":{"rendered":"<p>F\u00e4st\u00f6glan passar till d\u00f6rrdraperier som har remmfasts\u00e4ttning<\/p>\n<p>1 st i f\u00f6rpackningen<\/p>","protected":false},"featured_media":2164,"template":"","meta":[],"product_brand":[],"product_cat":[76,29],"product_tag":[],"class_list":{"0":"post-1243","1":"product","2":"type-product","3":"status-publish","4":"has-post-thumbnail","6":"product_cat-oheistarvikkeet-kiinnitys","7":"product_cat-tarvikkeet-ov-kiinitys","8":"product_shipping_class-s-paket","10":"first","11":"instock","12":"taxable","13":"shipping-taxable","14":"purchasable","15":"product-type-simple"},"aioseo_notices":[],"_links":{"self":[{"href":"https:\/\/shop.trikatex.fi\/sv\/wp-json\/wp\/v2\/product\/1243","targetHints":{"allow":["GET"]}}],"collection":[{"href":"https:\/\/shop.trikatex.fi\/sv\/wp-json\/wp\/v2\/product"}],"about":[{"href":"https:\/\/shop.trikatex.fi\/sv\/wp-json\/wp\/v2\/types\/product"}],"wp:featuredmedia":[{"embeddable":true,"href":"https:\/\/shop.trikatex.fi\/sv\/wp-json\/wp\/v2\/media\/2164"}],"wp:attachment":[{"href":"https:\/\/shop.trikatex.fi\/sv\/wp-json\/wp\/v2\/media?parent=1243"}],"wp:term":[{"taxonomy":"product_brand","embeddable":true,"href":"https:\/\/shop.trikatex.fi\/sv\/wp-json\/wp\/v2\/product_brand?post=1243"},{"taxonomy":"product_cat","embeddable":true,"href":"https:\/\/shop.trikatex.fi\/sv\/wp-json\/wp\/v2\/product_cat?post=1243"},{"taxonomy":"product_tag","embeddable":true,"href":"https:\/\/shop.trikatex.fi\/sv\/wp-json\/wp\/v2\/product_tag?post=1243"}],"curies":[{"name":"wp","href":"https:\/\/api.w.org\/{rel}","templated":true}]}}