{"id":1253,"date":"2023-12-05T09:51:57","date_gmt":"2023-12-05T09:51:57","guid":{"rendered":"https:\/\/shop.trikatex.fi\/?post_type=product&#038;p=1253"},"modified":"2024-01-31T06:37:58","modified_gmt":"2024-01-31T06:37:58","slug":"33080-kattokannatin-kks-100-saadettava-370-600mm","status":"publish","type":"product","link":"https:\/\/shop.trikatex.fi\/sv\/product\/33080-kattokannatin-kks-100-saadettava-370-600mm\/","title":{"rendered":"33080 Takf\u00e4ste KKS-100, justerbar (370-600mm)"},"content":{"rendered":"<p>-passande produkt c-skena XZ85<\/p>\n<p>&nbsp;<\/p>","protected":false},"excerpt":{"rendered":"<p>Justerbar skenkonsol f\u00f6r takinf\u00e4stning f\u00f6r 100-seriens transportbanor<\/p>\n<p>-1st i f\u00f6rpackning<\/p>","protected":false},"featured_media":2146,"template":"","meta":[],"product_brand":[],"product_cat":[29],"product_tag":[],"class_list":{"0":"post-1253","1":"product","2":"type-product","3":"status-publish","4":"has-post-thumbnail","6":"product_cat-tarvikkeet-ov-kiinitys","7":"product_shipping_class-s-paket","9":"first","10":"instock","11":"taxable","12":"shipping-taxable","13":"purchasable","14":"product-type-simple"},"aioseo_notices":[],"_links":{"self":[{"href":"https:\/\/shop.trikatex.fi\/sv\/wp-json\/wp\/v2\/product\/1253","targetHints":{"allow":["GET"]}}],"collection":[{"href":"https:\/\/shop.trikatex.fi\/sv\/wp-json\/wp\/v2\/product"}],"about":[{"href":"https:\/\/shop.trikatex.fi\/sv\/wp-json\/wp\/v2\/types\/product"}],"wp:featuredmedia":[{"embeddable":true,"href":"https:\/\/shop.trikatex.fi\/sv\/wp-json\/wp\/v2\/media\/2146"}],"wp:attachment":[{"href":"https:\/\/shop.trikatex.fi\/sv\/wp-json\/wp\/v2\/media?parent=1253"}],"wp:term":[{"taxonomy":"product_brand","embeddable":true,"href":"https:\/\/shop.trikatex.fi\/sv\/wp-json\/wp\/v2\/product_brand?post=1253"},{"taxonomy":"product_cat","embeddable":true,"href":"https:\/\/shop.trikatex.fi\/sv\/wp-json\/wp\/v2\/product_cat?post=1253"},{"taxonomy":"product_tag","embeddable":true,"href":"https:\/\/shop.trikatex.fi\/sv\/wp-json\/wp\/v2\/product_tag?post=1253"}],"curies":[{"name":"wp","href":"https:\/\/api.w.org\/{rel}","templated":true}]}}