{"id":1264,"date":"2023-12-05T10:50:55","date_gmt":"2023-12-05T10:50:55","guid":{"rendered":"https:\/\/shop.trikatex.fi\/?post_type=product&#038;p=1264"},"modified":"2024-12-26T16:13:14","modified_gmt":"2024-12-26T16:13:14","slug":"sn-6080-lukkopelti-rst","status":"publish","type":"product","link":"https:\/\/shop.trikatex.fi\/sv\/product\/sn-6080-lukkopelti-rst\/","title":{"rendered":"SN 6080 L\u00e5spl\u00e5t RST"},"content":{"rendered":"<p>-l\u00e4ngd 80 mm<\/p>\n<p>-bredd 60 mm<\/p>\n<p>-materialtjocklek 1mm<\/p>\n<p>-ovala h\u00e5let i mitten 46x25 mm, rundade h\u00f6rn och 4st, 5 mm fasts\u00e4tningsh\u00e5l<\/p>\n<p>&nbsp;<\/p>","protected":false},"excerpt":{"rendered":"<p>L\u00e5sf\u00f6rst\u00e4rkningar f\u00f6r ytterd\u00f6rr<\/p>\n<p>Vridl\u00e5s i metall (artikelnummer 03024201) och vridl\u00e5s i plast ( artikelnummer 03055145 ) g\u00e5r at kombinera med denna l\u00e5spl\u00e5t<\/p>\n<p>5st i f\u00f6rpackning<\/p>","protected":false},"featured_media":2139,"template":"","meta":[],"product_brand":[],"product_cat":[29],"product_tag":[],"class_list":{"0":"post-1264","1":"product","2":"type-product","3":"status-publish","4":"has-post-thumbnail","6":"product_cat-tarvikkeet-ov-kiinitys","7":"product_shipping_class-s-paket","9":"first","10":"instock","11":"taxable","12":"shipping-taxable","13":"purchasable","14":"product-type-simple"},"aioseo_notices":[],"_links":{"self":[{"href":"https:\/\/shop.trikatex.fi\/sv\/wp-json\/wp\/v2\/product\/1264","targetHints":{"allow":["GET"]}}],"collection":[{"href":"https:\/\/shop.trikatex.fi\/sv\/wp-json\/wp\/v2\/product"}],"about":[{"href":"https:\/\/shop.trikatex.fi\/sv\/wp-json\/wp\/v2\/types\/product"}],"wp:featuredmedia":[{"embeddable":true,"href":"https:\/\/shop.trikatex.fi\/sv\/wp-json\/wp\/v2\/media\/2139"}],"wp:attachment":[{"href":"https:\/\/shop.trikatex.fi\/sv\/wp-json\/wp\/v2\/media?parent=1264"}],"wp:term":[{"taxonomy":"product_brand","embeddable":true,"href":"https:\/\/shop.trikatex.fi\/sv\/wp-json\/wp\/v2\/product_brand?post=1264"},{"taxonomy":"product_cat","embeddable":true,"href":"https:\/\/shop.trikatex.fi\/sv\/wp-json\/wp\/v2\/product_cat?post=1264"},{"taxonomy":"product_tag","embeddable":true,"href":"https:\/\/shop.trikatex.fi\/sv\/wp-json\/wp\/v2\/product_tag?post=1264"}],"curies":[{"name":"wp","href":"https:\/\/api.w.org\/{rel}","templated":true}]}}