{"id":1265,"date":"2023-12-05T10:23:13","date_gmt":"2023-12-05T10:23:13","guid":{"rendered":"https:\/\/shop.trikatex.fi\/?post_type=product&#038;p=1265"},"modified":"2024-01-31T06:33:33","modified_gmt":"2024-01-31T06:33:33","slug":"101010-suojapeite-4250x6000mm","status":"publish","type":"product","link":"https:\/\/shop.trikatex.fi\/sv\/product\/101010-suojapeite-4250x6000mm\/","title":{"rendered":"101010 t\u00e4ckpresenning 4250x6000mm"},"content":{"rendered":"<p>-F\u00e4rg:gr\u00e5 Ral 7035<\/p>\n<p>-Segelringar cc1000mm runt om<\/p>\n<p>-Kantf\u00f6rst\u00e4rkt<\/p>\n<p>&nbsp;<\/p>\n<p>&nbsp;<\/p>\n<p>&nbsp;<\/p>","protected":false},"excerpt":{"rendered":"<p>Kvalitativ 600g\/m2 presenning<\/p>\n<p>-1st i f\u00f6rpackning<\/p>","protected":false},"featured_media":2145,"template":"","meta":[],"product_brand":[],"product_cat":[66],"product_tag":[],"class_list":{"0":"post-1265","1":"product","2":"type-product","3":"status-publish","4":"has-post-thumbnail","6":"product_cat-kuormapeittet","7":"product_shipping_class-m-paket","9":"first","10":"instock","11":"taxable","12":"shipping-taxable","13":"purchasable","14":"product-type-simple"},"aioseo_notices":[],"_links":{"self":[{"href":"https:\/\/shop.trikatex.fi\/sv\/wp-json\/wp\/v2\/product\/1265","targetHints":{"allow":["GET"]}}],"collection":[{"href":"https:\/\/shop.trikatex.fi\/sv\/wp-json\/wp\/v2\/product"}],"about":[{"href":"https:\/\/shop.trikatex.fi\/sv\/wp-json\/wp\/v2\/types\/product"}],"wp:featuredmedia":[{"embeddable":true,"href":"https:\/\/shop.trikatex.fi\/sv\/wp-json\/wp\/v2\/media\/2145"}],"wp:attachment":[{"href":"https:\/\/shop.trikatex.fi\/sv\/wp-json\/wp\/v2\/media?parent=1265"}],"wp:term":[{"taxonomy":"product_brand","embeddable":true,"href":"https:\/\/shop.trikatex.fi\/sv\/wp-json\/wp\/v2\/product_brand?post=1265"},{"taxonomy":"product_cat","embeddable":true,"href":"https:\/\/shop.trikatex.fi\/sv\/wp-json\/wp\/v2\/product_cat?post=1265"},{"taxonomy":"product_tag","embeddable":true,"href":"https:\/\/shop.trikatex.fi\/sv\/wp-json\/wp\/v2\/product_tag?post=1265"}],"curies":[{"name":"wp","href":"https:\/\/api.w.org\/{rel}","templated":true}]}}