{"id":1278,"date":"2023-12-05T12:22:45","date_gmt":"2023-12-05T12:22:45","guid":{"rendered":"https:\/\/shop.trikatex.fi\/?post_type=product&#038;p=1278"},"modified":"2024-12-27T09:17:27","modified_gmt":"2024-12-27T09:17:27","slug":"pressuovet","status":"publish","type":"product","link":"https:\/\/shop.trikatex.fi\/sv\/product\/pressuovet\/","title":{"rendered":"Presenningsd\u00f6rrar"},"content":{"rendered":"<p>-vindn\u00e4t som standard<\/p>\n<p>-640-900g\/m2<\/p>\n<p><img decoding=\"async\" class=\"alignnone size-medium wp-image-2365\" src=\"https:\/\/shop.trikatex.fi\/wp-content\/uploads\/2023\/12\/IMG-20240531-WA0000-300x225.jpg\" alt=\"\" width=\"300\" height=\"225\" srcset=\"https:\/\/shop.trikatex.fi\/wp-content\/uploads\/2023\/12\/IMG-20240531-WA0000-16x12.jpg 16w, https:\/\/shop.trikatex.fi\/wp-content\/uploads\/2023\/12\/IMG-20240531-WA0000-200x150.jpg 200w, https:\/\/shop.trikatex.fi\/wp-content\/uploads\/2023\/12\/IMG-20240531-WA0000-300x225.jpg 300w, https:\/\/shop.trikatex.fi\/wp-content\/uploads\/2023\/12\/IMG-20240531-WA0000-400x300.jpg 400w, https:\/\/shop.trikatex.fi\/wp-content\/uploads\/2023\/12\/IMG-20240531-WA0000-500x375.jpg 500w, https:\/\/shop.trikatex.fi\/wp-content\/uploads\/2023\/12\/IMG-20240531-WA0000-600x450.jpg 600w, https:\/\/shop.trikatex.fi\/wp-content\/uploads\/2023\/12\/IMG-20240531-WA0000-700x525.jpg 700w, https:\/\/shop.trikatex.fi\/wp-content\/uploads\/2023\/12\/IMG-20240531-WA0000-768x576.jpg 768w, https:\/\/shop.trikatex.fi\/wp-content\/uploads\/2023\/12\/IMG-20240531-WA0000-800x600.jpg 800w, https:\/\/shop.trikatex.fi\/wp-content\/uploads\/2023\/12\/IMG-20240531-WA0000-1024x768.jpg 1024w, https:\/\/shop.trikatex.fi\/wp-content\/uploads\/2023\/12\/IMG-20240531-WA0000-1200x900.jpg 1200w, https:\/\/shop.trikatex.fi\/wp-content\/uploads\/2023\/12\/IMG-20240531-WA0000-1536x1152.jpg 1536w, https:\/\/shop.trikatex.fi\/wp-content\/uploads\/2023\/12\/IMG-20240531-WA0000.jpg 1600w\" sizes=\"(max-width: 300px) 100vw, 300px\" \/><img decoding=\"async\" class=\"alignnone size-medium wp-image-2370\" src=\"https:\/\/shop.trikatex.fi\/wp-content\/uploads\/2023\/12\/20241128_132212-scaled-e1735291021742-300x231.jpg\" alt=\"\" width=\"300\" height=\"231\" srcset=\"https:\/\/shop.trikatex.fi\/wp-content\/uploads\/2023\/12\/20241128_132212-scaled-e1735291021742-16x12.jpg 16w, https:\/\/shop.trikatex.fi\/wp-content\/uploads\/2023\/12\/20241128_132212-scaled-e1735291021742-200x154.jpg 200w, https:\/\/shop.trikatex.fi\/wp-content\/uploads\/2023\/12\/20241128_132212-scaled-e1735291021742-300x231.jpg 300w, https:\/\/shop.trikatex.fi\/wp-content\/uploads\/2023\/12\/20241128_132212-scaled-e1735291021742-400x308.jpg 400w, https:\/\/shop.trikatex.fi\/wp-content\/uploads\/2023\/12\/20241128_132212-scaled-e1735291021742-500x384.jpg 500w, https:\/\/shop.trikatex.fi\/wp-content\/uploads\/2023\/12\/20241128_132212-scaled-e1735291021742-600x461.jpg 600w, https:\/\/shop.trikatex.fi\/wp-content\/uploads\/2023\/12\/20241128_132212-scaled-e1735291021742-700x538.jpg 700w, https:\/\/shop.trikatex.fi\/wp-content\/uploads\/2023\/12\/20241128_132212-scaled-e1735291021742-768x590.jpg 768w, https:\/\/shop.trikatex.fi\/wp-content\/uploads\/2023\/12\/20241128_132212-scaled-e1735291021742-800x615.jpg 800w, https:\/\/shop.trikatex.fi\/wp-content\/uploads\/2023\/12\/20241128_132212-scaled-e1735291021742-1024x787.jpg 1024w, https:\/\/shop.trikatex.fi\/wp-content\/uploads\/2023\/12\/20241128_132212-scaled-e1735291021742-1200x923.jpg 1200w, https:\/\/shop.trikatex.fi\/wp-content\/uploads\/2023\/12\/20241128_132212-scaled-e1735291021742-1536x1181.jpg 1536w, https:\/\/shop.trikatex.fi\/wp-content\/uploads\/2023\/12\/20241128_132212-scaled-e1735291021742.jpg 1920w\" sizes=\"(max-width: 300px) 100vw, 300px\" \/><\/p>\n<p>&nbsp;<\/p>","protected":false},"excerpt":{"rendered":"<p>Till sidan \u00f6ppningsbara presenningsd\u00f6rrar som m\u00e5ttbest\u00e4llning<\/p>\n<p>Fr\u00e5ga offert: trikatex@trikatex.fi<\/p>","protected":false},"featured_media":2052,"template":"","meta":[],"product_brand":[],"product_cat":[72],"product_tag":[],"class_list":{"0":"post-1278","1":"product","2":"type-product","3":"status-publish","4":"has-post-thumbnail","6":"product_cat-ulko-ovet","8":"first","9":"instock","10":"taxable","11":"shipping-taxable","12":"product-type-simple"},"aioseo_notices":[],"_links":{"self":[{"href":"https:\/\/shop.trikatex.fi\/sv\/wp-json\/wp\/v2\/product\/1278","targetHints":{"allow":["GET"]}}],"collection":[{"href":"https:\/\/shop.trikatex.fi\/sv\/wp-json\/wp\/v2\/product"}],"about":[{"href":"https:\/\/shop.trikatex.fi\/sv\/wp-json\/wp\/v2\/types\/product"}],"wp:featuredmedia":[{"embeddable":true,"href":"https:\/\/shop.trikatex.fi\/sv\/wp-json\/wp\/v2\/media\/2052"}],"wp:attachment":[{"href":"https:\/\/shop.trikatex.fi\/sv\/wp-json\/wp\/v2\/media?parent=1278"}],"wp:term":[{"taxonomy":"product_brand","embeddable":true,"href":"https:\/\/shop.trikatex.fi\/sv\/wp-json\/wp\/v2\/product_brand?post=1278"},{"taxonomy":"product_cat","embeddable":true,"href":"https:\/\/shop.trikatex.fi\/sv\/wp-json\/wp\/v2\/product_cat?post=1278"},{"taxonomy":"product_tag","embeddable":true,"href":"https:\/\/shop.trikatex.fi\/sv\/wp-json\/wp\/v2\/product_tag?post=1278"}],"curies":[{"name":"wp","href":"https:\/\/api.w.org\/{rel}","templated":true}]}}