{"id":1350,"date":"2023-12-08T06:58:30","date_gmt":"2023-12-08T06:58:30","guid":{"rendered":"https:\/\/shop.trikatex.fi\/?post_type=product&#038;p=1350"},"modified":"2024-01-29T11:22:31","modified_gmt":"2024-01-29T11:22:31","slug":"32062701-kapelliveivi","status":"publish","type":"product","link":"https:\/\/shop.trikatex.fi\/sv\/product\/32062701-kapelliveivi\/","title":{"rendered":"32062401 Kapellvev"},"content":{"rendered":"<p>-utv\u00e4xlingsf\u00f6rh\u00e5llande 7:1<\/p>\n<p>-l\u00e4ngd 2400mm<\/p>\n<p>-passande produkter: Adapter 32023001\/ Keder profil10054430<\/p>\n<p>&nbsp;<\/p>\n<p>&nbsp;<\/p>\n<p>&nbsp;<\/p>","protected":false},"excerpt":{"rendered":"<p>Bromsf\u00f6rsedd vinkelv\u00e4xel med vev<\/p>\n<p>-1st i f\u00f6rpackning<\/p>\n<p><img decoding=\"async\" class=\"alignnone size-medium wp-image-1352\" src=\"https:\/\/shop.trikatex.fi\/wp-content\/uploads\/2023\/12\/1702019301282-135x300.jpg\" alt=\"\" width=\"135\" height=\"300\" \/><\/p>","protected":false},"featured_media":2115,"template":"","meta":[],"product_brand":[],"product_cat":[37,29],"product_tag":[],"class_list":{"0":"post-1350","1":"product","2":"type-product","3":"status-publish","4":"has-post-thumbnail","6":"product_cat-tarvikkeet-km-tyokalut","7":"product_cat-tarvikkeet-ov-kiinitys","8":"product_shipping_class-m-paket","10":"first","11":"instock","12":"taxable","13":"shipping-taxable","14":"purchasable","15":"product-type-simple"},"aioseo_notices":[],"_links":{"self":[{"href":"https:\/\/shop.trikatex.fi\/sv\/wp-json\/wp\/v2\/product\/1350","targetHints":{"allow":["GET"]}}],"collection":[{"href":"https:\/\/shop.trikatex.fi\/sv\/wp-json\/wp\/v2\/product"}],"about":[{"href":"https:\/\/shop.trikatex.fi\/sv\/wp-json\/wp\/v2\/types\/product"}],"wp:featuredmedia":[{"embeddable":true,"href":"https:\/\/shop.trikatex.fi\/sv\/wp-json\/wp\/v2\/media\/2115"}],"wp:attachment":[{"href":"https:\/\/shop.trikatex.fi\/sv\/wp-json\/wp\/v2\/media?parent=1350"}],"wp:term":[{"taxonomy":"product_brand","embeddable":true,"href":"https:\/\/shop.trikatex.fi\/sv\/wp-json\/wp\/v2\/product_brand?post=1350"},{"taxonomy":"product_cat","embeddable":true,"href":"https:\/\/shop.trikatex.fi\/sv\/wp-json\/wp\/v2\/product_cat?post=1350"},{"taxonomy":"product_tag","embeddable":true,"href":"https:\/\/shop.trikatex.fi\/sv\/wp-json\/wp\/v2\/product_tag?post=1350"}],"curies":[{"name":"wp","href":"https:\/\/api.w.org\/{rel}","templated":true}]}}