{"id":1480,"date":"2023-12-11T10:16:38","date_gmt":"2023-12-11T10:16:38","guid":{"rendered":"https:\/\/shop.trikatex.fi\/?post_type=product&#038;p=1480"},"modified":"2024-01-29T07:00:23","modified_gmt":"2024-01-29T07:00:23","slug":"7150-kumikoysi-8mm","status":"publish","type":"product","link":"https:\/\/shop.trikatex.fi\/sv\/product\/7150-kumikoysi-8mm\/","title":{"rendered":"7150 gummisn\u00f6re 8mm"},"content":{"rendered":"","protected":false},"excerpt":{"rendered":"<p>Gummisn\u00f6re 8mm bl\u00e5<\/p>\n<p>F\u00f6rpackningen inneh\u00e5ller 10m<\/p>","protected":false},"featured_media":2094,"template":"","meta":[],"product_brand":[],"product_cat":[76,34,29],"product_tag":[],"class_list":{"0":"post-1480","1":"product","2":"type-product","3":"status-publish","4":"has-post-thumbnail","6":"product_cat-oheistarvikkeet-kiinnitys","7":"product_cat-tarvikkeet-km-kiinnitys","8":"product_cat-tarvikkeet-ov-kiinitys","9":"product_shipping_class-s-paket","11":"first","12":"instock","13":"taxable","14":"shipping-taxable","15":"purchasable","16":"product-type-simple"},"aioseo_notices":[],"_links":{"self":[{"href":"https:\/\/shop.trikatex.fi\/sv\/wp-json\/wp\/v2\/product\/1480","targetHints":{"allow":["GET"]}}],"collection":[{"href":"https:\/\/shop.trikatex.fi\/sv\/wp-json\/wp\/v2\/product"}],"about":[{"href":"https:\/\/shop.trikatex.fi\/sv\/wp-json\/wp\/v2\/types\/product"}],"wp:featuredmedia":[{"embeddable":true,"href":"https:\/\/shop.trikatex.fi\/sv\/wp-json\/wp\/v2\/media\/2094"}],"wp:attachment":[{"href":"https:\/\/shop.trikatex.fi\/sv\/wp-json\/wp\/v2\/media?parent=1480"}],"wp:term":[{"taxonomy":"product_brand","embeddable":true,"href":"https:\/\/shop.trikatex.fi\/sv\/wp-json\/wp\/v2\/product_brand?post=1480"},{"taxonomy":"product_cat","embeddable":true,"href":"https:\/\/shop.trikatex.fi\/sv\/wp-json\/wp\/v2\/product_cat?post=1480"},{"taxonomy":"product_tag","embeddable":true,"href":"https:\/\/shop.trikatex.fi\/sv\/wp-json\/wp\/v2\/product_tag?post=1480"}],"curies":[{"name":"wp","href":"https:\/\/api.w.org\/{rel}","templated":true}]}}