{"id":1504,"date":"2023-12-11T11:00:00","date_gmt":"2023-12-11T11:00:00","guid":{"rendered":"https:\/\/shop.trikatex.fi\/?post_type=product&#038;p=1504"},"modified":"2025-07-23T12:10:03","modified_gmt":"2025-07-23T12:10:03","slug":"35180-autokorilista","status":"publish","type":"product","link":"https:\/\/shop.trikatex.fi\/sv\/product\/35180-autokorilista\/","title":{"rendered":"6727 karosserilist"},"content":{"rendered":"<p>-karosseri listen l\u00e4mpar sig tex, f\u00f6r bilindustrin, maskin och automationsindustrin, livsmedelsindustrin mm.<\/p>\n<p>&nbsp;<\/p>\n<p>&nbsp;<\/p>\n<p>&nbsp;<\/p>\n<p>&nbsp;<\/p>\n<p>&nbsp;<\/p>","protected":false},"excerpt":{"rendered":"<p>Anodiserad aluminium<\/p>\n<p>H\u00e5lf\u00f6rsedd: \u00d8 5 mm \/ 100 mm<\/p>\n<p>L\u00e4ngd:6000mm<\/p>\n<p>-1st i f\u00f6rpackning<\/p>","protected":false},"featured_media":2000,"template":"","meta":[],"product_brand":[],"product_cat":[34,29],"product_tag":[],"class_list":{"0":"post-1504","1":"product","2":"type-product","3":"status-publish","4":"has-post-thumbnail","6":"product_cat-tarvikkeet-km-kiinnitys","7":"product_cat-tarvikkeet-ov-kiinitys","8":"product_shipping_class-m-paket","10":"first","11":"instock","12":"taxable","13":"shipping-taxable","14":"purchasable","15":"product-type-simple"},"aioseo_notices":[],"_links":{"self":[{"href":"https:\/\/shop.trikatex.fi\/sv\/wp-json\/wp\/v2\/product\/1504","targetHints":{"allow":["GET"]}}],"collection":[{"href":"https:\/\/shop.trikatex.fi\/sv\/wp-json\/wp\/v2\/product"}],"about":[{"href":"https:\/\/shop.trikatex.fi\/sv\/wp-json\/wp\/v2\/types\/product"}],"wp:featuredmedia":[{"embeddable":true,"href":"https:\/\/shop.trikatex.fi\/sv\/wp-json\/wp\/v2\/media\/2000"}],"wp:attachment":[{"href":"https:\/\/shop.trikatex.fi\/sv\/wp-json\/wp\/v2\/media?parent=1504"}],"wp:term":[{"taxonomy":"product_brand","embeddable":true,"href":"https:\/\/shop.trikatex.fi\/sv\/wp-json\/wp\/v2\/product_brand?post=1504"},{"taxonomy":"product_cat","embeddable":true,"href":"https:\/\/shop.trikatex.fi\/sv\/wp-json\/wp\/v2\/product_cat?post=1504"},{"taxonomy":"product_tag","embeddable":true,"href":"https:\/\/shop.trikatex.fi\/sv\/wp-json\/wp\/v2\/product_tag?post=1504"}],"curies":[{"name":"wp","href":"https:\/\/api.w.org\/{rel}","templated":true}]}}