{"id":1588,"date":"2023-12-23T13:35:19","date_gmt":"2023-12-23T13:35:19","guid":{"rendered":"https:\/\/shop.trikatex.fi\/?post_type=product&#038;p=1588"},"modified":"2024-01-26T11:08:12","modified_gmt":"2024-01-26T11:08:12","slug":"10190-puristussilmukka","status":"publish","type":"product","link":"https:\/\/shop.trikatex.fi\/sv\/product\/10190-puristussilmukka\/","title":{"rendered":"10190 Kl\u00e4mring"},"content":{"rendered":"<pre id=\"tw-target-text\" class=\"tw-data-text tw-text-large tw-ta\" dir=\"ltr\" data-placeholder=\"\u00d6vers\u00e4ttning\" data-ved=\"2ahUKEwjq1c3sqqWDAxXCPxAIHaxgBbQQ3ewLegQIBRAQ\"><span class=\"Y2IQFc\" lang=\"fi\">-8mm kl\u00e4mring f\u00f6r sn\u00f6re\/gummisn\u00f6re<\/span><\/pre>\n<p>&nbsp;<\/p>\n<p>&nbsp;<\/p>\n<p>&nbsp;<\/p>\n<p>&nbsp;<\/p>","protected":false},"excerpt":{"rendered":"<p>8mm f\u00f6rzinkad kl\u00e4mring<\/p>\n<p>40st i f\u00f6rpackning<\/p>\n<p>&nbsp;<\/p>\n<p>&nbsp;<\/p>","protected":false},"featured_media":2079,"template":"","meta":[],"product_brand":[],"product_cat":[76,29],"product_tag":[],"class_list":{"0":"post-1588","1":"product","2":"type-product","3":"status-publish","4":"has-post-thumbnail","6":"product_cat-oheistarvikkeet-kiinnitys","7":"product_cat-tarvikkeet-ov-kiinitys","8":"product_shipping_class-s-paket","10":"first","11":"instock","12":"taxable","13":"shipping-taxable","14":"purchasable","15":"product-type-simple"},"aioseo_notices":[],"_links":{"self":[{"href":"https:\/\/shop.trikatex.fi\/sv\/wp-json\/wp\/v2\/product\/1588","targetHints":{"allow":["GET"]}}],"collection":[{"href":"https:\/\/shop.trikatex.fi\/sv\/wp-json\/wp\/v2\/product"}],"about":[{"href":"https:\/\/shop.trikatex.fi\/sv\/wp-json\/wp\/v2\/types\/product"}],"wp:featuredmedia":[{"embeddable":true,"href":"https:\/\/shop.trikatex.fi\/sv\/wp-json\/wp\/v2\/media\/2079"}],"wp:attachment":[{"href":"https:\/\/shop.trikatex.fi\/sv\/wp-json\/wp\/v2\/media?parent=1588"}],"wp:term":[{"taxonomy":"product_brand","embeddable":true,"href":"https:\/\/shop.trikatex.fi\/sv\/wp-json\/wp\/v2\/product_brand?post=1588"},{"taxonomy":"product_cat","embeddable":true,"href":"https:\/\/shop.trikatex.fi\/sv\/wp-json\/wp\/v2\/product_cat?post=1588"},{"taxonomy":"product_tag","embeddable":true,"href":"https:\/\/shop.trikatex.fi\/sv\/wp-json\/wp\/v2\/product_tag?post=1588"}],"curies":[{"name":"wp","href":"https:\/\/api.w.org\/{rel}","templated":true}]}}