{"id":1846,"date":"2024-01-08T13:11:25","date_gmt":"2024-01-08T13:11:25","guid":{"rendered":"https:\/\/shop.trikatex.fi\/?post_type=product&#038;p=1846"},"modified":"2024-01-08T17:02:12","modified_gmt":"2024-01-08T17:02:12","slug":"100898-termovaliseina","status":"publish","type":"product","link":"https:\/\/shop.trikatex.fi\/sv\/product\/100898-termovaliseina\/","title":{"rendered":"100898 Thermo mellanv\u00e4gg"},"content":{"rendered":"<p>-thermo mellanv\u00e4gg f\u00f6r kall eller v\u00e4rmeisolering. 30mm cellfoamisolering med pvc duk p\u00e5 b\u00e4gge sidor. Draperiets f\u00e4rg:ljusgr\u00e5. I priset ing\u00e5r lastst\u00f6dens f\u00e4stremmar.<\/p>\n<p>-draperiet kan f\u00e4stas i c-skena eller med skilda lastst\u00f6d i sk\u00e5pets v\u00e4ggar eller tak.<\/p>\n<p>-\u00e4ven som m\u00e5ttbest\u00e4llning<\/p>\n<p><img decoding=\"async\" class=\"alignnone size-medium wp-image-1848\" src=\"https:\/\/shop.trikatex.fi\/wp-content\/uploads\/2024\/01\/100898-termo-valiseina-212x300.jpg\" alt=\"\" width=\"212\" height=\"300\" \/><\/p>","protected":false},"excerpt":{"rendered":"<p>B2496 x H3080mm<\/p>\n<p>1st<\/p>\n<p>Lastst\u00f6d ing\u00e5r ej<\/p>","protected":false},"featured_media":1813,"template":"","meta":[],"product_brand":[],"product_cat":[69],"product_tag":[],"class_list":{"0":"post-1846","1":"product","2":"type-product","3":"status-publish","4":"has-post-thumbnail","6":"product_cat-valiseinat","7":"product_shipping_class-m-paket","9":"first","10":"instock","11":"taxable","12":"shipping-taxable","13":"purchasable","14":"product-type-simple"},"aioseo_notices":[],"_links":{"self":[{"href":"https:\/\/shop.trikatex.fi\/sv\/wp-json\/wp\/v2\/product\/1846","targetHints":{"allow":["GET"]}}],"collection":[{"href":"https:\/\/shop.trikatex.fi\/sv\/wp-json\/wp\/v2\/product"}],"about":[{"href":"https:\/\/shop.trikatex.fi\/sv\/wp-json\/wp\/v2\/types\/product"}],"wp:featuredmedia":[{"embeddable":true,"href":"https:\/\/shop.trikatex.fi\/sv\/wp-json\/wp\/v2\/media\/1813"}],"wp:attachment":[{"href":"https:\/\/shop.trikatex.fi\/sv\/wp-json\/wp\/v2\/media?parent=1846"}],"wp:term":[{"taxonomy":"product_brand","embeddable":true,"href":"https:\/\/shop.trikatex.fi\/sv\/wp-json\/wp\/v2\/product_brand?post=1846"},{"taxonomy":"product_cat","embeddable":true,"href":"https:\/\/shop.trikatex.fi\/sv\/wp-json\/wp\/v2\/product_cat?post=1846"},{"taxonomy":"product_tag","embeddable":true,"href":"https:\/\/shop.trikatex.fi\/sv\/wp-json\/wp\/v2\/product_tag?post=1846"}],"curies":[{"name":"wp","href":"https:\/\/api.w.org\/{rel}","templated":true}]}}