{"id":1851,"date":"2024-01-09T08:17:25","date_gmt":"2024-01-09T08:17:25","guid":{"rendered":"https:\/\/shop.trikatex.fi\/?post_type=product&#038;p=1851"},"modified":"2024-01-31T06:29:07","modified_gmt":"2024-01-31T06:29:07","slug":"rullautuva-verhomekanismi","status":"publish","type":"product","link":"https:\/\/shop.trikatex.fi\/sv\/product\/rullautuva-verhomekanismi\/","title":{"rendered":"Mekanism till rulldraperi"},"content":{"rendered":"<p>-roll up draperiet \u00e4r ett perfekt och m\u00e5ngsidigt system f\u00f6r till exempel f\u00f6ljande:<\/p>\n<ul>\n<li>balkonger<\/li>\n<li>terasser<\/li>\n<li>garageportar<\/li>\n<li>f\u00f6nster<\/li>\n<\/ul>\n<p>-konsolerna passar f\u00f6r v\u00e4gg och tak montering.<\/p>\n<p>-rostfria vaijrar s\u00e4kerst\u00e4ller styrningen av profilen. Rostfria vaijrar f\u00e4sts i toppen av monteringsf\u00e4stet<\/p>\n<p>och i botten med hj\u00e4lp av monteringsj\u00e4rn som f\u00e4sts p\u00e5 v\u00e4ggen.<\/p>\n<p>- m\u00f6jligt att f\u00e5s med normal pvc duk eller n\u00e4tduk<\/p>\n<p><img decoding=\"async\" class=\"alignnone size-medium wp-image-1853\" src=\"https:\/\/shop.trikatex.fi\/wp-content\/uploads\/2024\/01\/20240109_074154-300x225.jpg\" alt=\"\" width=\"300\" height=\"225\" \/><img decoding=\"async\" class=\"alignnone  wp-image-2144\" src=\"https:\/\/shop.trikatex.fi\/wp-content\/uploads\/2024\/01\/20240109_074233-1-scaled-e1706682511631-300x221.jpg\" alt=\"\" width=\"304\" height=\"224\" srcset=\"https:\/\/shop.trikatex.fi\/wp-content\/uploads\/2024\/01\/20240109_074233-1-scaled-e1706682511631-16x12.jpg 16w, https:\/\/shop.trikatex.fi\/wp-content\/uploads\/2024\/01\/20240109_074233-1-scaled-e1706682511631-200x148.jpg 200w, https:\/\/shop.trikatex.fi\/wp-content\/uploads\/2024\/01\/20240109_074233-1-scaled-e1706682511631-300x221.jpg 300w, https:\/\/shop.trikatex.fi\/wp-content\/uploads\/2024\/01\/20240109_074233-1-scaled-e1706682511631-400x295.jpg 400w, https:\/\/shop.trikatex.fi\/wp-content\/uploads\/2024\/01\/20240109_074233-1-scaled-e1706682511631-500x369.jpg 500w, https:\/\/shop.trikatex.fi\/wp-content\/uploads\/2024\/01\/20240109_074233-1-scaled-e1706682511631-600x443.jpg 600w, https:\/\/shop.trikatex.fi\/wp-content\/uploads\/2024\/01\/20240109_074233-1-scaled-e1706682511631-700x517.jpg 700w, https:\/\/shop.trikatex.fi\/wp-content\/uploads\/2024\/01\/20240109_074233-1-scaled-e1706682511631-768x567.jpg 768w, https:\/\/shop.trikatex.fi\/wp-content\/uploads\/2024\/01\/20240109_074233-1-scaled-e1706682511631-800x591.jpg 800w, https:\/\/shop.trikatex.fi\/wp-content\/uploads\/2024\/01\/20240109_074233-1-scaled-e1706682511631-1024x756.jpg 1024w, https:\/\/shop.trikatex.fi\/wp-content\/uploads\/2024\/01\/20240109_074233-1-scaled-e1706682511631-1200x886.jpg 1200w, https:\/\/shop.trikatex.fi\/wp-content\/uploads\/2024\/01\/20240109_074233-1-scaled-e1706682511631-1536x1134.jpg 1536w, https:\/\/shop.trikatex.fi\/wp-content\/uploads\/2024\/01\/20240109_074233-1-scaled-e1706682511631.jpg 1612w\" sizes=\"(max-width: 304px) 100vw, 304px\" \/><\/p>\n<p>&nbsp;<\/p>","protected":false},"excerpt":{"rendered":"<p>Mekanisk eller eldrift<\/p>\n<p>Bredd 2-5m<\/p>\n<p>H\u00f6jd max 4m<\/p>\n<p>Fr\u00e5ga offert: trikatex@trikatex.fi<\/p>","protected":false},"featured_media":2143,"template":"","meta":[],"product_brand":[],"product_cat":[71,72],"product_tag":[],"class_list":{"0":"post-1851","1":"product","2":"type-product","3":"status-publish","4":"has-post-thumbnail","6":"product_cat-sisaverhot","7":"product_cat-ulko-ovet","9":"first","10":"instock","11":"taxable","12":"shipping-taxable","13":"product-type-simple"},"aioseo_notices":[],"_links":{"self":[{"href":"https:\/\/shop.trikatex.fi\/sv\/wp-json\/wp\/v2\/product\/1851","targetHints":{"allow":["GET"]}}],"collection":[{"href":"https:\/\/shop.trikatex.fi\/sv\/wp-json\/wp\/v2\/product"}],"about":[{"href":"https:\/\/shop.trikatex.fi\/sv\/wp-json\/wp\/v2\/types\/product"}],"wp:featuredmedia":[{"embeddable":true,"href":"https:\/\/shop.trikatex.fi\/sv\/wp-json\/wp\/v2\/media\/2143"}],"wp:attachment":[{"href":"https:\/\/shop.trikatex.fi\/sv\/wp-json\/wp\/v2\/media?parent=1851"}],"wp:term":[{"taxonomy":"product_brand","embeddable":true,"href":"https:\/\/shop.trikatex.fi\/sv\/wp-json\/wp\/v2\/product_brand?post=1851"},{"taxonomy":"product_cat","embeddable":true,"href":"https:\/\/shop.trikatex.fi\/sv\/wp-json\/wp\/v2\/product_cat?post=1851"},{"taxonomy":"product_tag","embeddable":true,"href":"https:\/\/shop.trikatex.fi\/sv\/wp-json\/wp\/v2\/product_tag?post=1851"}],"curies":[{"name":"wp","href":"https:\/\/api.w.org\/{rel}","templated":true}]}}