{"id":1856,"date":"2024-01-09T10:10:24","date_gmt":"2024-01-09T10:10:24","guid":{"rendered":"https:\/\/shop.trikatex.fi\/?post_type=product&#038;p=1856"},"modified":"2024-01-31T06:23:30","modified_gmt":"2024-01-31T06:23:30","slug":"34018001-oviverhon-kiristin","status":"publish","type":"product","link":"https:\/\/shop.trikatex.fi\/sv\/product\/34018001-oviverhon-kiristin\/","title":{"rendered":"34018001 Sp\u00e4nnare f\u00f6r d\u00f6rrdraperi"},"content":{"rendered":"<p>-passande produkter:<\/p>\n<p>-311233301 profilr\u00f6r<\/p>\n<p>-310832111 adapter<\/p>\n<p>-342350081 \u00f6vre f\u00e4ste<\/p>\n<p>-342580081 nedre f\u00e4ste h\u00f6ger<\/p>\n<p>-342480081 nedre f\u00e4ste v\u00e4nster<\/p>\n<p>&nbsp;<\/p>\n<p>&nbsp;<\/p>","protected":false},"excerpt":{"rendered":"<p>L: 260mm<\/p>\n<p>B: 60mm<\/p>\n<p>H: 50mm<\/p>\n<p>&nbsp;<\/p>\n<p>-1st i f\u00f6rpackning<\/p>","protected":false},"featured_media":2141,"template":"","meta":[],"product_brand":[],"product_cat":[29],"product_tag":[],"class_list":{"0":"post-1856","1":"product","2":"type-product","3":"status-publish","4":"has-post-thumbnail","6":"product_cat-tarvikkeet-ov-kiinitys","7":"product_shipping_class-s-paket","9":"first","10":"instock","11":"taxable","12":"shipping-taxable","13":"purchasable","14":"product-type-simple"},"aioseo_notices":[],"_links":{"self":[{"href":"https:\/\/shop.trikatex.fi\/sv\/wp-json\/wp\/v2\/product\/1856","targetHints":{"allow":["GET"]}}],"collection":[{"href":"https:\/\/shop.trikatex.fi\/sv\/wp-json\/wp\/v2\/product"}],"about":[{"href":"https:\/\/shop.trikatex.fi\/sv\/wp-json\/wp\/v2\/types\/product"}],"wp:featuredmedia":[{"embeddable":true,"href":"https:\/\/shop.trikatex.fi\/sv\/wp-json\/wp\/v2\/media\/2141"}],"wp:attachment":[{"href":"https:\/\/shop.trikatex.fi\/sv\/wp-json\/wp\/v2\/media?parent=1856"}],"wp:term":[{"taxonomy":"product_brand","embeddable":true,"href":"https:\/\/shop.trikatex.fi\/sv\/wp-json\/wp\/v2\/product_brand?post=1856"},{"taxonomy":"product_cat","embeddable":true,"href":"https:\/\/shop.trikatex.fi\/sv\/wp-json\/wp\/v2\/product_cat?post=1856"},{"taxonomy":"product_tag","embeddable":true,"href":"https:\/\/shop.trikatex.fi\/sv\/wp-json\/wp\/v2\/product_tag?post=1856"}],"curies":[{"name":"wp","href":"https:\/\/api.w.org\/{rel}","templated":true}]}}