{"id":1862,"date":"2024-01-09T11:21:36","date_gmt":"2024-01-09T11:21:36","guid":{"rendered":"https:\/\/shop.trikatex.fi\/?post_type=product&#038;p=1862"},"modified":"2024-01-26T08:26:04","modified_gmt":"2024-01-26T08:26:04","slug":"60078-kuormatuki","status":"publish","type":"product","link":"https:\/\/shop.trikatex.fi\/sv\/product\/60078-kuormatuki\/","title":{"rendered":"60078 Lastst\u00f6d"},"content":{"rendered":"<p><img decoding=\"async\" class=\"size-medium wp-image-1949 alignleft\" src=\"https:\/\/shop.trikatex.fi\/wp-content\/uploads\/2024\/01\/100898-termo-valiseina-212x300.jpg\" alt=\"\" width=\"212\" height=\"300\" srcset=\"https:\/\/shop.trikatex.fi\/wp-content\/uploads\/2024\/01\/100898-termo-valiseina-8x12.jpg 8w, https:\/\/shop.trikatex.fi\/wp-content\/uploads\/2024\/01\/100898-termo-valiseina-200x283.jpg 200w, https:\/\/shop.trikatex.fi\/wp-content\/uploads\/2024\/01\/100898-termo-valiseina-212x300.jpg 212w, https:\/\/shop.trikatex.fi\/wp-content\/uploads\/2024\/01\/100898-termo-valiseina-400x566.jpg 400w, https:\/\/shop.trikatex.fi\/wp-content\/uploads\/2024\/01\/100898-termo-valiseina-500x707.jpg 500w, https:\/\/shop.trikatex.fi\/wp-content\/uploads\/2024\/01\/100898-termo-valiseina-600x848.jpg 600w, https:\/\/shop.trikatex.fi\/wp-content\/uploads\/2024\/01\/100898-termo-valiseina-700x990.jpg 700w, https:\/\/shop.trikatex.fi\/wp-content\/uploads\/2024\/01\/100898-termo-valiseina-724x1024.jpg 724w, https:\/\/shop.trikatex.fi\/wp-content\/uploads\/2024\/01\/100898-termo-valiseina-768x1086.jpg 768w, https:\/\/shop.trikatex.fi\/wp-content\/uploads\/2024\/01\/100898-termo-valiseina-800x1131.jpg 800w, https:\/\/shop.trikatex.fi\/wp-content\/uploads\/2024\/01\/100898-termo-valiseina-1086x1536.jpg 1086w, https:\/\/shop.trikatex.fi\/wp-content\/uploads\/2024\/01\/100898-termo-valiseina-1200x1697.jpg 1200w, https:\/\/shop.trikatex.fi\/wp-content\/uploads\/2024\/01\/100898-termo-valiseina-1449x2048.jpg 1449w, https:\/\/shop.trikatex.fi\/wp-content\/uploads\/2024\/01\/100898-termo-valiseina-scaled.jpg 1811w\" sizes=\"(max-width: 212px) 100vw, 212px\" \/>-gasfj\u00e4derassisterat sp\u00e4nnsystem<br \/>\n-kan monteras b\u00e5de lodr\u00e4tt och v\u00e5gr\u00e4tt<br \/>\n-ledade f\u00f6tter<br \/>\n-material: st\u00e5l, aluminium<\/p>\n<p>&nbsp;<\/p>","protected":false},"excerpt":{"rendered":"<p>L\u00e4ngd: 2350-3350mm<\/p>\n<p>1st<\/p>\n<p>&nbsp;<\/p>","protected":false},"featured_media":1948,"template":"","meta":[],"product_brand":[],"product_cat":[69],"product_tag":[],"class_list":{"0":"post-1862","1":"product","2":"type-product","3":"status-publish","4":"has-post-thumbnail","6":"product_cat-valiseinat","7":"product_shipping_class-m-paket","9":"first","10":"instock","11":"taxable","12":"shipping-taxable","13":"purchasable","14":"product-type-simple"},"aioseo_notices":[],"_links":{"self":[{"href":"https:\/\/shop.trikatex.fi\/sv\/wp-json\/wp\/v2\/product\/1862","targetHints":{"allow":["GET"]}}],"collection":[{"href":"https:\/\/shop.trikatex.fi\/sv\/wp-json\/wp\/v2\/product"}],"about":[{"href":"https:\/\/shop.trikatex.fi\/sv\/wp-json\/wp\/v2\/types\/product"}],"wp:featuredmedia":[{"embeddable":true,"href":"https:\/\/shop.trikatex.fi\/sv\/wp-json\/wp\/v2\/media\/1948"}],"wp:attachment":[{"href":"https:\/\/shop.trikatex.fi\/sv\/wp-json\/wp\/v2\/media?parent=1862"}],"wp:term":[{"taxonomy":"product_brand","embeddable":true,"href":"https:\/\/shop.trikatex.fi\/sv\/wp-json\/wp\/v2\/product_brand?post=1862"},{"taxonomy":"product_cat","embeddable":true,"href":"https:\/\/shop.trikatex.fi\/sv\/wp-json\/wp\/v2\/product_cat?post=1862"},{"taxonomy":"product_tag","embeddable":true,"href":"https:\/\/shop.trikatex.fi\/sv\/wp-json\/wp\/v2\/product_tag?post=1862"}],"curies":[{"name":"wp","href":"https:\/\/api.w.org\/{rel}","templated":true}]}}