{"id":1893,"date":"2024-01-17T09:36:59","date_gmt":"2024-01-17T09:36:59","guid":{"rendered":"https:\/\/shop.trikatex.fi\/?post_type=product&#038;p=1893"},"modified":"2025-02-03T10:19:29","modified_gmt":"2025-02-03T10:19:29","slug":"paikkausmateriaali","status":"publish","type":"product","link":"https:\/\/shop.trikatex.fi\/sv\/product\/paikkausmateriaali\/","title":{"rendered":"Reparationsmaterial"},"content":{"rendered":"<p>-300mm PVC remsa<\/p>\n<p>-10m i f\u00f6rpackning<\/p>","protected":false},"excerpt":{"rendered":"<p>F\u00e4rgalternativ: vit, svart, r\u00f6d, orange, gr\u00f6n, gr\u00e5, silvergr\u00e5, bl\u00e5<\/p>\n<p>Dukens vikt 600-900\/m2<\/p>","protected":false},"featured_media":2222,"template":"","meta":[],"product_brand":[],"product_cat":[78,38,33],"product_tag":[],"class_list":{"0":"post-1893","1":"product","2":"type-product","3":"status-publish","4":"has-post-thumbnail","6":"product_cat-oheistarvikkeet-korjaussarjat-liima-ja-puhdistusaineet","7":"product_cat-tarvikkeet-km-korjaussarjat-liima-puhdistusaineet","8":"product_cat-tarvikkeet-ov-korjaussarjat-liima-puhdistusaineet","9":"product_shipping_class-s-paket","11":"first","12":"instock","13":"taxable","14":"shipping-taxable","15":"purchasable","16":"product-type-variable"},"aioseo_notices":[],"_links":{"self":[{"href":"https:\/\/shop.trikatex.fi\/sv\/wp-json\/wp\/v2\/product\/1893","targetHints":{"allow":["GET"]}}],"collection":[{"href":"https:\/\/shop.trikatex.fi\/sv\/wp-json\/wp\/v2\/product"}],"about":[{"href":"https:\/\/shop.trikatex.fi\/sv\/wp-json\/wp\/v2\/types\/product"}],"wp:featuredmedia":[{"embeddable":true,"href":"https:\/\/shop.trikatex.fi\/sv\/wp-json\/wp\/v2\/media\/2222"}],"wp:attachment":[{"href":"https:\/\/shop.trikatex.fi\/sv\/wp-json\/wp\/v2\/media?parent=1893"}],"wp:term":[{"taxonomy":"product_brand","embeddable":true,"href":"https:\/\/shop.trikatex.fi\/sv\/wp-json\/wp\/v2\/product_brand?post=1893"},{"taxonomy":"product_cat","embeddable":true,"href":"https:\/\/shop.trikatex.fi\/sv\/wp-json\/wp\/v2\/product_cat?post=1893"},{"taxonomy":"product_tag","embeddable":true,"href":"https:\/\/shop.trikatex.fi\/sv\/wp-json\/wp\/v2\/product_tag?post=1893"}],"curies":[{"name":"wp","href":"https:\/\/api.w.org\/{rel}","templated":true}]}}