{"id":2229,"date":"2024-02-01T08:26:45","date_gmt":"2024-02-01T08:26:45","guid":{"rendered":"https:\/\/shop.trikatex.fi\/?post_type=product&#038;p=2229"},"modified":"2025-07-20T13:26:35","modified_gmt":"2025-07-20T13:26:35","slug":"0862001905-asennuskisko-l-30-30","status":"publish","type":"product","link":"https:\/\/shop.trikatex.fi\/sv\/product\/0862001905-asennuskisko-l-30-30\/","title":{"rendered":"0862001905 Asennuskisko, L, 30\/30"},"content":{"rendered":"<p>-f\u00f6r v\u00e4ggmontering av r\u00f6r, mm<\/p>\n<p>-elf\u00f6rzinkad<\/p>\n<p>-h\u00e5lstorlek 10mm,12mm, ovala 34x12mm<\/p>\n<p>-avst\u00e5nd mellan h\u00e5len 22mm,28mm ovala 50mm<\/p>\n<p>&nbsp;<\/p>","protected":false},"excerpt":{"rendered":"<p>L-profil\u00a0 30\/30mm<\/p>\n<p>L\u00e4ngd 2m<\/p>\n<p>Zinkad<\/p>\n<p>&nbsp;<\/p>\n<p>&nbsp;<\/p>","protected":false},"featured_media":2230,"template":"","meta":[],"product_brand":[],"product_cat":[76,79,29],"product_tag":[],"class_list":{"0":"post-2229","1":"product","2":"type-product","3":"status-publish","4":"has-post-thumbnail","6":"product_cat-oheistarvikkeet-kiinnitys","7":"product_cat-oheistarvikkeet-profiilit","8":"product_cat-tarvikkeet-ov-kiinitys","9":"product_shipping_class-m-paket","11":"first","12":"instock","13":"taxable","14":"shipping-taxable","15":"purchasable","16":"product-type-simple"},"aioseo_notices":[],"_links":{"self":[{"href":"https:\/\/shop.trikatex.fi\/sv\/wp-json\/wp\/v2\/product\/2229","targetHints":{"allow":["GET"]}}],"collection":[{"href":"https:\/\/shop.trikatex.fi\/sv\/wp-json\/wp\/v2\/product"}],"about":[{"href":"https:\/\/shop.trikatex.fi\/sv\/wp-json\/wp\/v2\/types\/product"}],"wp:featuredmedia":[{"embeddable":true,"href":"https:\/\/shop.trikatex.fi\/sv\/wp-json\/wp\/v2\/media\/2230"}],"wp:attachment":[{"href":"https:\/\/shop.trikatex.fi\/sv\/wp-json\/wp\/v2\/media?parent=2229"}],"wp:term":[{"taxonomy":"product_brand","embeddable":true,"href":"https:\/\/shop.trikatex.fi\/sv\/wp-json\/wp\/v2\/product_brand?post=2229"},{"taxonomy":"product_cat","embeddable":true,"href":"https:\/\/shop.trikatex.fi\/sv\/wp-json\/wp\/v2\/product_cat?post=2229"},{"taxonomy":"product_tag","embeddable":true,"href":"https:\/\/shop.trikatex.fi\/sv\/wp-json\/wp\/v2\/product_tag?post=2229"}],"curies":[{"name":"wp","href":"https:\/\/api.w.org\/{rel}","templated":true}]}}