{"id":2248,"date":"2024-02-01T09:58:47","date_gmt":"2024-02-01T09:58:47","guid":{"rendered":"https:\/\/shop.trikatex.fi\/?post_type=product&#038;p=2248"},"modified":"2024-02-01T10:01:09","modified_gmt":"2024-02-01T10:01:09","slug":"0862009202-konsolikannake-tuella-300mm-zn","status":"publish","type":"product","link":"https:\/\/shop.trikatex.fi\/sv\/product\/0862009202-konsolikannake-tuella-300mm-zn\/","title":{"rendered":"0862009202 Konsol  300mm zn"},"content":{"rendered":"<p>-f\u00f6rzinkade konsoler l\u00e4mpar sig f\u00f6r v\u00e4gg och tak monteringar inomhus<\/p>\n<p>-anv\u00e4nds f\u00f6r upph\u00e4ngning av bla vatten, avlopp och Lvi r\u00f6r. H\u00f6gsta till\u00e5tna belastning b\u00f6r alltid beaktas f\u00f6r s\u00e5v\u00e4l konsolen som inf\u00e4stningsmaterialet.<\/p>\n<p>&nbsp;<\/p>\n<p>&nbsp;<\/p>","protected":false},"excerpt":{"rendered":"<p>&nbsp;<\/p>\n<table class=\"tech_table mb-5\" style=\"width: 29.2611%; height: 356px;\">\n<tbody>\n<tr>\n<td class=\"tech_col_left\">L\u00e4ngd<\/td>\n<td class=\"tech_col_left\">300 mm<\/td>\n<\/tr>\n<tr>\n<td class=\"tech_col_left\">Konsolen nyttobredd<\/td>\n<td class=\"tech_col_left\">300 mm<\/td>\n<\/tr>\n<tr>\n<td class=\"tech_col_left\">Ytbehandling<\/td>\n<td class=\"tech_col_left\">Zinkad<\/td>\n<\/tr>\n<tr>\n<td class=\"tech_col_left\">Material<\/td>\n<td class=\"tech_col_left\">St\u00e5l<\/td>\n<\/tr>\n<tr>\n<td class=\"tech_col_left\">Vikt<\/td>\n<td class=\"tech_col_left\">791 g<\/td>\n<\/tr>\n<tr>\n<td class=\"tech_col_left\">Till\u00e5ten belastning vid belastningscenario 9<\/td>\n<td class=\"tech_col_left\">1.1 kN<\/td>\n<\/tr>\n<\/tbody>\n<\/table>","protected":false},"featured_media":2239,"template":"","meta":[],"product_brand":[],"product_cat":[76,29],"product_tag":[],"class_list":{"0":"post-2248","1":"product","2":"type-product","3":"status-publish","4":"has-post-thumbnail","6":"product_cat-oheistarvikkeet-kiinnitys","7":"product_cat-tarvikkeet-ov-kiinitys","8":"product_shipping_class-m-paket","10":"first","11":"instock","12":"taxable","13":"shipping-taxable","14":"purchasable","15":"product-type-simple"},"aioseo_notices":[],"_links":{"self":[{"href":"https:\/\/shop.trikatex.fi\/sv\/wp-json\/wp\/v2\/product\/2248","targetHints":{"allow":["GET"]}}],"collection":[{"href":"https:\/\/shop.trikatex.fi\/sv\/wp-json\/wp\/v2\/product"}],"about":[{"href":"https:\/\/shop.trikatex.fi\/sv\/wp-json\/wp\/v2\/types\/product"}],"wp:featuredmedia":[{"embeddable":true,"href":"https:\/\/shop.trikatex.fi\/sv\/wp-json\/wp\/v2\/media\/2239"}],"wp:attachment":[{"href":"https:\/\/shop.trikatex.fi\/sv\/wp-json\/wp\/v2\/media?parent=2248"}],"wp:term":[{"taxonomy":"product_brand","embeddable":true,"href":"https:\/\/shop.trikatex.fi\/sv\/wp-json\/wp\/v2\/product_brand?post=2248"},{"taxonomy":"product_cat","embeddable":true,"href":"https:\/\/shop.trikatex.fi\/sv\/wp-json\/wp\/v2\/product_cat?post=2248"},{"taxonomy":"product_tag","embeddable":true,"href":"https:\/\/shop.trikatex.fi\/sv\/wp-json\/wp\/v2\/product_tag?post=2248"}],"curies":[{"name":"wp","href":"https:\/\/api.w.org\/{rel}","templated":true}]}}