{"id":2293,"date":"2024-02-05T10:07:10","date_gmt":"2024-02-05T10:07:10","guid":{"rendered":"https:\/\/shop.trikatex.fi\/?post_type=product&#038;p=2293"},"modified":"2024-02-05T10:11:16","modified_gmt":"2024-02-05T10:11:16","slug":"0862009211-konsolikannake-200mm-zn","status":"publish","type":"product","link":"https:\/\/shop.trikatex.fi\/sv\/product\/0862009211-konsolikannake-200mm-zn\/","title":{"rendered":"0862009211 Konsol  200mm zn"},"content":{"rendered":"<p>-f\u00f6rzinkade konsoler l\u00e4mpar sig f\u00f6r v\u00e4gg och tak monteringar inomhus<\/p>\n<p>-anv\u00e4nds f\u00f6r upph\u00e4ngning av bla vatten, avlopp och Lvi r\u00f6r. H\u00f6gsta till\u00e5tna belastning b\u00f6r alltid beaktas f\u00f6r s\u00e5v\u00e4l konsolen som inf\u00e4stningsmaterialet.<\/p>\n<p>&nbsp;<\/p>\n<p>&nbsp;<\/p>","protected":false},"excerpt":{"rendered":"<table class=\"tech_table mb-5\">\n<tbody>\n<tr>\n<td class=\"tech_col_left\">Konsolen nyttobredd<\/td>\n<td class=\"tech_col_left\">200 mm<\/td>\n<\/tr>\n<tr>\n<td class=\"tech_col_left\">H\u00f6jd<\/td>\n<td class=\"tech_col_left\">30 mm<\/td>\n<\/tr>\n<tr>\n<td class=\"tech_col_left\">Till\u00e5ten belastning vid belastning 2<\/td>\n<td class=\"tech_col_left\">2.2 kN<\/td>\n<\/tr>\n<tr>\n<td class=\"tech_col_left\">Till\u00e5ten belastning vid belastning 3<\/td>\n<td class=\"tech_col_left\">1.1 kN<\/td>\n<\/tr>\n<tr>\n<td class=\"tech_col_left\">Ytbehandling<\/td>\n<td class=\"tech_col_left\">Zinkad<\/td>\n<\/tr>\n<tr>\n<td class=\"tech_col_left\">Material<\/td>\n<td class=\"tech_col_left\">St\u00e5l<\/td>\n<\/tr>\n<tr>\n<td class=\"tech_col_left\">Vikt<\/td>\n<td class=\"tech_col_left\">444,4 g<\/td>\n<\/tr>\n<tr>\n<td class=\"tech_col_left\">L\u00e4ngd<\/td>\n<td class=\"tech_col_left\">200 mm<\/td>\n<\/tr>\n<\/tbody>\n<\/table>\n<p>&nbsp;<\/p>\n<p>&nbsp;<\/p>\n<p>&nbsp;<\/p>\n<p>&nbsp;<\/p>\n<p>&nbsp;<\/p>","protected":false},"featured_media":2279,"template":"","meta":[],"product_brand":[],"product_cat":[76,29],"product_tag":[],"class_list":{"0":"post-2293","1":"product","2":"type-product","3":"status-publish","4":"has-post-thumbnail","6":"product_cat-oheistarvikkeet-kiinnitys","7":"product_cat-tarvikkeet-ov-kiinitys","8":"product_shipping_class-m-paket","10":"first","11":"instock","12":"taxable","13":"shipping-taxable","14":"purchasable","15":"product-type-simple"},"aioseo_notices":[],"_links":{"self":[{"href":"https:\/\/shop.trikatex.fi\/sv\/wp-json\/wp\/v2\/product\/2293","targetHints":{"allow":["GET"]}}],"collection":[{"href":"https:\/\/shop.trikatex.fi\/sv\/wp-json\/wp\/v2\/product"}],"about":[{"href":"https:\/\/shop.trikatex.fi\/sv\/wp-json\/wp\/v2\/types\/product"}],"wp:featuredmedia":[{"embeddable":true,"href":"https:\/\/shop.trikatex.fi\/sv\/wp-json\/wp\/v2\/media\/2279"}],"wp:attachment":[{"href":"https:\/\/shop.trikatex.fi\/sv\/wp-json\/wp\/v2\/media?parent=2293"}],"wp:term":[{"taxonomy":"product_brand","embeddable":true,"href":"https:\/\/shop.trikatex.fi\/sv\/wp-json\/wp\/v2\/product_brand?post=2293"},{"taxonomy":"product_cat","embeddable":true,"href":"https:\/\/shop.trikatex.fi\/sv\/wp-json\/wp\/v2\/product_cat?post=2293"},{"taxonomy":"product_tag","embeddable":true,"href":"https:\/\/shop.trikatex.fi\/sv\/wp-json\/wp\/v2\/product_tag?post=2293"}],"curies":[{"name":"wp","href":"https:\/\/api.w.org\/{rel}","templated":true}]}}