{"id":2296,"date":"2024-02-05T10:17:59","date_gmt":"2024-02-05T10:17:59","guid":{"rendered":"https:\/\/shop.trikatex.fi\/?post_type=product&#038;p=2296"},"modified":"2024-02-06T06:58:50","modified_gmt":"2024-02-06T06:58:50","slug":"0862200001-varifix-palkkipidin-m8","status":"publish","type":"product","link":"https:\/\/shop.trikatex.fi\/sv\/product\/0862200001-varifix-palkkipidin-m8\/","title":{"rendered":"0862200001 Varifix ,balkh\u00e5llare M8"},"content":{"rendered":"<p><span class=\"marketingSectionTitle\">Anv\u00e4ndningsomr\u00e5de<\/span><\/p>\n<p>F\u00f6r inf\u00e4stning av tex c-skena, r\u00f6r, sprinklersystem, ventilationskanaler i T-balkar, U-profiler och vinkelprofiler m.m<\/p>\n<p><img decoding=\"async\" class=\"alignnone size-medium wp-image-2307\" src=\"https:\/\/shop.trikatex.fi\/wp-content\/uploads\/2024\/02\/20240206_082722-scaled-e1707201310699-225x300.jpg\" alt=\"\" width=\"225\" height=\"300\" srcset=\"https:\/\/shop.trikatex.fi\/wp-content\/uploads\/2024\/02\/20240206_082722-scaled-e1707201310699-9x12.jpg 9w, https:\/\/shop.trikatex.fi\/wp-content\/uploads\/2024\/02\/20240206_082722-scaled-e1707201310699-200x267.jpg 200w, https:\/\/shop.trikatex.fi\/wp-content\/uploads\/2024\/02\/20240206_082722-scaled-e1707201310699-225x300.jpg 225w, https:\/\/shop.trikatex.fi\/wp-content\/uploads\/2024\/02\/20240206_082722-scaled-e1707201310699-400x533.jpg 400w, https:\/\/shop.trikatex.fi\/wp-content\/uploads\/2024\/02\/20240206_082722-scaled-e1707201310699-500x667.jpg 500w, https:\/\/shop.trikatex.fi\/wp-content\/uploads\/2024\/02\/20240206_082722-scaled-e1707201310699-600x800.jpg 600w, https:\/\/shop.trikatex.fi\/wp-content\/uploads\/2024\/02\/20240206_082722-scaled-e1707201310699-700x933.jpg 700w, https:\/\/shop.trikatex.fi\/wp-content\/uploads\/2024\/02\/20240206_082722-scaled-e1707201310699-768x1024.jpg 768w, https:\/\/shop.trikatex.fi\/wp-content\/uploads\/2024\/02\/20240206_082722-scaled-e1707201310699-800x1067.jpg 800w, https:\/\/shop.trikatex.fi\/wp-content\/uploads\/2024\/02\/20240206_082722-scaled-e1707201310699-1152x1536.jpg 1152w, https:\/\/shop.trikatex.fi\/wp-content\/uploads\/2024\/02\/20240206_082722-scaled-e1707201310699-1200x1600.jpg 1200w, https:\/\/shop.trikatex.fi\/wp-content\/uploads\/2024\/02\/20240206_082722-scaled-e1707201310699-1536x2048.jpg 1536w, https:\/\/shop.trikatex.fi\/wp-content\/uploads\/2024\/02\/20240206_082722-scaled-e1707201310699.jpg 1920w\" sizes=\"(max-width: 225px) 100vw, 225px\" \/><\/p>\n<p>&nbsp;<\/p>","protected":false},"excerpt":{"rendered":"<table class=\"tech_table mb-5\">\n<tbody>\n<tr>\n<td class=\"tech_col_left\">Material<\/td>\n<td class=\"tech_col_left\">Formbart gjutj\u00e4rn<\/td>\n<\/tr>\n<tr>\n<td class=\"tech_col_left\">Ytbehandling<\/td>\n<td class=\"tech_col_left\">Zinkad<\/td>\n<\/tr>\n<tr>\n<td class=\"tech_col_left\">Till\u00e5ten belastning<\/td>\n<td class=\"tech_col_left\">2500 N<\/td>\n<\/tr>\n<tr>\n<td class=\"tech_col_left\">G\u00e4ngtyp x nominell diameter( G)<\/td>\n<td class=\"tech_col_left\">M8<\/td>\n<\/tr>\n<tr>\n<td class=\"tech_col_left\">Grepph\u00f6jd (Hk)<sub>K<\/sub>)<\/td>\n<td class=\"tech_col_left\">23,7 mm<\/td>\n<\/tr>\n<tr>\n<td class=\"tech_col_left\">L\u00e4ngd<\/td>\n<td class=\"tech_col_left\">50 mm<\/td>\n<\/tr>\n<tr>\n<td class=\"tech_col_left\">H\u00f6jd<\/td>\n<td class=\"tech_col_left\">45 mm<\/td>\n<\/tr>\n<tr>\n<td class=\"tech_col_left\">Bredd<\/td>\n<td class=\"tech_col_left\">21 mm<\/td>\n<\/tr>\n<tr>\n<td class=\"tech_col_left\">Vikt<\/td>\n<td class=\"tech_col_left\">144,688 g<\/td>\n<\/tr>\n<tr>\n<td class=\"tech_col_left\">G\u00e4ngtyp<\/td>\n<td class=\"tech_col_left\">Metrisk g\u00e4nga<\/td>\n<\/tr>\n<tr>\n<td class=\"tech_col_left\">H\u00e5llbarhet<\/td>\n<td class=\"tech_col_left\">Resurssparande g\u00e4nga<br \/>\nl\u00e5gt utsl\u00e4pp<\/td>\n<\/tr>\n<\/tbody>\n<\/table>\n<p>&nbsp;<\/p>\n<p>&nbsp;<\/p>\n<p>&nbsp;<\/p>","protected":false},"featured_media":2297,"template":"","meta":[],"product_brand":[],"product_cat":[76,29],"product_tag":[],"class_list":{"0":"post-2296","1":"product","2":"type-product","3":"status-publish","4":"has-post-thumbnail","6":"product_cat-oheistarvikkeet-kiinnitys","7":"product_cat-tarvikkeet-ov-kiinitys","8":"product_shipping_class-s-paket","10":"first","11":"instock","12":"taxable","13":"shipping-taxable","14":"purchasable","15":"product-type-simple"},"aioseo_notices":[],"_links":{"self":[{"href":"https:\/\/shop.trikatex.fi\/sv\/wp-json\/wp\/v2\/product\/2296","targetHints":{"allow":["GET"]}}],"collection":[{"href":"https:\/\/shop.trikatex.fi\/sv\/wp-json\/wp\/v2\/product"}],"about":[{"href":"https:\/\/shop.trikatex.fi\/sv\/wp-json\/wp\/v2\/types\/product"}],"wp:featuredmedia":[{"embeddable":true,"href":"https:\/\/shop.trikatex.fi\/sv\/wp-json\/wp\/v2\/media\/2297"}],"wp:attachment":[{"href":"https:\/\/shop.trikatex.fi\/sv\/wp-json\/wp\/v2\/media?parent=2296"}],"wp:term":[{"taxonomy":"product_brand","embeddable":true,"href":"https:\/\/shop.trikatex.fi\/sv\/wp-json\/wp\/v2\/product_brand?post=2296"},{"taxonomy":"product_cat","embeddable":true,"href":"https:\/\/shop.trikatex.fi\/sv\/wp-json\/wp\/v2\/product_cat?post=2296"},{"taxonomy":"product_tag","embeddable":true,"href":"https:\/\/shop.trikatex.fi\/sv\/wp-json\/wp\/v2\/product_tag?post=2296"}],"curies":[{"name":"wp","href":"https:\/\/api.w.org\/{rel}","templated":true}]}}