{"id":2304,"date":"2024-02-06T06:17:03","date_gmt":"2024-02-06T06:17:03","guid":{"rendered":"https:\/\/shop.trikatex.fi\/?post_type=product&#038;p=2304"},"modified":"2024-02-06T06:52:44","modified_gmt":"2024-02-06T06:52:44","slug":"0862500902-l-rauta-40x55mm","status":"publish","type":"product","link":"https:\/\/shop.trikatex.fi\/sv\/product\/0862500902-l-rauta-40x55mm\/","title":{"rendered":"0862500902 L-j\u00e4rn 40x55mm"},"content":{"rendered":"<p><img decoding=\"async\" class=\"alignnone size-medium wp-image-2307\" src=\"https:\/\/shop.trikatex.fi\/wp-content\/uploads\/2024\/02\/20240206_082722-scaled-e1707201310699-225x300.jpg\" alt=\"\" width=\"225\" height=\"300\" srcset=\"https:\/\/shop.trikatex.fi\/wp-content\/uploads\/2024\/02\/20240206_082722-scaled-e1707201310699-9x12.jpg 9w, https:\/\/shop.trikatex.fi\/wp-content\/uploads\/2024\/02\/20240206_082722-scaled-e1707201310699-200x267.jpg 200w, https:\/\/shop.trikatex.fi\/wp-content\/uploads\/2024\/02\/20240206_082722-scaled-e1707201310699-225x300.jpg 225w, https:\/\/shop.trikatex.fi\/wp-content\/uploads\/2024\/02\/20240206_082722-scaled-e1707201310699-400x533.jpg 400w, https:\/\/shop.trikatex.fi\/wp-content\/uploads\/2024\/02\/20240206_082722-scaled-e1707201310699-500x667.jpg 500w, https:\/\/shop.trikatex.fi\/wp-content\/uploads\/2024\/02\/20240206_082722-scaled-e1707201310699-600x800.jpg 600w, https:\/\/shop.trikatex.fi\/wp-content\/uploads\/2024\/02\/20240206_082722-scaled-e1707201310699-700x933.jpg 700w, https:\/\/shop.trikatex.fi\/wp-content\/uploads\/2024\/02\/20240206_082722-scaled-e1707201310699-768x1024.jpg 768w, https:\/\/shop.trikatex.fi\/wp-content\/uploads\/2024\/02\/20240206_082722-scaled-e1707201310699-800x1067.jpg 800w, https:\/\/shop.trikatex.fi\/wp-content\/uploads\/2024\/02\/20240206_082722-scaled-e1707201310699-1152x1536.jpg 1152w, https:\/\/shop.trikatex.fi\/wp-content\/uploads\/2024\/02\/20240206_082722-scaled-e1707201310699-1200x1600.jpg 1200w, https:\/\/shop.trikatex.fi\/wp-content\/uploads\/2024\/02\/20240206_082722-scaled-e1707201310699-1536x2048.jpg 1536w, https:\/\/shop.trikatex.fi\/wp-content\/uploads\/2024\/02\/20240206_082722-scaled-e1707201310699.jpg 1920w\" sizes=\"(max-width: 225px) 100vw, 225px\" \/><img decoding=\"async\" class=\"alignnone size-medium wp-image-2308\" src=\"https:\/\/shop.trikatex.fi\/wp-content\/uploads\/2024\/02\/20240206_082857-225x300.jpg\" alt=\"\" width=\"225\" height=\"300\" srcset=\"https:\/\/shop.trikatex.fi\/wp-content\/uploads\/2024\/02\/20240206_082857-9x12.jpg 9w, https:\/\/shop.trikatex.fi\/wp-content\/uploads\/2024\/02\/20240206_082857-200x267.jpg 200w, https:\/\/shop.trikatex.fi\/wp-content\/uploads\/2024\/02\/20240206_082857-225x300.jpg 225w, https:\/\/shop.trikatex.fi\/wp-content\/uploads\/2024\/02\/20240206_082857-400x533.jpg 400w, https:\/\/shop.trikatex.fi\/wp-content\/uploads\/2024\/02\/20240206_082857-500x667.jpg 500w, https:\/\/shop.trikatex.fi\/wp-content\/uploads\/2024\/02\/20240206_082857-600x800.jpg 600w, https:\/\/shop.trikatex.fi\/wp-content\/uploads\/2024\/02\/20240206_082857-700x933.jpg 700w, https:\/\/shop.trikatex.fi\/wp-content\/uploads\/2024\/02\/20240206_082857-768x1024.jpg 768w, https:\/\/shop.trikatex.fi\/wp-content\/uploads\/2024\/02\/20240206_082857-800x1067.jpg 800w, https:\/\/shop.trikatex.fi\/wp-content\/uploads\/2024\/02\/20240206_082857-1152x1536.jpg 1152w, https:\/\/shop.trikatex.fi\/wp-content\/uploads\/2024\/02\/20240206_082857-1200x1600.jpg 1200w, https:\/\/shop.trikatex.fi\/wp-content\/uploads\/2024\/02\/20240206_082857-1536x2048.jpg 1536w, https:\/\/shop.trikatex.fi\/wp-content\/uploads\/2024\/02\/20240206_082857-scaled.jpg 1920w\" sizes=\"(max-width: 225px) 100vw, 225px\" \/><\/p>\n<p>-passande produkter:0862200001 balkf\u00e4ste, cz14 c-skena v\u00e4ggh\u00e5llare<\/p>","protected":false},"excerpt":{"rendered":"<p>Bredd 30mm<\/p>\n<p>Djup 40mm<\/p>\n<p>H\u00f6jd 55mm<\/p>\n<p>Passande skruv M10<\/p>\n<p>Materialtjocklek: 4mm<\/p>\n<p>Zinkad<\/p>\n<p>10st i f\u00f6rpackning<\/p>\n<p>&nbsp;<\/p>","protected":false},"featured_media":2306,"template":"","meta":[],"product_brand":[],"product_cat":[76,29],"product_tag":[],"class_list":{"0":"post-2304","1":"product","2":"type-product","3":"status-publish","4":"has-post-thumbnail","6":"product_cat-oheistarvikkeet-kiinnitys","7":"product_cat-tarvikkeet-ov-kiinitys","8":"product_shipping_class-s-paket","10":"first","11":"instock","12":"taxable","13":"shipping-taxable","14":"purchasable","15":"product-type-simple"},"aioseo_notices":[],"_links":{"self":[{"href":"https:\/\/shop.trikatex.fi\/sv\/wp-json\/wp\/v2\/product\/2304","targetHints":{"allow":["GET"]}}],"collection":[{"href":"https:\/\/shop.trikatex.fi\/sv\/wp-json\/wp\/v2\/product"}],"about":[{"href":"https:\/\/shop.trikatex.fi\/sv\/wp-json\/wp\/v2\/types\/product"}],"wp:featuredmedia":[{"embeddable":true,"href":"https:\/\/shop.trikatex.fi\/sv\/wp-json\/wp\/v2\/media\/2306"}],"wp:attachment":[{"href":"https:\/\/shop.trikatex.fi\/sv\/wp-json\/wp\/v2\/media?parent=2304"}],"wp:term":[{"taxonomy":"product_brand","embeddable":true,"href":"https:\/\/shop.trikatex.fi\/sv\/wp-json\/wp\/v2\/product_brand?post=2304"},{"taxonomy":"product_cat","embeddable":true,"href":"https:\/\/shop.trikatex.fi\/sv\/wp-json\/wp\/v2\/product_cat?post=2304"},{"taxonomy":"product_tag","embeddable":true,"href":"https:\/\/shop.trikatex.fi\/sv\/wp-json\/wp\/v2\/product_tag?post=2304"}],"curies":[{"name":"wp","href":"https:\/\/api.w.org\/{rel}","templated":true}]}}