{"id":2374,"date":"2024-12-28T16:00:52","date_gmt":"2024-12-28T16:00:52","guid":{"rendered":"https:\/\/shop.trikatex.fi\/?post_type=product&#038;p=2374"},"modified":"2024-12-28T16:14:29","modified_gmt":"2024-12-28T16:14:29","slug":"hitsaussermit-omien-mittojen-mukaan","status":"publish","type":"product","link":"https:\/\/shop.trikatex.fi\/sv\/product\/hitsaussermit-omien-mittojen-mukaan\/","title":{"rendered":"Svetssk\u00e4rmar enligt egna m\u00e5tt"},"content":{"rendered":"<p><img decoding=\"async\" class=\"alignnone size-medium wp-image-2375\" src=\"https:\/\/shop.trikatex.fi\/wp-content\/uploads\/2024\/12\/20240330_105340-scaled-e1735402115765-300x184.jpg\" alt=\"\" width=\"300\" height=\"184\" srcset=\"https:\/\/shop.trikatex.fi\/wp-content\/uploads\/2024\/12\/20240330_105340-scaled-e1735402115765-18x12.jpg 18w, https:\/\/shop.trikatex.fi\/wp-content\/uploads\/2024\/12\/20240330_105340-scaled-e1735402115765-200x123.jpg 200w, https:\/\/shop.trikatex.fi\/wp-content\/uploads\/2024\/12\/20240330_105340-scaled-e1735402115765-300x184.jpg 300w, https:\/\/shop.trikatex.fi\/wp-content\/uploads\/2024\/12\/20240330_105340-scaled-e1735402115765-400x245.jpg 400w, https:\/\/shop.trikatex.fi\/wp-content\/uploads\/2024\/12\/20240330_105340-scaled-e1735402115765-500x307.jpg 500w, https:\/\/shop.trikatex.fi\/wp-content\/uploads\/2024\/12\/20240330_105340-scaled-e1735402115765-600x368.jpg 600w, https:\/\/shop.trikatex.fi\/wp-content\/uploads\/2024\/12\/20240330_105340-scaled-e1735402115765-700x429.jpg 700w, https:\/\/shop.trikatex.fi\/wp-content\/uploads\/2024\/12\/20240330_105340-scaled-e1735402115765-768x471.jpg 768w, https:\/\/shop.trikatex.fi\/wp-content\/uploads\/2024\/12\/20240330_105340-scaled-e1735402115765-800x490.jpg 800w, https:\/\/shop.trikatex.fi\/wp-content\/uploads\/2024\/12\/20240330_105340-scaled-e1735402115765-1024x628.jpg 1024w, https:\/\/shop.trikatex.fi\/wp-content\/uploads\/2024\/12\/20240330_105340-scaled-e1735402115765-1200x736.jpg 1200w, https:\/\/shop.trikatex.fi\/wp-content\/uploads\/2024\/12\/20240330_105340-scaled-e1735402115765-1536x942.jpg 1536w\" sizes=\"(max-width: 300px) 100vw, 300px\" \/><\/p>\n<p><img decoding=\"async\" class=\"alignnone size-medium wp-image-2193\" src=\"https:\/\/shop.trikatex.fi\/wp-content\/uploads\/2023\/11\/IMG_8118-300x200.jpg\" alt=\"\" width=\"300\" height=\"200\" srcset=\"https:\/\/shop.trikatex.fi\/wp-content\/uploads\/2023\/11\/IMG_8118-18x12.jpg 18w, https:\/\/shop.trikatex.fi\/wp-content\/uploads\/2023\/11\/IMG_8118-200x133.jpg 200w, https:\/\/shop.trikatex.fi\/wp-content\/uploads\/2023\/11\/IMG_8118-300x200.jpg 300w, https:\/\/shop.trikatex.fi\/wp-content\/uploads\/2023\/11\/IMG_8118-400x267.jpg 400w, https:\/\/shop.trikatex.fi\/wp-content\/uploads\/2023\/11\/IMG_8118-500x333.jpg 500w, https:\/\/shop.trikatex.fi\/wp-content\/uploads\/2023\/11\/IMG_8118-600x400.jpg 600w, https:\/\/shop.trikatex.fi\/wp-content\/uploads\/2023\/11\/IMG_8118-700x467.jpg 700w, https:\/\/shop.trikatex.fi\/wp-content\/uploads\/2023\/11\/IMG_8118-768x512.jpg 768w, https:\/\/shop.trikatex.fi\/wp-content\/uploads\/2023\/11\/IMG_8118-800x533.jpg 800w, https:\/\/shop.trikatex.fi\/wp-content\/uploads\/2023\/11\/IMG_8118-1024x682.jpg 1024w, https:\/\/shop.trikatex.fi\/wp-content\/uploads\/2023\/11\/IMG_8118-1200x800.jpg 1200w, https:\/\/shop.trikatex.fi\/wp-content\/uploads\/2023\/11\/IMG_8118-1536x1024.jpg 1536w\" sizes=\"(max-width: 300px) 100vw, 300px\" \/><img decoding=\"async\" class=\"alignnone size-medium wp-image-2194\" src=\"https:\/\/shop.trikatex.fi\/wp-content\/uploads\/2023\/11\/IMG_8109-300x200.jpg\" alt=\"\" width=\"300\" height=\"200\" srcset=\"https:\/\/shop.trikatex.fi\/wp-content\/uploads\/2023\/11\/IMG_8109-18x12.jpg 18w, https:\/\/shop.trikatex.fi\/wp-content\/uploads\/2023\/11\/IMG_8109-200x133.jpg 200w, https:\/\/shop.trikatex.fi\/wp-content\/uploads\/2023\/11\/IMG_8109-300x200.jpg 300w, https:\/\/shop.trikatex.fi\/wp-content\/uploads\/2023\/11\/IMG_8109-400x267.jpg 400w, https:\/\/shop.trikatex.fi\/wp-content\/uploads\/2023\/11\/IMG_8109-500x333.jpg 500w, https:\/\/shop.trikatex.fi\/wp-content\/uploads\/2023\/11\/IMG_8109-600x400.jpg 600w, https:\/\/shop.trikatex.fi\/wp-content\/uploads\/2023\/11\/IMG_8109-700x467.jpg 700w, https:\/\/shop.trikatex.fi\/wp-content\/uploads\/2023\/11\/IMG_8109-768x512.jpg 768w, https:\/\/shop.trikatex.fi\/wp-content\/uploads\/2023\/11\/IMG_8109-800x533.jpg 800w, https:\/\/shop.trikatex.fi\/wp-content\/uploads\/2023\/11\/IMG_8109-1024x682.jpg 1024w, https:\/\/shop.trikatex.fi\/wp-content\/uploads\/2023\/11\/IMG_8109-1200x800.jpg 1200w, https:\/\/shop.trikatex.fi\/wp-content\/uploads\/2023\/11\/IMG_8109-1536x1024.jpg 1536w\" sizes=\"(max-width: 300px) 100vw, 300px\" \/><\/p>","protected":false},"excerpt":{"rendered":"<p>&nbsp;<\/p>\n<p>Robust alumiiniumram,  sv\u00e4ngbara\/ bromsf\u00f6rsedda  hjul<\/p>\n<p>Levereras i delar, l\u00e4tt att montera<\/p>\n<p>Ramen 40x40mm alu profil med f\u00f6rst\u00e4rkta innerv\u00e4ggar<\/p>\n<p>640g Fr brandklassad Pvc duk<\/p>\n<p>G\u00e5r att skr\u00e4ddarsys enligt dina m\u00e5tt och \u00f6nskem\u00e5l<\/p>\n<p>Fr\u00e5ga offert: trikatex@trikatex.fi<\/p>","protected":false},"featured_media":2376,"template":"","meta":[],"product_brand":[],"product_cat":[42,74],"product_tag":[],"class_list":{"0":"post-2374","1":"product","2":"type-product","3":"status-publish","4":"has-post-thumbnail","6":"product_cat-erikoistuotteet-kehykset","7":"product_cat-hitsausverhot","8":"product_shipping_class-m-paket","10":"first","11":"instock","12":"taxable","13":"shipping-taxable","14":"product-type-simple"},"aioseo_notices":[],"_links":{"self":[{"href":"https:\/\/shop.trikatex.fi\/sv\/wp-json\/wp\/v2\/product\/2374","targetHints":{"allow":["GET"]}}],"collection":[{"href":"https:\/\/shop.trikatex.fi\/sv\/wp-json\/wp\/v2\/product"}],"about":[{"href":"https:\/\/shop.trikatex.fi\/sv\/wp-json\/wp\/v2\/types\/product"}],"wp:featuredmedia":[{"embeddable":true,"href":"https:\/\/shop.trikatex.fi\/sv\/wp-json\/wp\/v2\/media\/2376"}],"wp:attachment":[{"href":"https:\/\/shop.trikatex.fi\/sv\/wp-json\/wp\/v2\/media?parent=2374"}],"wp:term":[{"taxonomy":"product_brand","embeddable":true,"href":"https:\/\/shop.trikatex.fi\/sv\/wp-json\/wp\/v2\/product_brand?post=2374"},{"taxonomy":"product_cat","embeddable":true,"href":"https:\/\/shop.trikatex.fi\/sv\/wp-json\/wp\/v2\/product_cat?post=2374"},{"taxonomy":"product_tag","embeddable":true,"href":"https:\/\/shop.trikatex.fi\/sv\/wp-json\/wp\/v2\/product_tag?post=2374"}],"curies":[{"name":"wp","href":"https:\/\/api.w.org\/{rel}","templated":true}]}}