{"id":2421,"date":"2025-02-08T06:50:59","date_gmt":"2025-02-08T06:50:59","guid":{"rendered":"https:\/\/shop.trikatex.fi\/?post_type=product&#038;p=2421"},"modified":"2025-03-05T17:00:50","modified_gmt":"2025-03-05T17:00:50","slug":"pvc-pressukangas-900g-m2-metritavarana","status":"publish","type":"product","link":"https:\/\/shop.trikatex.fi\/sv\/product\/pvc-pressukangas-900g-m2-metritavarana\/","title":{"rendered":"Pvc presenningsduk 900g\/m2 som metervara"},"content":{"rendered":"<p>-pvc duk direkt fr\u00e5n rullen, rullbredd varierar beroende p\u00e5 f\u00e4rgen. S\u00e4ljes per l\u00f6pmeter.\n-alla material \u00e4r Uv-skyddade, lackade, och m\u00f6gelbest\u00e4ndiga.<\/p>\n<p>-alla material \u00e4r Uv-skyddade,  lackade och m\u00f6gelbest\u00e4ndiga.<\/p>","protected":false},"excerpt":{"rendered":"<p>F\u00e4rgalternativ: vit, svart, r\u00f6d, gr\u00e5, silvergr\u00e5, bl\u00e5<\/p>\n<p>Presenningens vikt 900g\/m2<\/p>","protected":false},"featured_media":2405,"template":"","meta":[],"product_brand":[],"product_cat":[96],"product_tag":[],"class_list":{"0":"post-2421","1":"product","2":"type-product","3":"status-publish","4":"has-post-thumbnail","6":"product_cat-material","7":"product_shipping_class-m-paket","9":"first","10":"instock","11":"taxable","12":"shipping-taxable","13":"purchasable","14":"product-type-variable","15":"has-default-attributes"},"aioseo_notices":[],"_links":{"self":[{"href":"https:\/\/shop.trikatex.fi\/sv\/wp-json\/wp\/v2\/product\/2421","targetHints":{"allow":["GET"]}}],"collection":[{"href":"https:\/\/shop.trikatex.fi\/sv\/wp-json\/wp\/v2\/product"}],"about":[{"href":"https:\/\/shop.trikatex.fi\/sv\/wp-json\/wp\/v2\/types\/product"}],"wp:featuredmedia":[{"embeddable":true,"href":"https:\/\/shop.trikatex.fi\/sv\/wp-json\/wp\/v2\/media\/2405"}],"wp:attachment":[{"href":"https:\/\/shop.trikatex.fi\/sv\/wp-json\/wp\/v2\/media?parent=2421"}],"wp:term":[{"taxonomy":"product_brand","embeddable":true,"href":"https:\/\/shop.trikatex.fi\/sv\/wp-json\/wp\/v2\/product_brand?post=2421"},{"taxonomy":"product_cat","embeddable":true,"href":"https:\/\/shop.trikatex.fi\/sv\/wp-json\/wp\/v2\/product_cat?post=2421"},{"taxonomy":"product_tag","embeddable":true,"href":"https:\/\/shop.trikatex.fi\/sv\/wp-json\/wp\/v2\/product_tag?post=2421"}],"curies":[{"name":"wp","href":"https:\/\/api.w.org\/{rel}","templated":true}]}}