{"id":2464,"date":"2025-02-11T16:17:57","date_gmt":"2025-02-11T16:17:57","guid":{"rendered":"https:\/\/shop.trikatex.fi\/?post_type=product&#038;p=2464"},"modified":"2025-02-11T16:36:29","modified_gmt":"2025-02-11T16:36:29","slug":"pvc-liima-plastigum-77","status":"publish","type":"product","link":"https:\/\/shop.trikatex.fi\/sv\/product\/pvc-liima-plastigum-77\/","title":{"rendered":"Pvc lim Plastigum 77"},"content":{"rendered":"<p>-210g f\u00f6rpackning<\/p>","protected":false},"excerpt":{"rendered":"<p>Extra stark vidh\u00e4ftningsf\u00f6rm\u00e5ga, limmas snabbt.<br \/>\nL\u00e4mplig f\u00f6r limning av PVC, V\u00e4derskyddsdukar och lastbilspresenning med mera.<br \/>\nBearbetning: Applicera lim p\u00e5 b\u00e5da delarna med en l\u00e4mplig borste. L\u00e5t lim torka tills det bara k\u00e4nns lite klibbigt, anslut sedan inom den klibbiga tiden. Placera direkt r\u00e4tt eftersom det inte l\u00e4ngre \u00e4r m\u00f6jligt att flytta den, tryck sedan ordentligt.<\/p>\n<p><strong>Observera<\/strong>: endast f\u00f6r komersiellt bruk<\/p>\n<p>&nbsp;<\/p>","protected":false},"featured_media":2465,"template":"","meta":[],"product_brand":[],"product_cat":[78,38,33],"product_tag":[],"class_list":{"0":"post-2464","1":"product","2":"type-product","3":"status-publish","4":"has-post-thumbnail","6":"product_cat-oheistarvikkeet-korjaussarjat-liima-ja-puhdistusaineet","7":"product_cat-tarvikkeet-km-korjaussarjat-liima-puhdistusaineet","8":"product_cat-tarvikkeet-ov-korjaussarjat-liima-puhdistusaineet","9":"product_shipping_class-s-paket","11":"first","12":"instock","13":"taxable","14":"shipping-taxable","15":"purchasable","16":"product-type-simple"},"aioseo_notices":[],"_links":{"self":[{"href":"https:\/\/shop.trikatex.fi\/sv\/wp-json\/wp\/v2\/product\/2464","targetHints":{"allow":["GET"]}}],"collection":[{"href":"https:\/\/shop.trikatex.fi\/sv\/wp-json\/wp\/v2\/product"}],"about":[{"href":"https:\/\/shop.trikatex.fi\/sv\/wp-json\/wp\/v2\/types\/product"}],"wp:featuredmedia":[{"embeddable":true,"href":"https:\/\/shop.trikatex.fi\/sv\/wp-json\/wp\/v2\/media\/2465"}],"wp:attachment":[{"href":"https:\/\/shop.trikatex.fi\/sv\/wp-json\/wp\/v2\/media?parent=2464"}],"wp:term":[{"taxonomy":"product_brand","embeddable":true,"href":"https:\/\/shop.trikatex.fi\/sv\/wp-json\/wp\/v2\/product_brand?post=2464"},{"taxonomy":"product_cat","embeddable":true,"href":"https:\/\/shop.trikatex.fi\/sv\/wp-json\/wp\/v2\/product_cat?post=2464"},{"taxonomy":"product_tag","embeddable":true,"href":"https:\/\/shop.trikatex.fi\/sv\/wp-json\/wp\/v2\/product_tag?post=2464"}],"curies":[{"name":"wp","href":"https:\/\/api.w.org\/{rel}","templated":true}]}}