{"id":2466,"date":"2025-02-14T10:34:03","date_gmt":"2025-02-14T10:34:03","guid":{"rendered":"https:\/\/shop.trikatex.fi\/?post_type=product&#038;p=2466"},"modified":"2025-07-23T11:32:07","modified_gmt":"2025-07-23T11:32:07","slug":"w50500690-tuuliverkko-metritavarana","status":"publish","type":"product","link":"https:\/\/shop.trikatex.fi\/sv\/product\/w50500690-tuuliverkko-metritavarana\/","title":{"rendered":"W50500690 vindn\u00e4t som metervara"},"content":{"rendered":"<p>-Allround-verkko &#8211; W50500690 (250 g\/m\u00b2) on monik\u00e4ytt\u00f6inen polyesterikudottu verkko. Sen p\u00e4\u00e4asiallisia k\u00e4ytt\u00f6kohteita ovat mm: pressuovet, uima-altaiden suojukset, venepeitteet, urheilumatot ja tallien suojaus.<\/p>\n<p>-F\u00e4rg: mellangr\u00e5<\/p>\n<p><img decoding=\"async\" class=\"alignnone wp-image-2468\" src=\"https:\/\/shop.trikatex.fi\/wp-content\/uploads\/2025\/02\/20250214_122437-225x300.jpg\" alt=\"\" width=\"176\" height=\"235\" srcset=\"https:\/\/shop.trikatex.fi\/wp-content\/uploads\/2025\/02\/20250214_122437-9x12.jpg 9w, https:\/\/shop.trikatex.fi\/wp-content\/uploads\/2025\/02\/20250214_122437-200x267.jpg 200w, https:\/\/shop.trikatex.fi\/wp-content\/uploads\/2025\/02\/20250214_122437-225x300.jpg 225w, https:\/\/shop.trikatex.fi\/wp-content\/uploads\/2025\/02\/20250214_122437-400x533.jpg 400w, https:\/\/shop.trikatex.fi\/wp-content\/uploads\/2025\/02\/20250214_122437-500x667.jpg 500w, https:\/\/shop.trikatex.fi\/wp-content\/uploads\/2025\/02\/20250214_122437-600x800.jpg 600w, https:\/\/shop.trikatex.fi\/wp-content\/uploads\/2025\/02\/20250214_122437-700x933.jpg 700w, https:\/\/shop.trikatex.fi\/wp-content\/uploads\/2025\/02\/20250214_122437-768x1024.jpg 768w, https:\/\/shop.trikatex.fi\/wp-content\/uploads\/2025\/02\/20250214_122437-800x1067.jpg 800w, https:\/\/shop.trikatex.fi\/wp-content\/uploads\/2025\/02\/20250214_122437-1152x1536.jpg 1152w, https:\/\/shop.trikatex.fi\/wp-content\/uploads\/2025\/02\/20250214_122437-1200x1600.jpg 1200w, https:\/\/shop.trikatex.fi\/wp-content\/uploads\/2025\/02\/20250214_122437-1536x2048.jpg 1536w, https:\/\/shop.trikatex.fi\/wp-content\/uploads\/2025\/02\/20250214_122437-scaled.jpg 1920w\" sizes=\"(max-width: 176px) 100vw, 176px\" \/><\/p>\n<p>&nbsp;<\/p>\n<p>&nbsp;<\/p>\n<p>&nbsp;<\/p>\n<p>&nbsp;<\/p>","protected":false},"excerpt":{"rendered":"<p>-250g\/m2<\/p>\n<p>-85% vindreducering<\/p>\n<p>-Bredd 210cm<\/p>\n<p>&nbsp;<\/p>","protected":false},"featured_media":2467,"template":"","meta":[],"product_brand":[],"product_cat":[96],"product_tag":[],"class_list":{"0":"post-2466","1":"product","2":"type-product","3":"status-publish","4":"has-post-thumbnail","6":"product_cat-material","7":"product_shipping_class-m-paket","9":"first","10":"instock","11":"taxable","12":"shipping-taxable","13":"purchasable","14":"product-type-simple"},"aioseo_notices":[],"_links":{"self":[{"href":"https:\/\/shop.trikatex.fi\/sv\/wp-json\/wp\/v2\/product\/2466","targetHints":{"allow":["GET"]}}],"collection":[{"href":"https:\/\/shop.trikatex.fi\/sv\/wp-json\/wp\/v2\/product"}],"about":[{"href":"https:\/\/shop.trikatex.fi\/sv\/wp-json\/wp\/v2\/types\/product"}],"wp:featuredmedia":[{"embeddable":true,"href":"https:\/\/shop.trikatex.fi\/sv\/wp-json\/wp\/v2\/media\/2467"}],"wp:attachment":[{"href":"https:\/\/shop.trikatex.fi\/sv\/wp-json\/wp\/v2\/media?parent=2466"}],"wp:term":[{"taxonomy":"product_brand","embeddable":true,"href":"https:\/\/shop.trikatex.fi\/sv\/wp-json\/wp\/v2\/product_brand?post=2466"},{"taxonomy":"product_cat","embeddable":true,"href":"https:\/\/shop.trikatex.fi\/sv\/wp-json\/wp\/v2\/product_cat?post=2466"},{"taxonomy":"product_tag","embeddable":true,"href":"https:\/\/shop.trikatex.fi\/sv\/wp-json\/wp\/v2\/product_tag?post=2466"}],"curies":[{"name":"wp","href":"https:\/\/api.w.org\/{rel}","templated":true}]}}