{"id":2487,"date":"2025-03-16T06:21:17","date_gmt":"2025-03-16T06:21:17","guid":{"rendered":"https:\/\/shop.trikatex.fi\/?post_type=product&#038;p=2487"},"modified":"2025-03-16T07:12:57","modified_gmt":"2025-03-16T07:12:57","slug":"b63537024250-3mm-eristekangas-metritavarana","status":"publish","type":"product","link":"https:\/\/shop.trikatex.fi\/sv\/product\/b63537024250-3mm-eristekangas-metritavarana\/","title":{"rendered":"B63537024250 3mm isoleringsduk som metervara"},"content":{"rendered":"<p>-pvc duk direkt fr\u00e5n rullen, rullbredd 2,5m. S\u00e4ljes per meter<\/p>\n<p>-f\u00e4rg: mellangr\u00e5<\/p>\n<p>&nbsp;<\/p>\n<p>Totalvikt<br \/>\nDIN ISO 2286\/2 1998<br \/>\n1450 g\/m2<br \/>\nSammans\u00e4ttning<br \/>\nPolyester + PVC<br \/>\nTyg (varp\/v\u00e4ft)<br \/>\nDIN ISO 2075<br \/>\nPolyester\/Polyester<br \/>\nLackering<br \/>\nblank\/gl\u00e4nsande - Efterbehandling: Gl\u00e4nsande<br \/>\nBrotth\u00e5llfasthet (varp\/v\u00e4ft)<br \/>\nISO 1421\/1 : 2016<br \/>\n4000 N\/5cm \/ 3500 N\/5cm<br \/>\nBrotth\u00e5llfasthet (varp\/v\u00e4ft)<br \/>\nDIN 53363 : 2003<br \/>\n600 N \/ 500 N<br \/>\nVidh\u00e4ftning<br \/>\nISO 2411 : 2017<br \/>\n120 N\/5cm<br \/>\nTemperaturbest\u00e4ndighet<br \/>\nEN 1876\/1 : 1998<br \/>\n-30\/+70 \u00b0C<br \/>\nLjusbest\u00e4ndighet (utom vit och (semi)transparent)<br \/>\nISO 105 B02 : 2014<br \/>\n7-8<br \/>\nBrandbeteende_FR_ (intern provning)<br \/>\nNF P 92-507:2004<br \/>\nM2<br \/>\nV\u00e4rmeledningsf\u00f6rm\u00e5ga<br \/>\n&lt;= 4 W\/(m\u00b2.K)<\/p>\n<p>&nbsp;<\/p>","protected":false},"excerpt":{"rendered":"<p>Skummad 1450 g\/m\u00b2, glansig teknisk v\u00e4v f\u00f6r skiljev\u00e4ggar, t\u00e4lt och industri. Antibakteriellt och UV-stabiliserat<\/p>\n<p>L\u00e4mplig f\u00f6r ljud och v\u00e4rmeisolering<\/p>\n<p><a href=\"https:\/\/shop.trikatex.fi\/wp-content\/uploads\/2025\/03\/b6353_en-2.pdf\">b6353_en (2)<\/a><\/p>\n<p><a href=\"https:\/\/shop.trikatex.fi\/wp-content\/uploads\/2025\/03\/B6353-voice-test-raport-FOAM-1450G_M2.pdf\">B6353 voice test raport FOAM 1450G_M2<\/a><\/p>","protected":false},"featured_media":2497,"template":"","meta":[],"product_brand":[],"product_cat":[96],"product_tag":[],"class_list":{"0":"post-2487","1":"product","2":"type-product","3":"status-publish","4":"has-post-thumbnail","6":"product_cat-material","7":"product_shipping_class-m-paket","9":"first","10":"instock","11":"taxable","12":"shipping-taxable","13":"purchasable","14":"product-type-simple"},"aioseo_notices":[],"_links":{"self":[{"href":"https:\/\/shop.trikatex.fi\/sv\/wp-json\/wp\/v2\/product\/2487","targetHints":{"allow":["GET"]}}],"collection":[{"href":"https:\/\/shop.trikatex.fi\/sv\/wp-json\/wp\/v2\/product"}],"about":[{"href":"https:\/\/shop.trikatex.fi\/sv\/wp-json\/wp\/v2\/types\/product"}],"wp:featuredmedia":[{"embeddable":true,"href":"https:\/\/shop.trikatex.fi\/sv\/wp-json\/wp\/v2\/media\/2497"}],"wp:attachment":[{"href":"https:\/\/shop.trikatex.fi\/sv\/wp-json\/wp\/v2\/media?parent=2487"}],"wp:term":[{"taxonomy":"product_brand","embeddable":true,"href":"https:\/\/shop.trikatex.fi\/sv\/wp-json\/wp\/v2\/product_brand?post=2487"},{"taxonomy":"product_cat","embeddable":true,"href":"https:\/\/shop.trikatex.fi\/sv\/wp-json\/wp\/v2\/product_cat?post=2487"},{"taxonomy":"product_tag","embeddable":true,"href":"https:\/\/shop.trikatex.fi\/sv\/wp-json\/wp\/v2\/product_tag?post=2487"}],"curies":[{"name":"wp","href":"https:\/\/api.w.org\/{rel}","templated":true}]}}