{"id":2507,"date":"2025-04-17T05:49:50","date_gmt":"2025-04-17T05:49:50","guid":{"rendered":"https:\/\/shop.trikatex.fi\/?post_type=product&#038;p=2507"},"modified":"2025-04-17T06:33:21","modified_gmt":"2025-04-17T06:33:21","slug":"001-21-22-purjerengastyokalu-22-5x13-5mm-soikea","status":"publish","type":"product","link":"https:\/\/shop.trikatex.fi\/sv\/product\/001-21-22-purjerengastyokalu-22-5x13-5mm-soikea\/","title":{"rendered":"001.21.22  segelringsverktyg 22.5x13.5mm oval"},"content":{"rendered":"<p>Passande produkter<\/p>\n<p>-segelring 22x13 m\u00e4ssing 01022211<\/p>\n<p>-h\u00e5lverktyg 002.21.22 och 50062200<\/p>","protected":false},"excerpt":{"rendered":"<p>H\u00f6gkvalitativ segelringsverktyg f\u00f6r g\u00f6r-det-sj\u00e4lvaren och l\u00e4ttare professionell anv\u00e4ndning.<\/p>\n<p>Segelringsverktyg 22.5x13.5mm oval<\/p>\n<p>-1st i f\u00f6rpackning<\/p>\n<p>&nbsp;<\/p>\n<p>&nbsp;<\/p>","protected":false},"featured_media":2505,"template":"","meta":[],"product_brand":[],"product_cat":[77,37,32],"product_tag":[],"class_list":{"0":"post-2507","1":"product","2":"type-product","3":"status-publish","4":"has-post-thumbnail","6":"product_cat-oheistarvikkeet-tyokalut","7":"product_cat-tarvikkeet-km-tyokalut","8":"product_cat-tarvikkeet-ov-tyokalut","9":"product_shipping_class-s-paket","11":"first","12":"instock","13":"taxable","14":"shipping-taxable","15":"purchasable","16":"product-type-simple"},"aioseo_notices":[],"_links":{"self":[{"href":"https:\/\/shop.trikatex.fi\/sv\/wp-json\/wp\/v2\/product\/2507","targetHints":{"allow":["GET"]}}],"collection":[{"href":"https:\/\/shop.trikatex.fi\/sv\/wp-json\/wp\/v2\/product"}],"about":[{"href":"https:\/\/shop.trikatex.fi\/sv\/wp-json\/wp\/v2\/types\/product"}],"wp:featuredmedia":[{"embeddable":true,"href":"https:\/\/shop.trikatex.fi\/sv\/wp-json\/wp\/v2\/media\/2505"}],"wp:attachment":[{"href":"https:\/\/shop.trikatex.fi\/sv\/wp-json\/wp\/v2\/media?parent=2507"}],"wp:term":[{"taxonomy":"product_brand","embeddable":true,"href":"https:\/\/shop.trikatex.fi\/sv\/wp-json\/wp\/v2\/product_brand?post=2507"},{"taxonomy":"product_cat","embeddable":true,"href":"https:\/\/shop.trikatex.fi\/sv\/wp-json\/wp\/v2\/product_cat?post=2507"},{"taxonomy":"product_tag","embeddable":true,"href":"https:\/\/shop.trikatex.fi\/sv\/wp-json\/wp\/v2\/product_tag?post=2507"}],"curies":[{"name":"wp","href":"https:\/\/api.w.org\/{rel}","templated":true}]}}