{"id":2509,"date":"2025-04-17T06:20:14","date_gmt":"2025-04-17T06:20:14","guid":{"rendered":"https:\/\/shop.trikatex.fi\/?post_type=product&#038;p=2509"},"modified":"2025-04-17T06:28:46","modified_gmt":"2025-04-17T06:28:46","slug":"001-15-30-purjerengastyokalu16mm","status":"publish","type":"product","link":"https:\/\/shop.trikatex.fi\/sv\/product\/001-15-30-purjerengastyokalu16mm\/","title":{"rendered":"001.15.30 segelringsverktyg 16mm"},"content":{"rendered":"<p>Passande produkt<\/p>\n<p>01011611 Segelring 16mm h\u00e5l<\/p>","protected":false},"excerpt":{"rendered":"<p>H\u00f6gkvalitativ segelringsverktyg f\u00f6r g\u00f6r-det-sj\u00e4lvaren och l\u00e4ttare professionell anv\u00e4ndning.<\/p>\n<p>Segelringsverktyg 16mm<\/p>\n<p>-1st i f\u00f6rpackning<\/p>\n<p>&nbsp;<\/p>\n<p>&nbsp;<\/p>","protected":false},"featured_media":2504,"template":"","meta":[],"product_brand":[],"product_cat":[77,37,32],"product_tag":[],"class_list":{"0":"post-2509","1":"product","2":"type-product","3":"status-publish","4":"has-post-thumbnail","6":"product_cat-oheistarvikkeet-tyokalut","7":"product_cat-tarvikkeet-km-tyokalut","8":"product_cat-tarvikkeet-ov-tyokalut","9":"product_shipping_class-s-paket","11":"first","12":"instock","13":"taxable","14":"shipping-taxable","15":"purchasable","16":"product-type-simple"},"aioseo_notices":[],"_links":{"self":[{"href":"https:\/\/shop.trikatex.fi\/sv\/wp-json\/wp\/v2\/product\/2509","targetHints":{"allow":["GET"]}}],"collection":[{"href":"https:\/\/shop.trikatex.fi\/sv\/wp-json\/wp\/v2\/product"}],"about":[{"href":"https:\/\/shop.trikatex.fi\/sv\/wp-json\/wp\/v2\/types\/product"}],"wp:featuredmedia":[{"embeddable":true,"href":"https:\/\/shop.trikatex.fi\/sv\/wp-json\/wp\/v2\/media\/2504"}],"wp:attachment":[{"href":"https:\/\/shop.trikatex.fi\/sv\/wp-json\/wp\/v2\/media?parent=2509"}],"wp:term":[{"taxonomy":"product_brand","embeddable":true,"href":"https:\/\/shop.trikatex.fi\/sv\/wp-json\/wp\/v2\/product_brand?post=2509"},{"taxonomy":"product_cat","embeddable":true,"href":"https:\/\/shop.trikatex.fi\/sv\/wp-json\/wp\/v2\/product_cat?post=2509"},{"taxonomy":"product_tag","embeddable":true,"href":"https:\/\/shop.trikatex.fi\/sv\/wp-json\/wp\/v2\/product_tag?post=2509"}],"curies":[{"name":"wp","href":"https:\/\/api.w.org\/{rel}","templated":true}]}}