{"id":2529,"date":"2025-06-16T07:36:05","date_gmt":"2025-06-16T07:36:05","guid":{"rendered":"https:\/\/shop.trikatex.fi\/?post_type=product&#038;p=2529"},"modified":"2025-07-23T11:43:26","modified_gmt":"2025-07-23T11:43:26","slug":"5228-820-tuuliverkko","status":"publish","type":"product","link":"https:\/\/shop.trikatex.fi\/sv\/product\/5228-820-tuuliverkko\/","title":{"rendered":"5228 820 Vindn\u00e4t"},"content":{"rendered":"<p>Bredd 2050mm<\/p>\n<p>S\u00e4ljs som metervara<\/p>\n<p>&nbsp;<\/p>\n<p>&nbsp;<\/p>\n<p>&nbsp;<\/p>\n<p>&nbsp;<\/p>\n<p>&nbsp;<\/p>","protected":false},"excerpt":{"rendered":"<p>Allround vindn\u00e4t 350 g\/m\u00b2) \u00e4r en polyesterv\u00e4v med flera anv\u00e4ndningsomr\u00e5den. Dess huvudsakliga anv\u00e4ndningsomr\u00e5den \u00e4r: presenningsd\u00f6rrar, draperier, stallskydd.<\/p>\n<p>-350g\/m2<\/p>\n<p>-F\u00e4rg: ljusgr\u00e5<\/p>\n<p>&nbsp;<\/p>\n<p>&nbsp;<\/p>\n<p>&nbsp;<\/p>","protected":false},"featured_media":2547,"template":"","meta":[],"product_brand":[],"product_cat":[96],"product_tag":[],"class_list":{"0":"post-2529","1":"product","2":"type-product","3":"status-publish","4":"has-post-thumbnail","6":"product_cat-material","7":"product_shipping_class-m-paket","9":"first","10":"instock","11":"taxable","12":"shipping-taxable","13":"purchasable","14":"product-type-simple"},"aioseo_notices":[],"_links":{"self":[{"href":"https:\/\/shop.trikatex.fi\/sv\/wp-json\/wp\/v2\/product\/2529","targetHints":{"allow":["GET"]}}],"collection":[{"href":"https:\/\/shop.trikatex.fi\/sv\/wp-json\/wp\/v2\/product"}],"about":[{"href":"https:\/\/shop.trikatex.fi\/sv\/wp-json\/wp\/v2\/types\/product"}],"wp:featuredmedia":[{"embeddable":true,"href":"https:\/\/shop.trikatex.fi\/sv\/wp-json\/wp\/v2\/media\/2547"}],"wp:attachment":[{"href":"https:\/\/shop.trikatex.fi\/sv\/wp-json\/wp\/v2\/media?parent=2529"}],"wp:term":[{"taxonomy":"product_brand","embeddable":true,"href":"https:\/\/shop.trikatex.fi\/sv\/wp-json\/wp\/v2\/product_brand?post=2529"},{"taxonomy":"product_cat","embeddable":true,"href":"https:\/\/shop.trikatex.fi\/sv\/wp-json\/wp\/v2\/product_cat?post=2529"},{"taxonomy":"product_tag","embeddable":true,"href":"https:\/\/shop.trikatex.fi\/sv\/wp-json\/wp\/v2\/product_tag?post=2529"}],"curies":[{"name":"wp","href":"https:\/\/api.w.org\/{rel}","templated":true}]}}