{"id":936,"date":"2023-11-15T16:05:29","date_gmt":"2023-11-15T16:05:29","guid":{"rendered":"https:\/\/shop.trikatex.fi\/?post_type=product&#038;p=936"},"modified":"2024-12-26T15:56:47","modified_gmt":"2024-12-26T15:56:47","slug":"31242820-ruuvilevy-rst","status":"publish","type":"product","link":"https:\/\/shop.trikatex.fi\/sv\/product\/31242820-ruuvilevy-rst\/","title":{"rendered":"31242820 skruvpl\u00e5t"},"content":{"rendered":"<p>-m\u00e5tt mellan h\u00e5len 28 mm<\/p>\n<p>&nbsp;<\/p>\n<p>&nbsp;<\/p>\n<p>&nbsp;<\/p>\n<p>&nbsp;<\/p>","protected":false},"excerpt":{"rendered":"<p>Skruvpl\u00e5t till bla 11071001 glirulle<\/p>\n<p>5st i f\u00f6rpackning<\/p>","protected":false},"featured_media":2216,"template":"","meta":[],"product_brand":[],"product_cat":[35,29,30],"product_tag":[],"class_list":{"0":"post-936","1":"product","2":"type-product","3":"status-publish","4":"has-post-thumbnail","6":"product_cat-tarvikkeet-km-liukurullat","7":"product_cat-tarvikkeet-ov-kiinitys","8":"product_cat-tarvikkeet-ov-liukurullat","9":"product_shipping_class-s-paket","11":"first","12":"instock","13":"taxable","14":"shipping-taxable","15":"purchasable","16":"product-type-simple"},"aioseo_notices":[],"_links":{"self":[{"href":"https:\/\/shop.trikatex.fi\/sv\/wp-json\/wp\/v2\/product\/936","targetHints":{"allow":["GET"]}}],"collection":[{"href":"https:\/\/shop.trikatex.fi\/sv\/wp-json\/wp\/v2\/product"}],"about":[{"href":"https:\/\/shop.trikatex.fi\/sv\/wp-json\/wp\/v2\/types\/product"}],"wp:featuredmedia":[{"embeddable":true,"href":"https:\/\/shop.trikatex.fi\/sv\/wp-json\/wp\/v2\/media\/2216"}],"wp:attachment":[{"href":"https:\/\/shop.trikatex.fi\/sv\/wp-json\/wp\/v2\/media?parent=936"}],"wp:term":[{"taxonomy":"product_brand","embeddable":true,"href":"https:\/\/shop.trikatex.fi\/sv\/wp-json\/wp\/v2\/product_brand?post=936"},{"taxonomy":"product_cat","embeddable":true,"href":"https:\/\/shop.trikatex.fi\/sv\/wp-json\/wp\/v2\/product_cat?post=936"},{"taxonomy":"product_tag","embeddable":true,"href":"https:\/\/shop.trikatex.fi\/sv\/wp-json\/wp\/v2\/product_tag?post=936"}],"curies":[{"name":"wp","href":"https:\/\/api.w.org\/{rel}","templated":true}]}}